{"id":6307,"date":"2026-04-07T21:01:57","date_gmt":"2026-04-07T21:01:57","guid":{"rendered":"https:\/\/educaredigital.online\/loja\/produto\/toque-e-sinta-conhecendo-os-dinossauros\/"},"modified":"2026-04-08T18:07:54","modified_gmt":"2026-04-08T18:07:54","slug":"toque-e-sinta-conhecendo-os-dinossauros","status":"publish","type":"product","link":"https:\/\/educaredigital.online\/loja\/produto\/toque-e-sinta-conhecendo-os-dinossauros\/","title":{"rendered":"Toque e Sinta! Conhecendo os Dinossauros"},"content":{"rendered":"<p><strong>Toque e Sinta! Conhecendo os Dinossauros<\/strong> \u00e9 uma op\u00e7\u00e3o divertida e educativa que convida as crian\u00e7as a explorarem o mundo dos dinossauros de forma interativa. Com \u00e1reas t\u00e1teis, os pequenos podem sentir diferentes texturas enquanto conhecem essas criaturas fascinantes.<\/p>\n<p>Com linguagem simples e ilustra\u00e7\u00f5es coloridas, o livro estimula a curiosidade, a percep\u00e7\u00e3o sensorial e a coordena\u00e7\u00e3o motora. Ideal para os primeiros anos, \u00e9 uma excelente forma de aprender brincando e despertar o interesse pelos dinossauros de maneira envolvente e divertida.<\/p>\n<div class=\"details-table-wrapper\">\n<table class=\"product-details-table\">\n<tbody>\n<tr>\n<td>Autor<\/td>\n<td>P\u00e9 da Letra<\/td>\n<\/tr>\n<tr>\n<td>ISBN<\/td>\n<td>9786558884750<\/td>\n<\/tr>\n<tr>\n<td>Editora<\/td>\n<td>P\u00e9 da Letra<\/td>\n<\/tr>\n<tr>\n<td>N\u00ba de p\u00e1ginas<\/td>\n<td>8<\/td>\n<\/tr>\n<\/tbody>\n<\/table>\n<\/div>\n","protected":false},"excerpt":{"rendered":"<p>Toque e Sinta! Conhecendo os Dinossauros \u00e9 uma op\u00e7\u00e3o divertida e educativa que convida as crian\u00e7as a explorarem o mundo dos dinossauros de forma interativa. Com \u00e1reas t\u00e1teis, os pequenos podem sentir diferentes texturas enquanto conhecem essas criaturas fascinantes. Com<\/p>\n","protected":false},"featured_media":6306,"comment_status":"open","ping_status":"closed","template":"","meta":[],"product_brand":[],"product_cat":[200],"product_tag":[],"class_list":{"0":"post-6307","1":"product","2":"type-product","3":"status-publish","6":"product_cat-0-a-3-anos","8":"first","9":"instock","10":"shipping-taxable","11":"purchasable","12":"product-type-simple"},"_links":{"self":[{"href":"https:\/\/educaredigital.online\/loja\/wp-json\/wp\/v2\/product\/6307","targetHints":{"allow":["GET"]}}],"collection":[{"href":"https:\/\/educaredigital.online\/loja\/wp-json\/wp\/v2\/product"}],"about":[{"href":"https:\/\/educaredigital.online\/loja\/wp-json\/wp\/v2\/types\/product"}],"replies":[{"embeddable":true,"href":"https:\/\/educaredigital.online\/loja\/wp-json\/wp\/v2\/comments?post=6307"}],"wp:featuredmedia":[{"embeddable":true,"href":"https:\/\/educaredigital.online\/loja\/wp-json\/wp\/v2\/media\/6306"}],"wp:attachment":[{"href":"https:\/\/educaredigital.online\/loja\/wp-json\/wp\/v2\/media?parent=6307"}],"wp:term":[{"taxonomy":"product_brand","embeddable":true,"href":"https:\/\/educaredigital.online\/loja\/wp-json\/wp\/v2\/product_brand?post=6307"},{"taxonomy":"product_cat","embeddable":true,"href":"https:\/\/educaredigital.online\/loja\/wp-json\/wp\/v2\/product_cat?post=6307"},{"taxonomy":"product_tag","embeddable":true,"href":"https:\/\/educaredigital.online\/loja\/wp-json\/wp\/v2\/product_tag?post=6307"}],"curies":[{"name":"wp","href":"https:\/\/api.w.org\/{rel}","templated":true}]}}