{"id":6285,"date":"2026-04-07T21:01:44","date_gmt":"2026-04-07T21:01:44","guid":{"rendered":"https:\/\/educaredigital.online\/loja\/produto\/os-templarios\/"},"modified":"2026-04-08T17:50:02","modified_gmt":"2026-04-08T17:50:02","slug":"os-templarios","status":"publish","type":"product","link":"https:\/\/educaredigital.online\/loja\/produto\/os-templarios\/","title":{"rendered":"Os Templ\u00e1rios"},"content":{"rendered":"<p><strong>Os Templ\u00e1rios<\/strong> apresenta a trajet\u00f3ria da Ordem dos Cavaleiros Templ\u00e1rios, um dos grupos mais fascinantes da hist\u00f3ria. Surgida durante as Cruzadas, a ordem tinha como miss\u00e3o proteger peregrinos e defender territ\u00f3rios crist\u00e3os.<\/p>\n<p>A obra explora aspectos hist\u00f3ricos, pol\u00edticos e at\u00e9 lend\u00e1rios envolvendo os templ\u00e1rios, incluindo seu crescimento em poder e riqueza, bem como seu misterioso decl\u00ednio. Com uma abordagem envolvente, \u00e9 ideal para quem se interessa por hist\u00f3ria, religi\u00e3o e os mist\u00e9rios que cercam a Idade M\u00e9dia.<\/p>\n<div class=\"details-table-wrapper\">\n<table class=\"product-details-table\">\n<tbody>\n<tr>\n<td>Autor<\/td>\n<td>Geordie Torr<\/td>\n<\/tr>\n<tr>\n<td>ISBN<\/td>\n<td>9786558880509<\/td>\n<\/tr>\n<tr>\n<td>Editora<\/td>\n<td>P\u00e9 da Letra<\/td>\n<\/tr>\n<tr>\n<td>N\u00ba de p\u00e1ginas<\/td>\n<td>256<\/td>\n<\/tr>\n<\/tbody>\n<\/table>\n<\/div>\n","protected":false},"excerpt":{"rendered":"<p>Os Templ\u00e1rios apresenta a trajet\u00f3ria da Ordem dos Cavaleiros Templ\u00e1rios, um dos grupos mais fascinantes da hist\u00f3ria. Surgida durante as Cruzadas, a ordem tinha como miss\u00e3o proteger peregrinos e defender territ\u00f3rios crist\u00e3os. A obra explora aspectos hist\u00f3ricos, pol\u00edticos e at\u00e9<\/p>\n","protected":false},"featured_media":6284,"comment_status":"open","ping_status":"closed","template":"","meta":[],"product_brand":[],"product_cat":[207],"product_tag":[],"class_list":{"0":"post-6285","1":"product","2":"type-product","3":"status-publish","6":"product_cat-ensino-medio-1o-ao-3o","8":"first","9":"instock","10":"shipping-taxable","11":"purchasable","12":"product-type-simple"},"_links":{"self":[{"href":"https:\/\/educaredigital.online\/loja\/wp-json\/wp\/v2\/product\/6285","targetHints":{"allow":["GET"]}}],"collection":[{"href":"https:\/\/educaredigital.online\/loja\/wp-json\/wp\/v2\/product"}],"about":[{"href":"https:\/\/educaredigital.online\/loja\/wp-json\/wp\/v2\/types\/product"}],"replies":[{"embeddable":true,"href":"https:\/\/educaredigital.online\/loja\/wp-json\/wp\/v2\/comments?post=6285"}],"wp:featuredmedia":[{"embeddable":true,"href":"https:\/\/educaredigital.online\/loja\/wp-json\/wp\/v2\/media\/6284"}],"wp:attachment":[{"href":"https:\/\/educaredigital.online\/loja\/wp-json\/wp\/v2\/media?parent=6285"}],"wp:term":[{"taxonomy":"product_brand","embeddable":true,"href":"https:\/\/educaredigital.online\/loja\/wp-json\/wp\/v2\/product_brand?post=6285"},{"taxonomy":"product_cat","embeddable":true,"href":"https:\/\/educaredigital.online\/loja\/wp-json\/wp\/v2\/product_cat?post=6285"},{"taxonomy":"product_tag","embeddable":true,"href":"https:\/\/educaredigital.online\/loja\/wp-json\/wp\/v2\/product_tag?post=6285"}],"curies":[{"name":"wp","href":"https:\/\/api.w.org\/{rel}","templated":true}]}}