{"id":6281,"date":"2026-04-07T21:01:38","date_gmt":"2026-04-07T21:01:38","guid":{"rendered":"https:\/\/educaredigital.online\/loja\/produto\/sherlock-holmes-um-estudo-em-vermelho-capa-dura\/"},"modified":"2026-04-09T14:42:13","modified_gmt":"2026-04-09T14:42:13","slug":"sherlock-holmes-um-estudo-em-vermelho-capa-dura","status":"publish","type":"product","link":"https:\/\/educaredigital.online\/loja\/produto\/sherlock-holmes-um-estudo-em-vermelho-capa-dura\/","title":{"rendered":"Sherlock Holmes: Um Estudo em Vermelho &#8211; Capa Dura"},"content":{"rendered":"<p><strong>Sherlock Holmes: Um Estudo em Vermelho<\/strong>, de <em>Arthur Conan Doyle<\/em>, \u00e9 a obra que marca a primeira apari\u00e7\u00e3o do famoso detetive Sherlock Holmes e de seu fiel companheiro Dr. Watson.<\/p>\n<p>Na hist\u00f3ria, um misterioso assassinato leva Holmes a iniciar uma investiga\u00e7\u00e3o cheia de pistas enigm\u00e1ticas e conex\u00f5es inesperadas. Com seu racioc\u00ednio l\u00f3gico e habilidades de dedu\u00e7\u00e3o, ele desvenda um caso que vai muito al\u00e9m do que parece \u00e0 primeira vista.<\/p>\n<p>Com narrativa envolvente e cheia de suspense, esta edi\u00e7\u00e3o em capa dura \u00e9 ideal para quem deseja conhecer a origem de Sherlock Holmes e mergulhar em um dos cl\u00e1ssicos mais importantes da literatura policial.<\/p>\n<div class=\"details-table-wrapper\">\n<table class=\"product-details-table\">\n<tbody>\n<tr>\n<td>Autor<\/td>\n<td>Arthur Conan Doyle<\/td>\n<\/tr>\n<tr>\n<td>ISBN<\/td>\n<td>9788595201873<\/td>\n<\/tr>\n<tr>\n<td>Editora<\/td>\n<td>P\u00e9 Da Letra<\/td>\n<\/tr>\n<tr>\n<td>N\u00ba de p\u00e1ginas<\/td>\n<td>94<\/td>\n<\/tr>\n<\/tbody>\n<\/table>\n<\/div>\n","protected":false},"excerpt":{"rendered":"<p>Sherlock Holmes: Um Estudo em Vermelho, de Arthur Conan Doyle, \u00e9 a obra que marca a primeira apari\u00e7\u00e3o do famoso detetive Sherlock Holmes e de seu fiel companheiro Dr. Watson. Na hist\u00f3ria, um misterioso assassinato leva Holmes a iniciar uma<\/p>\n","protected":false},"featured_media":6280,"comment_status":"open","ping_status":"closed","template":"","meta":[],"product_brand":[],"product_cat":[205],"product_tag":[],"class_list":{"0":"post-6281","1":"product","2":"type-product","3":"status-publish","6":"product_cat-fundamental-4-ao-5","8":"first","9":"instock","10":"shipping-taxable","11":"purchasable","12":"product-type-simple"},"_links":{"self":[{"href":"https:\/\/educaredigital.online\/loja\/wp-json\/wp\/v2\/product\/6281","targetHints":{"allow":["GET"]}}],"collection":[{"href":"https:\/\/educaredigital.online\/loja\/wp-json\/wp\/v2\/product"}],"about":[{"href":"https:\/\/educaredigital.online\/loja\/wp-json\/wp\/v2\/types\/product"}],"replies":[{"embeddable":true,"href":"https:\/\/educaredigital.online\/loja\/wp-json\/wp\/v2\/comments?post=6281"}],"wp:featuredmedia":[{"embeddable":true,"href":"https:\/\/educaredigital.online\/loja\/wp-json\/wp\/v2\/media\/6280"}],"wp:attachment":[{"href":"https:\/\/educaredigital.online\/loja\/wp-json\/wp\/v2\/media?parent=6281"}],"wp:term":[{"taxonomy":"product_brand","embeddable":true,"href":"https:\/\/educaredigital.online\/loja\/wp-json\/wp\/v2\/product_brand?post=6281"},{"taxonomy":"product_cat","embeddable":true,"href":"https:\/\/educaredigital.online\/loja\/wp-json\/wp\/v2\/product_cat?post=6281"},{"taxonomy":"product_tag","embeddable":true,"href":"https:\/\/educaredigital.online\/loja\/wp-json\/wp\/v2\/product_tag?post=6281"}],"curies":[{"name":"wp","href":"https:\/\/api.w.org\/{rel}","templated":true}]}}