{"id":6279,"date":"2026-04-07T21:01:36","date_gmt":"2026-04-07T21:01:36","guid":{"rendered":"https:\/\/educaredigital.online\/loja\/produto\/sherlock-holmes-um-escandalo-na-boemia-capa-dura\/"},"modified":"2026-04-09T14:42:13","modified_gmt":"2026-04-09T14:42:13","slug":"sherlock-holmes-um-escandalo-na-boemia-capa-dura","status":"publish","type":"product","link":"https:\/\/educaredigital.online\/loja\/produto\/sherlock-holmes-um-escandalo-na-boemia-capa-dura\/","title":{"rendered":"Sherlock Holmes: Um Esc\u00e2ndalo na Bo\u00eamia &#8211; Capa Dura"},"content":{"rendered":"<p data-start=\"0\" data-end=\"183\"><strong><span class=\"hover:entity-accent entity-underline inline cursor-pointer align-baseline\"><span class=\"whitespace-normal\">Sherlock Holmes: Um Esc\u00e2ndalo na Bo\u00eamia<\/span><\/span><\/strong>, de <em><span class=\"hover:entity-accent entity-underline inline cursor-pointer align-baseline\"><span class=\"whitespace-normal\">Arthur Conan Doyle<\/span><\/span><\/em>, traz uma das hist\u00f3rias mais ic\u00f4nicas do famoso detetive <span class=\"hover:entity-accent entity-underline inline cursor-pointer align-baseline\"><span class=\"whitespace-normal\">Sherlock Holmes<\/span><\/span>.<\/p>\n<p data-start=\"185\" data-end=\"489\">Neste conto, Holmes \u00e9 contratado para recuperar uma fotografia comprometedora que pode causar um grande esc\u00e2ndalo envolvendo a realeza. No entanto, ele enfrenta uma advers\u00e1ria \u00e0 altura: a inteligente e enigm\u00e1tica <span class=\"hover:entity-accent entity-underline inline cursor-pointer align-baseline\"><span class=\"whitespace-normal\">Irene Adler<\/span><\/span>, que desafia suas habilidades como poucos j\u00e1 fizeram.<\/p>\n<p data-start=\"491\" data-end=\"681\" data-is-last-node=\"\" data-is-only-node=\"\">Com uma narrativa envolvente e cheia de eleg\u00e2ncia, esta edi\u00e7\u00e3o em capa dura \u00e9 ideal para quem aprecia hist\u00f3rias policiais cl\u00e1ssicas, repletas de estrat\u00e9gia, ast\u00facia e personagens memor\u00e1veis.<\/p>\n<div class=\"details-table-wrapper\">\n<table class=\"product-details-table\">\n<tbody>\n<tr>\n<td>Autor<\/td>\n<td>Arthur Conan Doyle<\/td>\n<\/tr>\n<tr>\n<td>ISBN<\/td>\n<td>9788595201880<\/td>\n<\/tr>\n<tr>\n<td>Editora<\/td>\n<td>P\u00e9 Da Letra<\/td>\n<\/tr>\n<tr>\n<td>N\u00ba de p\u00e1ginas<\/td>\n<td>94<\/td>\n<\/tr>\n<\/tbody>\n<\/table>\n<\/div>\n","protected":false},"excerpt":{"rendered":"<p>Sherlock Holmes: Um Esc\u00e2ndalo na Bo\u00eamia, de Arthur Conan Doyle, traz uma das hist\u00f3rias mais ic\u00f4nicas do famoso detetive Sherlock Holmes. Neste conto, Holmes \u00e9 contratado para recuperar uma fotografia comprometedora que pode causar um grande esc\u00e2ndalo envolvendo a realeza.<\/p>\n","protected":false},"featured_media":6278,"comment_status":"open","ping_status":"closed","template":"","meta":[],"product_brand":[],"product_cat":[205],"product_tag":[],"class_list":{"0":"post-6279","1":"product","2":"type-product","3":"status-publish","6":"product_cat-fundamental-4-ao-5","8":"first","9":"instock","10":"shipping-taxable","11":"purchasable","12":"product-type-simple"},"_links":{"self":[{"href":"https:\/\/educaredigital.online\/loja\/wp-json\/wp\/v2\/product\/6279","targetHints":{"allow":["GET"]}}],"collection":[{"href":"https:\/\/educaredigital.online\/loja\/wp-json\/wp\/v2\/product"}],"about":[{"href":"https:\/\/educaredigital.online\/loja\/wp-json\/wp\/v2\/types\/product"}],"replies":[{"embeddable":true,"href":"https:\/\/educaredigital.online\/loja\/wp-json\/wp\/v2\/comments?post=6279"}],"wp:featuredmedia":[{"embeddable":true,"href":"https:\/\/educaredigital.online\/loja\/wp-json\/wp\/v2\/media\/6278"}],"wp:attachment":[{"href":"https:\/\/educaredigital.online\/loja\/wp-json\/wp\/v2\/media?parent=6279"}],"wp:term":[{"taxonomy":"product_brand","embeddable":true,"href":"https:\/\/educaredigital.online\/loja\/wp-json\/wp\/v2\/product_brand?post=6279"},{"taxonomy":"product_cat","embeddable":true,"href":"https:\/\/educaredigital.online\/loja\/wp-json\/wp\/v2\/product_cat?post=6279"},{"taxonomy":"product_tag","embeddable":true,"href":"https:\/\/educaredigital.online\/loja\/wp-json\/wp\/v2\/product_tag?post=6279"}],"curies":[{"name":"wp","href":"https:\/\/api.w.org\/{rel}","templated":true}]}}