{"id":6268,"date":"2026-04-07T21:01:29","date_gmt":"2026-04-07T21:01:29","guid":{"rendered":"https:\/\/educaredigital.online\/loja\/produto\/sentimentos-e-virtudes-acolchoado-humildade\/"},"modified":"2026-04-08T17:17:36","modified_gmt":"2026-04-08T17:17:36","slug":"sentimentos-e-virtudes-acolchoado-humildade","status":"publish","type":"product","link":"https:\/\/educaredigital.online\/loja\/produto\/sentimentos-e-virtudes-acolchoado-humildade\/","title":{"rendered":"Sentimentos e Virtudes Acolchoado &#8211; Humildade"},"content":{"rendered":"<p><strong>Sentimentos e Virtudes Acolchoado &#8211; Humildade<\/strong> \u00e9 uma obra sens\u00edvel que ensina \u00e0s crian\u00e7as a import\u00e2ncia de reconhecer seus pr\u00f3prios limites, respeitar os outros e agir com simplicidade e empatia.<\/p>\n<p>Com uma narrativa leve e situa\u00e7\u00f5es do cotidiano, o livro mostra como a humildade pode fortalecer as rela\u00e7\u00f5es e contribuir para uma conviv\u00eancia mais harmoniosa. Com linguagem acess\u00edvel e ilustra\u00e7\u00f5es atrativas, \u00e9 ideal para trabalhar valores essenciais de forma l\u00fadica e significativa.<\/p>\n<div class=\"details-table-wrapper\">\n<table class=\"product-details-table\">\n<tbody>\n<tr>\n<td>Autor<\/td>\n<td>James Misse<\/td>\n<\/tr>\n<tr>\n<td>ISBN<\/td>\n<td>9786558889496<\/td>\n<\/tr>\n<tr>\n<td>Editora<\/td>\n<td>P\u00e9 da Letra<\/td>\n<\/tr>\n<tr>\n<td>N\u00ba de p\u00e1ginas<\/td>\n<td>20<\/td>\n<\/tr>\n<\/tbody>\n<\/table>\n<\/div>\n","protected":false},"excerpt":{"rendered":"<p>Sentimentos e Virtudes Acolchoado &#8211; Humildade \u00e9 uma obra sens\u00edvel que ensina \u00e0s crian\u00e7as a import\u00e2ncia de reconhecer seus pr\u00f3prios limites, respeitar os outros e agir com simplicidade e empatia. Com uma narrativa leve e situa\u00e7\u00f5es do cotidiano, o livro<\/p>\n","protected":false},"featured_media":6262,"comment_status":"open","ping_status":"closed","template":"","meta":[],"product_brand":[],"product_cat":[201],"product_tag":[],"class_list":{"0":"post-6268","1":"product","2":"type-product","3":"status-publish","6":"product_cat-livros-4-e-5-anos","8":"first","9":"instock","10":"shipping-taxable","11":"purchasable","12":"product-type-simple"},"_links":{"self":[{"href":"https:\/\/educaredigital.online\/loja\/wp-json\/wp\/v2\/product\/6268","targetHints":{"allow":["GET"]}}],"collection":[{"href":"https:\/\/educaredigital.online\/loja\/wp-json\/wp\/v2\/product"}],"about":[{"href":"https:\/\/educaredigital.online\/loja\/wp-json\/wp\/v2\/types\/product"}],"replies":[{"embeddable":true,"href":"https:\/\/educaredigital.online\/loja\/wp-json\/wp\/v2\/comments?post=6268"}],"wp:featuredmedia":[{"embeddable":true,"href":"https:\/\/educaredigital.online\/loja\/wp-json\/wp\/v2\/media\/6262"}],"wp:attachment":[{"href":"https:\/\/educaredigital.online\/loja\/wp-json\/wp\/v2\/media?parent=6268"}],"wp:term":[{"taxonomy":"product_brand","embeddable":true,"href":"https:\/\/educaredigital.online\/loja\/wp-json\/wp\/v2\/product_brand?post=6268"},{"taxonomy":"product_cat","embeddable":true,"href":"https:\/\/educaredigital.online\/loja\/wp-json\/wp\/v2\/product_cat?post=6268"},{"taxonomy":"product_tag","embeddable":true,"href":"https:\/\/educaredigital.online\/loja\/wp-json\/wp\/v2\/product_tag?post=6268"}],"curies":[{"name":"wp","href":"https:\/\/api.w.org\/{rel}","templated":true}]}}