{"id":6267,"date":"2026-04-07T21:01:28","date_gmt":"2026-04-07T21:01:28","guid":{"rendered":"https:\/\/educaredigital.online\/loja\/produto\/sentimentos-e-virtudes-acolchoado-gratidao\/"},"modified":"2026-04-08T17:16:55","modified_gmt":"2026-04-08T17:16:55","slug":"sentimentos-e-virtudes-acolchoado-gratidao","status":"publish","type":"product","link":"https:\/\/educaredigital.online\/loja\/produto\/sentimentos-e-virtudes-acolchoado-gratidao\/","title":{"rendered":"Sentimentos e Virtudes Acolchoado &#8211; Gratid\u00e3o"},"content":{"rendered":"<p><strong>Sentimentos e Virtudes Acolchoado &#8211; Gratid\u00e3o<\/strong> \u00e9 uma obra delicada que ensina \u00e0s crian\u00e7as a import\u00e2ncia de reconhecer e valorizar as coisas boas da vida. A hist\u00f3ria apresenta situa\u00e7\u00f5es do cotidiano que incentivam o sentimento de gratid\u00e3o de forma simples e acess\u00edvel.<\/p>\n<p>Com linguagem leve e ilustra\u00e7\u00f5es coloridas, o livro contribui para o desenvolvimento emocional e a forma\u00e7\u00e3o de valores positivos. Ideal para os pequenos, \u00e9 uma excelente op\u00e7\u00e3o para estimular atitudes de agradecimento e promover uma conviv\u00eancia mais harmoniosa.<\/p>\n<div class=\"details-table-wrapper\">\n<table class=\"product-details-table\">\n<tbody>\n<tr>\n<td>Autor<\/td>\n<td>James Misse<\/td>\n<\/tr>\n<tr>\n<td>ISBN<\/td>\n<td>9786558889465<\/td>\n<\/tr>\n<tr>\n<td>Editora<\/td>\n<td>P\u00e9 da Letra<\/td>\n<\/tr>\n<tr>\n<td>N\u00ba de p\u00e1ginas<\/td>\n<td>20<\/td>\n<\/tr>\n<\/tbody>\n<\/table>\n<\/div>\n","protected":false},"excerpt":{"rendered":"<p>Sentimentos e Virtudes Acolchoado &#8211; Gratid\u00e3o \u00e9 uma obra delicada que ensina \u00e0s crian\u00e7as a import\u00e2ncia de reconhecer e valorizar as coisas boas da vida. A hist\u00f3ria apresenta situa\u00e7\u00f5es do cotidiano que incentivam o sentimento de gratid\u00e3o de forma simples<\/p>\n","protected":false},"featured_media":6260,"comment_status":"open","ping_status":"closed","template":"","meta":[],"product_brand":[],"product_cat":[201],"product_tag":[],"class_list":{"0":"post-6267","1":"product","2":"type-product","3":"status-publish","6":"product_cat-livros-4-e-5-anos","8":"first","9":"instock","10":"shipping-taxable","11":"purchasable","12":"product-type-simple"},"_links":{"self":[{"href":"https:\/\/educaredigital.online\/loja\/wp-json\/wp\/v2\/product\/6267","targetHints":{"allow":["GET"]}}],"collection":[{"href":"https:\/\/educaredigital.online\/loja\/wp-json\/wp\/v2\/product"}],"about":[{"href":"https:\/\/educaredigital.online\/loja\/wp-json\/wp\/v2\/types\/product"}],"replies":[{"embeddable":true,"href":"https:\/\/educaredigital.online\/loja\/wp-json\/wp\/v2\/comments?post=6267"}],"wp:featuredmedia":[{"embeddable":true,"href":"https:\/\/educaredigital.online\/loja\/wp-json\/wp\/v2\/media\/6260"}],"wp:attachment":[{"href":"https:\/\/educaredigital.online\/loja\/wp-json\/wp\/v2\/media?parent=6267"}],"wp:term":[{"taxonomy":"product_brand","embeddable":true,"href":"https:\/\/educaredigital.online\/loja\/wp-json\/wp\/v2\/product_brand?post=6267"},{"taxonomy":"product_cat","embeddable":true,"href":"https:\/\/educaredigital.online\/loja\/wp-json\/wp\/v2\/product_cat?post=6267"},{"taxonomy":"product_tag","embeddable":true,"href":"https:\/\/educaredigital.online\/loja\/wp-json\/wp\/v2\/product_tag?post=6267"}],"curies":[{"name":"wp","href":"https:\/\/api.w.org\/{rel}","templated":true}]}}