{"id":6265,"date":"2026-04-07T21:01:26","date_gmt":"2026-04-07T21:01:26","guid":{"rendered":"https:\/\/educaredigital.online\/loja\/produto\/sentimentos-e-virtudes-paciencia\/"},"modified":"2026-04-08T17:06:21","modified_gmt":"2026-04-08T17:06:21","slug":"sentimentos-e-virtudes-paciencia","status":"publish","type":"product","link":"https:\/\/educaredigital.online\/loja\/produto\/sentimentos-e-virtudes-paciencia\/","title":{"rendered":"Sentimentos e Virtudes &#8211; Paci\u00eancia"},"content":{"rendered":"<p><strong>Sentimentos e Virtudes &#8211; Paci\u00eancia<\/strong> \u00e9 uma obra que ensina, de forma simples e acess\u00edvel, a import\u00e2ncia de saber esperar, controlar a ansiedade e lidar com o tempo de cada situa\u00e7\u00e3o.<\/p>\n<p>Por meio de uma narrativa leve e situa\u00e7\u00f5es do cotidiano, o livro ajuda as crian\u00e7as a compreenderem como a paci\u00eancia pode trazer resultados positivos e melhorar a conviv\u00eancia. Com ilustra\u00e7\u00f5es coloridas e linguagem clara, \u00e9 ideal para desenvolver o autocontrole e fortalecer valores importantes desde cedo.<\/p>\n<div class=\"details-table-wrapper\">\n<table class=\"product-details-table\">\n<tbody>\n<tr>\n<td>Autor<\/td>\n<td>James Misse<\/td>\n<\/tr>\n<tr>\n<td>ISBN<\/td>\n<td>9786558887874<\/td>\n<\/tr>\n<tr>\n<td>Editora<\/td>\n<td>P\u00e9 da Letra<\/td>\n<\/tr>\n<tr>\n<td>N\u00ba de p\u00e1ginas<\/td>\n<td>21<\/td>\n<\/tr>\n<\/tbody>\n<\/table>\n<\/div>\n","protected":false},"excerpt":{"rendered":"<p>Sentimentos e Virtudes &#8211; Paci\u00eancia \u00e9 uma obra que ensina, de forma simples e acess\u00edvel, a import\u00e2ncia de saber esperar, controlar a ansiedade e lidar com o tempo de cada situa\u00e7\u00e3o. Por meio de uma narrativa leve e situa\u00e7\u00f5es do<\/p>\n","protected":false},"featured_media":6264,"comment_status":"open","ping_status":"closed","template":"","meta":[],"product_brand":[],"product_cat":[201],"product_tag":[],"class_list":{"0":"post-6265","1":"product","2":"type-product","3":"status-publish","6":"product_cat-livros-4-e-5-anos","8":"first","9":"instock","10":"shipping-taxable","11":"purchasable","12":"product-type-simple"},"_links":{"self":[{"href":"https:\/\/educaredigital.online\/loja\/wp-json\/wp\/v2\/product\/6265","targetHints":{"allow":["GET"]}}],"collection":[{"href":"https:\/\/educaredigital.online\/loja\/wp-json\/wp\/v2\/product"}],"about":[{"href":"https:\/\/educaredigital.online\/loja\/wp-json\/wp\/v2\/types\/product"}],"replies":[{"embeddable":true,"href":"https:\/\/educaredigital.online\/loja\/wp-json\/wp\/v2\/comments?post=6265"}],"wp:featuredmedia":[{"embeddable":true,"href":"https:\/\/educaredigital.online\/loja\/wp-json\/wp\/v2\/media\/6264"}],"wp:attachment":[{"href":"https:\/\/educaredigital.online\/loja\/wp-json\/wp\/v2\/media?parent=6265"}],"wp:term":[{"taxonomy":"product_brand","embeddable":true,"href":"https:\/\/educaredigital.online\/loja\/wp-json\/wp\/v2\/product_brand?post=6265"},{"taxonomy":"product_cat","embeddable":true,"href":"https:\/\/educaredigital.online\/loja\/wp-json\/wp\/v2\/product_cat?post=6265"},{"taxonomy":"product_tag","embeddable":true,"href":"https:\/\/educaredigital.online\/loja\/wp-json\/wp\/v2\/product_tag?post=6265"}],"curies":[{"name":"wp","href":"https:\/\/api.w.org\/{rel}","templated":true}]}}