{"id":6263,"date":"2026-04-07T21:01:25","date_gmt":"2026-04-07T21:01:25","guid":{"rendered":"https:\/\/educaredigital.online\/loja\/produto\/sentimentos-e-virtudes-humildade\/"},"modified":"2026-04-08T17:06:54","modified_gmt":"2026-04-08T17:06:54","slug":"sentimentos-e-virtudes-humildade","status":"publish","type":"product","link":"https:\/\/educaredigital.online\/loja\/produto\/sentimentos-e-virtudes-humildade\/","title":{"rendered":"Sentimentos e Virtudes &#8211; Humildade"},"content":{"rendered":"<div class=\"text-base my-auto mx-auto [--thread-content-margin:var(--thread-content-margin-xs,calc(var(--spacing)*4))] @w-sm\/main:[--thread-content-margin:var(--thread-content-margin-sm,calc(var(--spacing)*6))] @w-lg\/main:[--thread-content-margin:var(--thread-content-margin-lg,calc(var(--spacing)*16))] px-(--thread-content-margin)\">\n<div class=\"[--thread-content-max-width:40rem] @w-lg\/main:[--thread-content-max-width:48rem] mx-auto max-w-(--thread-content-max-width) flex-1 group\/turn-messages focus-visible:outline-hidden relative flex w-full min-w-0 flex-col agent-turn\">\n<div class=\"flex max-w-full flex-col gap-4 grow\">\n<div class=\"min-h-8 text-message relative flex w-full flex-col items-end gap-2 text-start break-words whitespace-normal outline-none keyboard-focused:focus-ring [.text-message+&amp;]:mt-1\" dir=\"auto\" data-message-author-role=\"assistant\" data-message-id=\"0b0dca6e-e2b9-4d1b-9b4a-2f50d757dd45\" data-message-model-slug=\"gpt-5-3\">\n<div class=\"flex w-full flex-col gap-1 empty:hidden\">\n<div class=\"markdown prose dark:prose-invert w-full wrap-break-word dark markdown-new-styling\">\n<p data-start=\"0\" data-end=\"194\"><strong><span class=\"hover:entity-accent entity-underline inline cursor-pointer align-baseline\"><span class=\"whitespace-normal\">Sentimentos e Virtudes &#8211; Humildade<\/span><\/span> <\/strong>\u00e9 uma obra sens\u00edvel que ensina \u00e0s crian\u00e7as a import\u00e2ncia de reconhecer seus pr\u00f3prios limites, respeitar os outros e agir com simplicidade e empatia.<\/p>\n<p data-start=\"196\" data-end=\"479\" data-is-last-node=\"\" data-is-only-node=\"\">Com uma narrativa leve e situa\u00e7\u00f5es do cotidiano, o livro mostra como a humildade pode fortalecer as rela\u00e7\u00f5es e contribuir para uma conviv\u00eancia mais harmoniosa. Com linguagem acess\u00edvel e ilustra\u00e7\u00f5es atrativas, \u00e9 ideal para trabalhar valores essenciais de forma l\u00fadica e significativa.<\/p>\n<\/div>\n<\/div>\n<\/div>\n<\/div>\n<\/div>\n<\/div>\n<div class=\"details-table-wrapper\">\n<table class=\"product-details-table\">\n<tbody>\n<tr>\n<td>Autor<\/td>\n<td>James Misse<\/td>\n<\/tr>\n<tr>\n<td>ISBN<\/td>\n<td>9786558885344<\/td>\n<\/tr>\n<tr>\n<td>Editora<\/td>\n<td>P\u00e9 da Letra<\/td>\n<\/tr>\n<tr>\n<td>N\u00ba de p\u00e1ginas<\/td>\n<td>21<\/td>\n<\/tr>\n<\/tbody>\n<\/table>\n<\/div>\n","protected":false},"excerpt":{"rendered":"<p>Sentimentos e Virtudes &#8211; Humildade \u00e9 uma obra sens\u00edvel que ensina \u00e0s crian\u00e7as a import\u00e2ncia de reconhecer seus pr\u00f3prios limites, respeitar os outros e agir com simplicidade e empatia. Com uma narrativa leve e situa\u00e7\u00f5es do cotidiano, o livro mostra<\/p>\n","protected":false},"featured_media":6262,"comment_status":"open","ping_status":"closed","template":"","meta":[],"product_brand":[],"product_cat":[201],"product_tag":[],"class_list":{"0":"post-6263","1":"product","2":"type-product","3":"status-publish","6":"product_cat-livros-4-e-5-anos","8":"first","9":"instock","10":"shipping-taxable","11":"purchasable","12":"product-type-simple"},"_links":{"self":[{"href":"https:\/\/educaredigital.online\/loja\/wp-json\/wp\/v2\/product\/6263","targetHints":{"allow":["GET"]}}],"collection":[{"href":"https:\/\/educaredigital.online\/loja\/wp-json\/wp\/v2\/product"}],"about":[{"href":"https:\/\/educaredigital.online\/loja\/wp-json\/wp\/v2\/types\/product"}],"replies":[{"embeddable":true,"href":"https:\/\/educaredigital.online\/loja\/wp-json\/wp\/v2\/comments?post=6263"}],"wp:featuredmedia":[{"embeddable":true,"href":"https:\/\/educaredigital.online\/loja\/wp-json\/wp\/v2\/media\/6262"}],"wp:attachment":[{"href":"https:\/\/educaredigital.online\/loja\/wp-json\/wp\/v2\/media?parent=6263"}],"wp:term":[{"taxonomy":"product_brand","embeddable":true,"href":"https:\/\/educaredigital.online\/loja\/wp-json\/wp\/v2\/product_brand?post=6263"},{"taxonomy":"product_cat","embeddable":true,"href":"https:\/\/educaredigital.online\/loja\/wp-json\/wp\/v2\/product_cat?post=6263"},{"taxonomy":"product_tag","embeddable":true,"href":"https:\/\/educaredigital.online\/loja\/wp-json\/wp\/v2\/product_tag?post=6263"}],"curies":[{"name":"wp","href":"https:\/\/api.w.org\/{rel}","templated":true}]}}