{"id":6257,"date":"2026-04-07T21:01:17","date_gmt":"2026-04-07T21:01:17","guid":{"rendered":"https:\/\/educaredigital.online\/loja\/produto\/quem-e-o-culpado-o-livro-de-cabeceira-de-casos-policiais\/"},"modified":"2026-04-09T14:33:36","modified_gmt":"2026-04-09T14:33:36","slug":"quem-e-o-culpado-o-livro-de-cabeceira-de-casos-policiais","status":"publish","type":"product","link":"https:\/\/educaredigital.online\/loja\/produto\/quem-e-o-culpado-o-livro-de-cabeceira-de-casos-policiais\/","title":{"rendered":"Quem \u00e9 o Culpado? O Livro de Cabeceira de Casos Policiais"},"content":{"rendered":"<div class=\"details-table-wrapper\">\n<p><strong>Quem \u00e9 o Culpado? O Livro de Cabeceira de Casos Policiais<\/strong> \u00e9 uma obra envolvente que re\u00fane diversos casos intrigantes para desafiar o leitor. Com hist\u00f3rias cheias de suspense, a proposta \u00e9 analisar pistas, observar detalhes e descobrir quem \u00e9 o culpado em cada situa\u00e7\u00e3o.<\/p>\n<p>Com uma abordagem interativa, o livro estimula o racioc\u00ednio l\u00f3gico, a aten\u00e7\u00e3o e o pensamento cr\u00edtico. Ideal para quem gosta de mist\u00e9rios e desafios, \u00e9 uma excelente op\u00e7\u00e3o para se divertir enquanto exercita a mente.<\/p>\n<table class=\"product-details-table\">\n<tbody>\n<tr>\n<td>Autor<\/td>\n<td>Tim Dedopulos<\/td>\n<\/tr>\n<tr>\n<td>ISBN<\/td>\n<td>9786558881230<\/td>\n<\/tr>\n<tr>\n<td>Editora<\/td>\n<td>P\u00e9 da Letra<\/td>\n<\/tr>\n<tr>\n<td>N\u00ba de p\u00e1ginas<\/td>\n<td>304<\/td>\n<\/tr>\n<\/tbody>\n<\/table>\n<\/div>\n","protected":false},"excerpt":{"rendered":"<p>Quem \u00e9 o Culpado? O Livro de Cabeceira de Casos Policiais \u00e9 uma obra envolvente que re\u00fane diversos casos intrigantes para desafiar o leitor. Com hist\u00f3rias cheias de suspense, a proposta \u00e9 analisar pistas, observar detalhes e descobrir quem \u00e9<\/p>\n","protected":false},"featured_media":6256,"comment_status":"open","ping_status":"closed","template":"","meta":[],"product_brand":[],"product_cat":[206],"product_tag":[],"class_list":{"0":"post-6257","1":"product","2":"type-product","3":"status-publish","6":"product_cat-fundamental-2-6o-ao-9o","8":"first","9":"instock","10":"shipping-taxable","11":"purchasable","12":"product-type-simple"},"_links":{"self":[{"href":"https:\/\/educaredigital.online\/loja\/wp-json\/wp\/v2\/product\/6257","targetHints":{"allow":["GET"]}}],"collection":[{"href":"https:\/\/educaredigital.online\/loja\/wp-json\/wp\/v2\/product"}],"about":[{"href":"https:\/\/educaredigital.online\/loja\/wp-json\/wp\/v2\/types\/product"}],"replies":[{"embeddable":true,"href":"https:\/\/educaredigital.online\/loja\/wp-json\/wp\/v2\/comments?post=6257"}],"wp:featuredmedia":[{"embeddable":true,"href":"https:\/\/educaredigital.online\/loja\/wp-json\/wp\/v2\/media\/6256"}],"wp:attachment":[{"href":"https:\/\/educaredigital.online\/loja\/wp-json\/wp\/v2\/media?parent=6257"}],"wp:term":[{"taxonomy":"product_brand","embeddable":true,"href":"https:\/\/educaredigital.online\/loja\/wp-json\/wp\/v2\/product_brand?post=6257"},{"taxonomy":"product_cat","embeddable":true,"href":"https:\/\/educaredigital.online\/loja\/wp-json\/wp\/v2\/product_cat?post=6257"},{"taxonomy":"product_tag","embeddable":true,"href":"https:\/\/educaredigital.online\/loja\/wp-json\/wp\/v2\/product_tag?post=6257"}],"curies":[{"name":"wp","href":"https:\/\/api.w.org\/{rel}","templated":true}]}}