{"id":6247,"date":"2026-04-07T21:01:09","date_gmt":"2026-04-07T21:01:09","guid":{"rendered":"https:\/\/educaredigital.online\/loja\/produto\/quando-me-sinto-triste-com-pelucia\/"},"modified":"2026-04-08T14:43:50","modified_gmt":"2026-04-08T14:43:50","slug":"quando-me-sinto-triste-com-pelucia","status":"publish","type":"product","link":"https:\/\/educaredigital.online\/loja\/produto\/quando-me-sinto-triste-com-pelucia\/","title":{"rendered":"Quando Me Sinto &#8211; Triste &#8211; Com Pel\u00facia"},"content":{"rendered":"<p><strong>Quando Me Sinto &#8211; Triste &#8211; Com Pel\u00facia<\/strong> \u00e9 uma obra sens\u00edvel que ajuda as crian\u00e7as a reconhecerem e lidarem com o sentimento de tristeza de forma acolhedora. A hist\u00f3ria apresenta situa\u00e7\u00f5es do cotidiano, mostrando que \u00e9 normal se sentir triste e incentivando formas saud\u00e1veis de expressar e compreender essa emo\u00e7\u00e3o.<\/p>\n<p>Acompanhado de uma pel\u00facia macia, o livro proporciona conforto e refor\u00e7a o v\u00ednculo afetivo durante a leitura. Com linguagem simples e ilustra\u00e7\u00f5es delicadas, \u00e9 ideal para estimular a intelig\u00eancia emocional, o di\u00e1logo e o desenvolvimento emocional das crian\u00e7as.<\/p>\n<div class=\"details-table-wrapper\">\n<table class=\"product-details-table\">\n<tbody>\n<tr>\n<td>Autor<\/td>\n<td>P\u00e9 da Letra<\/td>\n<\/tr>\n<tr>\n<td>ISBN<\/td>\n<td>9788595203204<\/td>\n<\/tr>\n<tr>\n<td>Editora<\/td>\n<td>P\u00e9 da Letra<\/td>\n<\/tr>\n<tr>\n<td>N\u00ba de p\u00e1ginas<\/td>\n<td>12<\/td>\n<\/tr>\n<\/tbody>\n<\/table>\n<\/div>\n","protected":false},"excerpt":{"rendered":"<p>Quando Me Sinto &#8211; Triste &#8211; Com Pel\u00facia \u00e9 uma obra sens\u00edvel que ajuda as crian\u00e7as a reconhecerem e lidarem com o sentimento de tristeza de forma acolhedora. A hist\u00f3ria apresenta situa\u00e7\u00f5es do cotidiano, mostrando que \u00e9 normal se sentir<\/p>\n","protected":false},"featured_media":6246,"comment_status":"open","ping_status":"closed","template":"","meta":[],"product_brand":[],"product_cat":[201],"product_tag":[],"class_list":{"0":"post-6247","1":"product","2":"type-product","3":"status-publish","6":"product_cat-livros-4-e-5-anos","8":"first","9":"instock","10":"shipping-taxable","11":"purchasable","12":"product-type-simple"},"_links":{"self":[{"href":"https:\/\/educaredigital.online\/loja\/wp-json\/wp\/v2\/product\/6247","targetHints":{"allow":["GET"]}}],"collection":[{"href":"https:\/\/educaredigital.online\/loja\/wp-json\/wp\/v2\/product"}],"about":[{"href":"https:\/\/educaredigital.online\/loja\/wp-json\/wp\/v2\/types\/product"}],"replies":[{"embeddable":true,"href":"https:\/\/educaredigital.online\/loja\/wp-json\/wp\/v2\/comments?post=6247"}],"wp:featuredmedia":[{"embeddable":true,"href":"https:\/\/educaredigital.online\/loja\/wp-json\/wp\/v2\/media\/6246"}],"wp:attachment":[{"href":"https:\/\/educaredigital.online\/loja\/wp-json\/wp\/v2\/media?parent=6247"}],"wp:term":[{"taxonomy":"product_brand","embeddable":true,"href":"https:\/\/educaredigital.online\/loja\/wp-json\/wp\/v2\/product_brand?post=6247"},{"taxonomy":"product_cat","embeddable":true,"href":"https:\/\/educaredigital.online\/loja\/wp-json\/wp\/v2\/product_cat?post=6247"},{"taxonomy":"product_tag","embeddable":true,"href":"https:\/\/educaredigital.online\/loja\/wp-json\/wp\/v2\/product_tag?post=6247"}],"curies":[{"name":"wp","href":"https:\/\/api.w.org\/{rel}","templated":true}]}}