{"id":6243,"date":"2026-04-07T21:01:08","date_gmt":"2026-04-07T21:01:08","guid":{"rendered":"https:\/\/educaredigital.online\/loja\/produto\/pop-up-quando-eu-sinto-raiva\/"},"modified":"2026-04-08T14:48:15","modified_gmt":"2026-04-08T14:48:15","slug":"pop-up-quando-eu-sinto-raiva","status":"publish","type":"product","link":"https:\/\/educaredigital.online\/loja\/produto\/pop-up-quando-eu-sinto-raiva\/","title":{"rendered":"Pop-up: Quando Eu Sinto &#8211; Raiva"},"content":{"rendered":"<div class=\"details-table-wrapper\">\n<p><strong>Pop-up: Quando Eu Sinto &#8211; Raiva<\/strong> \u00e9 uma obra envolvente que ajuda as crian\u00e7as a compreenderem e lidarem com o sentimento de raiva de forma saud\u00e1vel. Com elementos pop-up, as p\u00e1ginas ganham movimento, tornando a leitura mais din\u00e2mica e atrativa.<\/p>\n<p>A hist\u00f3ria apresenta situa\u00e7\u00f5es do cotidiano, mostrando que sentir raiva \u00e9 natural e ensinando maneiras adequadas de expressar essa emo\u00e7\u00e3o. Com linguagem simples e ilustra\u00e7\u00f5es coloridas, o livro estimula o autoconhecimento, o controle emocional e o di\u00e1logo de forma l\u00fadica e interativa.<\/p>\n<table class=\"product-details-table\">\n<tbody>\n<tr>\n<td>Autor<\/td>\n<td>James Misse<\/td>\n<\/tr>\n<tr>\n<td>ISBN<\/td>\n<td>9786558885634<\/td>\n<\/tr>\n<tr>\n<td>Editora<\/td>\n<td>P\u00e9 da Letra<\/td>\n<\/tr>\n<tr>\n<td>N\u00ba de p\u00e1ginas<\/td>\n<td>10<\/td>\n<\/tr>\n<\/tbody>\n<\/table>\n<\/div>\n","protected":false},"excerpt":{"rendered":"<p>Pop-up: Quando Eu Sinto &#8211; Raiva \u00e9 uma obra envolvente que ajuda as crian\u00e7as a compreenderem e lidarem com o sentimento de raiva de forma saud\u00e1vel. Com elementos pop-up, as p\u00e1ginas ganham movimento, tornando a leitura mais din\u00e2mica e atrativa.<\/p>\n","protected":false},"featured_media":6242,"comment_status":"open","ping_status":"closed","template":"","meta":[],"product_brand":[],"product_cat":[201],"product_tag":[],"class_list":{"0":"post-6243","1":"product","2":"type-product","3":"status-publish","6":"product_cat-livros-4-e-5-anos","8":"first","9":"instock","10":"shipping-taxable","11":"purchasable","12":"product-type-simple"},"_links":{"self":[{"href":"https:\/\/educaredigital.online\/loja\/wp-json\/wp\/v2\/product\/6243","targetHints":{"allow":["GET"]}}],"collection":[{"href":"https:\/\/educaredigital.online\/loja\/wp-json\/wp\/v2\/product"}],"about":[{"href":"https:\/\/educaredigital.online\/loja\/wp-json\/wp\/v2\/types\/product"}],"replies":[{"embeddable":true,"href":"https:\/\/educaredigital.online\/loja\/wp-json\/wp\/v2\/comments?post=6243"}],"wp:featuredmedia":[{"embeddable":true,"href":"https:\/\/educaredigital.online\/loja\/wp-json\/wp\/v2\/media\/6242"}],"wp:attachment":[{"href":"https:\/\/educaredigital.online\/loja\/wp-json\/wp\/v2\/media?parent=6243"}],"wp:term":[{"taxonomy":"product_brand","embeddable":true,"href":"https:\/\/educaredigital.online\/loja\/wp-json\/wp\/v2\/product_brand?post=6243"},{"taxonomy":"product_cat","embeddable":true,"href":"https:\/\/educaredigital.online\/loja\/wp-json\/wp\/v2\/product_cat?post=6243"},{"taxonomy":"product_tag","embeddable":true,"href":"https:\/\/educaredigital.online\/loja\/wp-json\/wp\/v2\/product_tag?post=6243"}],"curies":[{"name":"wp","href":"https:\/\/api.w.org\/{rel}","templated":true}]}}