{"id":6239,"date":"2026-04-07T21:01:05","date_gmt":"2026-04-07T21:01:05","guid":{"rendered":"https:\/\/educaredigital.online\/loja\/produto\/quando-eu-sinto-raiva-com-pelucia\/"},"modified":"2026-04-08T14:40:54","modified_gmt":"2026-04-08T14:40:54","slug":"quando-eu-sinto-raiva-com-pelucia","status":"publish","type":"product","link":"https:\/\/educaredigital.online\/loja\/produto\/quando-eu-sinto-raiva-com-pelucia\/","title":{"rendered":"Quando Eu Sinto &#8211; Raiva &#8211; Com Pel\u00facia"},"content":{"rendered":"<p><strong>Quando Eu Sinto &#8211; Raiva &#8211; Com Pel\u00facia<\/strong> \u00e9 uma ferramenta sens\u00edvel e acolhedora para ajudar as crian\u00e7as a compreenderem e lidarem com o sentimento de raiva. A hist\u00f3ria apresenta situa\u00e7\u00f5es do cotidiano de forma simples, mostrando que sentir raiva \u00e9 normal e ensinando maneiras saud\u00e1veis de expressar essa emo\u00e7\u00e3o.<\/p>\n<p>Acompanhado de uma pel\u00facia macia, o livro torna a experi\u00eancia ainda mais afetiva, ajudando no conforto emocional e na identifica\u00e7\u00e3o com a hist\u00f3ria. Com linguagem acess\u00edvel e ilustra\u00e7\u00f5es delicadas, \u00e9 ideal para estimular a intelig\u00eancia emocional e o di\u00e1logo entre crian\u00e7as e adultos.<\/p>\n<div class=\"details-table-wrapper\">\n<table class=\"product-details-table\">\n<tr>\n<td>Autor<\/td>\n<td>P\u00e9 da Letra<\/td>\n<\/tr>\n<tr>\n<td>ISBN<\/td>\n<td>9788595203242<\/td>\n<\/tr>\n<tr>\n<td>Editora<\/td>\n<td>P\u00e9 da Letra<\/td>\n<\/tr>\n<tr>\n<td>N\u00ba de p\u00e1ginas<\/td>\n<td>12<\/td>\n<\/tr>\n<\/table><\/div>\n","protected":false},"excerpt":{"rendered":"<p>Quando Eu Sinto &#8211; Raiva &#8211; Com Pel\u00facia \u00e9 uma ferramenta sens\u00edvel e acolhedora para ajudar as crian\u00e7as a compreenderem e lidarem com o sentimento de raiva. A hist\u00f3ria apresenta situa\u00e7\u00f5es do cotidiano de forma simples, mostrando que sentir raiva<\/p>\n","protected":false},"featured_media":6238,"comment_status":"open","ping_status":"closed","template":"","meta":[],"product_brand":[],"product_cat":[201],"product_tag":[],"class_list":{"0":"post-6239","1":"product","2":"type-product","3":"status-publish","6":"product_cat-livros-4-e-5-anos","8":"first","9":"instock","10":"shipping-taxable","11":"purchasable","12":"product-type-simple"},"_links":{"self":[{"href":"https:\/\/educaredigital.online\/loja\/wp-json\/wp\/v2\/product\/6239","targetHints":{"allow":["GET"]}}],"collection":[{"href":"https:\/\/educaredigital.online\/loja\/wp-json\/wp\/v2\/product"}],"about":[{"href":"https:\/\/educaredigital.online\/loja\/wp-json\/wp\/v2\/types\/product"}],"replies":[{"embeddable":true,"href":"https:\/\/educaredigital.online\/loja\/wp-json\/wp\/v2\/comments?post=6239"}],"wp:featuredmedia":[{"embeddable":true,"href":"https:\/\/educaredigital.online\/loja\/wp-json\/wp\/v2\/media\/6238"}],"wp:attachment":[{"href":"https:\/\/educaredigital.online\/loja\/wp-json\/wp\/v2\/media?parent=6239"}],"wp:term":[{"taxonomy":"product_brand","embeddable":true,"href":"https:\/\/educaredigital.online\/loja\/wp-json\/wp\/v2\/product_brand?post=6239"},{"taxonomy":"product_cat","embeddable":true,"href":"https:\/\/educaredigital.online\/loja\/wp-json\/wp\/v2\/product_cat?post=6239"},{"taxonomy":"product_tag","embeddable":true,"href":"https:\/\/educaredigital.online\/loja\/wp-json\/wp\/v2\/product_tag?post=6239"}],"curies":[{"name":"wp","href":"https:\/\/api.w.org\/{rel}","templated":true}]}}