{"id":6231,"date":"2026-04-07T21:00:58","date_gmt":"2026-04-07T21:00:58","guid":{"rendered":"https:\/\/educaredigital.online\/loja\/produto\/pop-up-carrossel-amigos-da-selva\/"},"modified":"2026-04-09T17:28:39","modified_gmt":"2026-04-09T17:28:39","slug":"pop-up-carrossel-amigos-da-selva","status":"publish","type":"product","link":"https:\/\/educaredigital.online\/loja\/produto\/pop-up-carrossel-amigos-da-selva\/","title":{"rendered":"Pop-up Carrossel &#8211; Amigos da Selva"},"content":{"rendered":"<p><strong>Pop-up Carrossel &#8211; Amigos da Selva<\/strong> \u00e9 uma obra encantadora que transforma a leitura em uma experi\u00eancia tridimensional cheia de aventura. Com formato carrossel e elementos pop-up, o livro cria cen\u00e1rios da selva que ganham vida ao abrir, despertando a curiosidade e a imagina\u00e7\u00e3o das crian\u00e7as.<\/p>\n<p>Com ilustra\u00e7\u00f5es coloridas e linguagem simples, a obra apresenta diferentes animais da selva de forma l\u00fadica e divertida. Ideal para os pequenos, \u00e9 uma excelente op\u00e7\u00e3o para estimular a percep\u00e7\u00e3o visual, a coordena\u00e7\u00e3o motora e o interesse pela leitura de maneira interativa e envolvente.<\/p>\n<div class=\"details-table-wrapper\">\n<table class=\"product-details-table\">\n<tbody>\n<tr>\n<td>Autor<\/td>\n<td>P\u00e9 da Letra<\/td>\n<\/tr>\n<tr>\n<td>ISBN<\/td>\n<td>9786558884439<\/td>\n<\/tr>\n<tr>\n<td>Editora<\/td>\n<td>P\u00e9 da Letra<\/td>\n<\/tr>\n<tr>\n<td>N\u00ba de p\u00e1ginas<\/td>\n<td>6<\/td>\n<\/tr>\n<\/tbody>\n<\/table>\n<\/div>\n","protected":false},"excerpt":{"rendered":"<p>Pop-up Carrossel &#8211; Amigos da Selva \u00e9 uma obra encantadora que transforma a leitura em uma experi\u00eancia tridimensional cheia de aventura. Com formato carrossel e elementos pop-up, o livro cria cen\u00e1rios da selva que ganham vida ao abrir, despertando a<\/p>\n","protected":false},"featured_media":6230,"comment_status":"open","ping_status":"closed","template":"","meta":[],"product_brand":[],"product_cat":[200],"product_tag":[],"class_list":{"0":"post-6231","1":"product","2":"type-product","3":"status-publish","6":"product_cat-0-a-3-anos","8":"first","9":"instock","10":"shipping-taxable","11":"purchasable","12":"product-type-simple"},"_links":{"self":[{"href":"https:\/\/educaredigital.online\/loja\/wp-json\/wp\/v2\/product\/6231","targetHints":{"allow":["GET"]}}],"collection":[{"href":"https:\/\/educaredigital.online\/loja\/wp-json\/wp\/v2\/product"}],"about":[{"href":"https:\/\/educaredigital.online\/loja\/wp-json\/wp\/v2\/types\/product"}],"replies":[{"embeddable":true,"href":"https:\/\/educaredigital.online\/loja\/wp-json\/wp\/v2\/comments?post=6231"}],"wp:featuredmedia":[{"embeddable":true,"href":"https:\/\/educaredigital.online\/loja\/wp-json\/wp\/v2\/media\/6230"}],"wp:attachment":[{"href":"https:\/\/educaredigital.online\/loja\/wp-json\/wp\/v2\/media?parent=6231"}],"wp:term":[{"taxonomy":"product_brand","embeddable":true,"href":"https:\/\/educaredigital.online\/loja\/wp-json\/wp\/v2\/product_brand?post=6231"},{"taxonomy":"product_cat","embeddable":true,"href":"https:\/\/educaredigital.online\/loja\/wp-json\/wp\/v2\/product_cat?post=6231"},{"taxonomy":"product_tag","embeddable":true,"href":"https:\/\/educaredigital.online\/loja\/wp-json\/wp\/v2\/product_tag?post=6231"}],"curies":[{"name":"wp","href":"https:\/\/api.w.org\/{rel}","templated":true}]}}