{"id":6111,"date":"2026-04-01T12:26:24","date_gmt":"2026-04-01T12:26:24","guid":{"rendered":"https:\/\/educaredigital.online\/loja\/produto\/pequenos-contos-de-fadas-patinho-feio\/"},"modified":"2026-04-08T14:18:42","modified_gmt":"2026-04-08T14:18:42","slug":"pequenos-contos-de-fadas-patinho-feio","status":"publish","type":"product","link":"https:\/\/educaredigital.online\/loja\/produto\/pequenos-contos-de-fadas-patinho-feio\/","title":{"rendered":"Pequenos Contos de Fadas &#8211; Patinho Feio"},"content":{"rendered":"<div class=\"details-table-wrapper\">\n<p><strong>Pequenos Contos de Fadas &#8211; Patinho Feio<\/strong> traz uma vers\u00e3o adaptada do famoso conto que aborda temas importantes como aceita\u00e7\u00e3o, autoestima e transforma\u00e7\u00e3o. A hist\u00f3ria acompanha o patinho que, ap\u00f3s enfrentar rejei\u00e7\u00f5es, descobre sua verdadeira beleza e identidade.<\/p>\n<p>Com linguagem simples e ilustra\u00e7\u00f5es coloridas, a obra \u00e9 ideal para crian\u00e7as, ajudando a transmitir valores como respeito \u00e0s diferen\u00e7as e autoconfian\u00e7a. Uma excelente op\u00e7\u00e3o para momentos de leitura educativa e emocionante.<\/p>\n<table class=\"product-details-table\">\n<tbody>\n<tr>\n<td>Autor<\/td>\n<td>P\u00e9 da Letra<\/td>\n<\/tr>\n<tr>\n<td>ISBN<\/td>\n<td>9786558883685<\/td>\n<\/tr>\n<tr>\n<td>Editora<\/td>\n<td>P\u00e9 da Letra<\/td>\n<\/tr>\n<tr>\n<td>N\u00ba de p\u00e1ginas<\/td>\n<td>8<\/td>\n<\/tr>\n<\/tbody>\n<\/table>\n<\/div>\n","protected":false},"excerpt":{"rendered":"<p>Pequenos Contos de Fadas &#8211; Patinho Feio traz uma vers\u00e3o adaptada do famoso conto que aborda temas importantes como aceita\u00e7\u00e3o, autoestima e transforma\u00e7\u00e3o. A hist\u00f3ria acompanha o patinho que, ap\u00f3s enfrentar rejei\u00e7\u00f5es, descobre sua verdadeira beleza e identidade. Com linguagem<\/p>\n","protected":false},"featured_media":6110,"comment_status":"open","ping_status":"closed","template":"","meta":[],"product_brand":[],"product_cat":[200],"product_tag":[],"class_list":{"0":"post-6111","1":"product","2":"type-product","3":"status-publish","6":"product_cat-0-a-3-anos","8":"first","9":"instock","10":"shipping-taxable","11":"purchasable","12":"product-type-simple"},"_links":{"self":[{"href":"https:\/\/educaredigital.online\/loja\/wp-json\/wp\/v2\/product\/6111","targetHints":{"allow":["GET"]}}],"collection":[{"href":"https:\/\/educaredigital.online\/loja\/wp-json\/wp\/v2\/product"}],"about":[{"href":"https:\/\/educaredigital.online\/loja\/wp-json\/wp\/v2\/types\/product"}],"replies":[{"embeddable":true,"href":"https:\/\/educaredigital.online\/loja\/wp-json\/wp\/v2\/comments?post=6111"}],"wp:featuredmedia":[{"embeddable":true,"href":"https:\/\/educaredigital.online\/loja\/wp-json\/wp\/v2\/media\/6110"}],"wp:attachment":[{"href":"https:\/\/educaredigital.online\/loja\/wp-json\/wp\/v2\/media?parent=6111"}],"wp:term":[{"taxonomy":"product_brand","embeddable":true,"href":"https:\/\/educaredigital.online\/loja\/wp-json\/wp\/v2\/product_brand?post=6111"},{"taxonomy":"product_cat","embeddable":true,"href":"https:\/\/educaredigital.online\/loja\/wp-json\/wp\/v2\/product_cat?post=6111"},{"taxonomy":"product_tag","embeddable":true,"href":"https:\/\/educaredigital.online\/loja\/wp-json\/wp\/v2\/product_tag?post=6111"}],"curies":[{"name":"wp","href":"https:\/\/api.w.org\/{rel}","templated":true}]}}