{"id":6109,"date":"2026-04-01T12:26:22","date_gmt":"2026-04-01T12:26:22","guid":{"rendered":"https:\/\/educaredigital.online\/loja\/produto\/pequenos-contos-de-fadas-o-lobo-e-os-sete-cabritinhos\/"},"modified":"2026-04-08T14:19:09","modified_gmt":"2026-04-08T14:19:09","slug":"pequenos-contos-de-fadas-o-lobo-e-os-sete-cabritinhos","status":"publish","type":"product","link":"https:\/\/educaredigital.online\/loja\/produto\/pequenos-contos-de-fadas-o-lobo-e-os-sete-cabritinhos\/","title":{"rendered":"Pequenos Contos de Fadas &#8211; O Lobo e os Sete Cabritinhos"},"content":{"rendered":"<div class=\"details-table-wrapper\">\n<p><strong>Pequenos Contos de Fadas &#8211; O Lobo e os Sete Cabritinhos<\/strong> apresenta uma vers\u00e3o adaptada de um conto tradicional cheio de suspense e ensinamentos. A hist\u00f3ria acompanha os sete cabritinhos que precisam lidar com a esperteza do lobo, trazendo li\u00e7\u00f5es importantes sobre aten\u00e7\u00e3o, obedi\u00eancia e cuidado.<\/p>\n<p>Com linguagem simples e ilustra\u00e7\u00f5es coloridas, o livro estimula a imagina\u00e7\u00e3o e o interesse pela leitura. Ideal para crian\u00e7as, \u00e9 uma excelente op\u00e7\u00e3o para transmitir valores de forma l\u00fadica e envolvente.<\/p>\n<table class=\"product-details-table\">\n<tbody>\n<tr>\n<td>Autor<\/td>\n<td>P\u00e9 da Letra<\/td>\n<\/tr>\n<tr>\n<td>ISBN<\/td>\n<td>9786558883647<\/td>\n<\/tr>\n<tr>\n<td>Editora<\/td>\n<td>P\u00e9 da Letra<\/td>\n<\/tr>\n<tr>\n<td>N\u00ba de p\u00e1ginas<\/td>\n<td>8<\/td>\n<\/tr>\n<\/tbody>\n<\/table>\n<\/div>\n","protected":false},"excerpt":{"rendered":"<p>Pequenos Contos de Fadas &#8211; O Lobo e os Sete Cabritinhos apresenta uma vers\u00e3o adaptada de um conto tradicional cheio de suspense e ensinamentos. A hist\u00f3ria acompanha os sete cabritinhos que precisam lidar com a esperteza do lobo, trazendo li\u00e7\u00f5es<\/p>\n","protected":false},"featured_media":6108,"comment_status":"open","ping_status":"closed","template":"","meta":[],"product_brand":[],"product_cat":[200],"product_tag":[],"class_list":{"0":"post-6109","1":"product","2":"type-product","3":"status-publish","6":"product_cat-0-a-3-anos","8":"first","9":"instock","10":"shipping-taxable","11":"purchasable","12":"product-type-simple"},"_links":{"self":[{"href":"https:\/\/educaredigital.online\/loja\/wp-json\/wp\/v2\/product\/6109","targetHints":{"allow":["GET"]}}],"collection":[{"href":"https:\/\/educaredigital.online\/loja\/wp-json\/wp\/v2\/product"}],"about":[{"href":"https:\/\/educaredigital.online\/loja\/wp-json\/wp\/v2\/types\/product"}],"replies":[{"embeddable":true,"href":"https:\/\/educaredigital.online\/loja\/wp-json\/wp\/v2\/comments?post=6109"}],"wp:featuredmedia":[{"embeddable":true,"href":"https:\/\/educaredigital.online\/loja\/wp-json\/wp\/v2\/media\/6108"}],"wp:attachment":[{"href":"https:\/\/educaredigital.online\/loja\/wp-json\/wp\/v2\/media?parent=6109"}],"wp:term":[{"taxonomy":"product_brand","embeddable":true,"href":"https:\/\/educaredigital.online\/loja\/wp-json\/wp\/v2\/product_brand?post=6109"},{"taxonomy":"product_cat","embeddable":true,"href":"https:\/\/educaredigital.online\/loja\/wp-json\/wp\/v2\/product_cat?post=6109"},{"taxonomy":"product_tag","embeddable":true,"href":"https:\/\/educaredigital.online\/loja\/wp-json\/wp\/v2\/product_tag?post=6109"}],"curies":[{"name":"wp","href":"https:\/\/api.w.org\/{rel}","templated":true}]}}