{"id":6107,"date":"2026-04-01T12:26:20","date_gmt":"2026-04-01T12:26:20","guid":{"rendered":"https:\/\/educaredigital.online\/loja\/produto\/pequenos-contos-de-fadas-o-casamento-da-joaninha\/"},"modified":"2026-04-08T14:17:32","modified_gmt":"2026-04-08T14:17:32","slug":"pequenos-contos-de-fadas-o-casamento-da-joaninha","status":"publish","type":"product","link":"https:\/\/educaredigital.online\/loja\/produto\/pequenos-contos-de-fadas-o-casamento-da-joaninha\/","title":{"rendered":"Pequenos Contos de Fadas &#8211; O Casamento da Joaninha"},"content":{"rendered":"<p data-start=\"0\" data-end=\"274\"><strong><span class=\"hover:entity-accent entity-underline inline cursor-pointer align-baseline\"><span class=\"whitespace-normal\">Pequenos Contos de Fadas &#8211; O Casamento da Joaninha<\/span><\/span><\/strong> \u00e9 uma hist\u00f3ria encantadora que apresenta uma narrativa leve e divertida sobre a escolha do par ideal. Acompanhando a joaninha em sua jornada, as crian\u00e7as entram em contato com valores como respeito, amizade e tomada de decis\u00f5es.<\/p>\n<p data-start=\"276\" data-end=\"529\" data-is-last-node=\"\" data-is-only-node=\"\">Com linguagem simples e ilustra\u00e7\u00f5es coloridas, o livro estimula a imagina\u00e7\u00e3o e o gosto pela leitura. Ideal para os pequenos, \u00e9 uma excelente op\u00e7\u00e3o para momentos de leitura em fam\u00edlia ou na escola, proporcionando aprendizado de forma l\u00fadica e envolvente.<\/p>\n<div class=\"details-table-wrapper\">\n<table class=\"product-details-table\">\n<tbody>\n<tr>\n<td>Autor<\/td>\n<td>P\u00e9 da Letra<\/td>\n<\/tr>\n<tr>\n<td>ISBN<\/td>\n<td>9786558883654<\/td>\n<\/tr>\n<tr>\n<td>Editora<\/td>\n<td>P\u00e9 da Letra<\/td>\n<\/tr>\n<tr>\n<td>N\u00ba de p\u00e1ginas<\/td>\n<td>8<\/td>\n<\/tr>\n<\/tbody>\n<\/table>\n<\/div>\n","protected":false},"excerpt":{"rendered":"<p>Pequenos Contos de Fadas &#8211; O Casamento da Joaninha \u00e9 uma hist\u00f3ria encantadora que apresenta uma narrativa leve e divertida sobre a escolha do par ideal. Acompanhando a joaninha em sua jornada, as crian\u00e7as entram em contato com valores como<\/p>\n","protected":false},"featured_media":6106,"comment_status":"open","ping_status":"closed","template":"","meta":[],"product_brand":[],"product_cat":[200],"product_tag":[],"class_list":{"0":"post-6107","1":"product","2":"type-product","3":"status-publish","6":"product_cat-0-a-3-anos","8":"first","9":"instock","10":"shipping-taxable","11":"purchasable","12":"product-type-simple"},"_links":{"self":[{"href":"https:\/\/educaredigital.online\/loja\/wp-json\/wp\/v2\/product\/6107","targetHints":{"allow":["GET"]}}],"collection":[{"href":"https:\/\/educaredigital.online\/loja\/wp-json\/wp\/v2\/product"}],"about":[{"href":"https:\/\/educaredigital.online\/loja\/wp-json\/wp\/v2\/types\/product"}],"replies":[{"embeddable":true,"href":"https:\/\/educaredigital.online\/loja\/wp-json\/wp\/v2\/comments?post=6107"}],"wp:featuredmedia":[{"embeddable":true,"href":"https:\/\/educaredigital.online\/loja\/wp-json\/wp\/v2\/media\/6106"}],"wp:attachment":[{"href":"https:\/\/educaredigital.online\/loja\/wp-json\/wp\/v2\/media?parent=6107"}],"wp:term":[{"taxonomy":"product_brand","embeddable":true,"href":"https:\/\/educaredigital.online\/loja\/wp-json\/wp\/v2\/product_brand?post=6107"},{"taxonomy":"product_cat","embeddable":true,"href":"https:\/\/educaredigital.online\/loja\/wp-json\/wp\/v2\/product_cat?post=6107"},{"taxonomy":"product_tag","embeddable":true,"href":"https:\/\/educaredigital.online\/loja\/wp-json\/wp\/v2\/product_tag?post=6107"}],"curies":[{"name":"wp","href":"https:\/\/api.w.org\/{rel}","templated":true}]}}