{"id":6105,"date":"2026-04-01T12:26:18","date_gmt":"2026-04-01T12:26:18","guid":{"rendered":"https:\/\/educaredigital.online\/loja\/produto\/os-tres-mosqueteiros\/"},"modified":"2026-04-07T13:56:17","modified_gmt":"2026-04-07T13:56:17","slug":"os-tres-mosqueteiros","status":"publish","type":"product","link":"https:\/\/educaredigital.online\/loja\/produto\/os-tres-mosqueteiros\/","title":{"rendered":"Os Tr\u00eas Mosqueteiros"},"content":{"rendered":"<p><strong>Os Tr\u00eas Mosqueteiros,<\/strong> de <em>Alexandre<\/em> <em>Dumas<\/em>, \u00e9 um dos grandes cl\u00e1ssicos da literatura mundial. A hist\u00f3ria acompanha o jovem d\u2019Artagnan, que se junta aos mosqueteiros Athos, Porthos e Aramis em uma jornada repleta de aventuras, intrigas e duelos.<\/p>\n<p>Com uma narrativa envolvente e cheia de a\u00e7\u00e3o, o livro aborda temas como amizade, lealdade, coragem e honra. \u00c9 uma leitura empolgante, ideal para quem gosta de hist\u00f3rias cheias de emo\u00e7\u00e3o e personagens marcantes.<\/p>\n<div class=\"details-table-wrapper\">\n<table class=\"product-details-table\">\n<tbody>\n<tr>\n<td>Autor<\/td>\n<td>Alexandre Dumas<\/td>\n<\/tr>\n<tr>\n<td>ISBN<\/td>\n<td>9786558887195<\/td>\n<\/tr>\n<tr>\n<td>Editora<\/td>\n<td>P\u00e9 da Letra<\/td>\n<\/tr>\n<tr>\n<td>N\u00ba de p\u00e1ginas<\/td>\n<td>359<\/td>\n<\/tr>\n<\/tbody>\n<\/table>\n<\/div>\n","protected":false},"excerpt":{"rendered":"<p>Os Tr\u00eas Mosqueteiros, de Alexandre Dumas, \u00e9 um dos grandes cl\u00e1ssicos da literatura mundial. A hist\u00f3ria acompanha o jovem d\u2019Artagnan, que se junta aos mosqueteiros Athos, Porthos e Aramis em uma jornada repleta de aventuras, intrigas e duelos. Com uma<\/p>\n","protected":false},"featured_media":6104,"comment_status":"open","ping_status":"closed","template":"","meta":[],"product_brand":[],"product_cat":[206],"product_tag":[],"class_list":{"0":"post-6105","1":"product","2":"type-product","3":"status-publish","6":"product_cat-fundamental-2-6o-ao-9o","8":"first","9":"instock","10":"shipping-taxable","11":"purchasable","12":"product-type-simple"},"_links":{"self":[{"href":"https:\/\/educaredigital.online\/loja\/wp-json\/wp\/v2\/product\/6105","targetHints":{"allow":["GET"]}}],"collection":[{"href":"https:\/\/educaredigital.online\/loja\/wp-json\/wp\/v2\/product"}],"about":[{"href":"https:\/\/educaredigital.online\/loja\/wp-json\/wp\/v2\/types\/product"}],"replies":[{"embeddable":true,"href":"https:\/\/educaredigital.online\/loja\/wp-json\/wp\/v2\/comments?post=6105"}],"wp:featuredmedia":[{"embeddable":true,"href":"https:\/\/educaredigital.online\/loja\/wp-json\/wp\/v2\/media\/6104"}],"wp:attachment":[{"href":"https:\/\/educaredigital.online\/loja\/wp-json\/wp\/v2\/media?parent=6105"}],"wp:term":[{"taxonomy":"product_brand","embeddable":true,"href":"https:\/\/educaredigital.online\/loja\/wp-json\/wp\/v2\/product_brand?post=6105"},{"taxonomy":"product_cat","embeddable":true,"href":"https:\/\/educaredigital.online\/loja\/wp-json\/wp\/v2\/product_cat?post=6105"},{"taxonomy":"product_tag","embeddable":true,"href":"https:\/\/educaredigital.online\/loja\/wp-json\/wp\/v2\/product_tag?post=6105"}],"curies":[{"name":"wp","href":"https:\/\/api.w.org\/{rel}","templated":true}]}}