{"id":6103,"date":"2026-04-01T12:26:16","date_gmt":"2026-04-01T12:26:16","guid":{"rendered":"https:\/\/educaredigital.online\/loja\/produto\/os-povos-do-brasil-portugueses\/"},"modified":"2026-04-07T13:53:53","modified_gmt":"2026-04-07T13:53:53","slug":"os-povos-do-brasil-portugueses","status":"publish","type":"product","link":"https:\/\/educaredigital.online\/loja\/produto\/os-povos-do-brasil-portugueses\/","title":{"rendered":"Os Povos do Brasil &#8211; Portugueses"},"content":{"rendered":"<p><strong>Os Povos do Brasil &#8211; Portugueses<\/strong> apresenta de forma did\u00e1tica a influ\u00eancia dos portugueses na forma\u00e7\u00e3o hist\u00f3rica e cultural do Brasil. A obra aborda aspectos como l\u00edngua, costumes, tradi\u00e7\u00f5es e a heran\u00e7a deixada na organiza\u00e7\u00e3o da sociedade brasileira.<\/p>\n<p>Com linguagem simples e ilustra\u00e7\u00f5es atrativas, o livro estimula o respeito \u00e0 diversidade cultural e o interesse pela hist\u00f3ria. Ideal para crian\u00e7as, \u00e9 uma excelente op\u00e7\u00e3o para aprender de forma leve e educativa sobre as diferentes origens que comp\u00f5em a identidade brasileira.<\/p>\n<div class=\"details-table-wrapper\">\n<table class=\"product-details-table\">\n<tbody>\n<tr>\n<td>Autor<\/td>\n<td>P\u00e9 da Letra<\/td>\n<\/tr>\n<tr>\n<td>ISBN<\/td>\n<td>9786558886716<\/td>\n<\/tr>\n<tr>\n<td>Editora<\/td>\n<td>P\u00e9 da Letra<\/td>\n<\/tr>\n<tr>\n<td>N\u00ba de p\u00e1ginas<\/td>\n<td>16<\/td>\n<\/tr>\n<\/tbody>\n<\/table>\n<\/div>\n","protected":false},"excerpt":{"rendered":"<p>Os Povos do Brasil &#8211; Portugueses apresenta de forma did\u00e1tica a influ\u00eancia dos portugueses na forma\u00e7\u00e3o hist\u00f3rica e cultural do Brasil. A obra aborda aspectos como l\u00edngua, costumes, tradi\u00e7\u00f5es e a heran\u00e7a deixada na organiza\u00e7\u00e3o da sociedade brasileira. Com linguagem<\/p>\n","protected":false},"featured_media":6102,"comment_status":"open","ping_status":"closed","template":"","meta":[],"product_brand":[],"product_cat":[214],"product_tag":[],"class_list":{"0":"post-6103","1":"product","2":"type-product","3":"status-publish","6":"product_cat-afro-brasileira-e-indigena","8":"first","9":"instock","10":"shipping-taxable","11":"purchasable","12":"product-type-simple"},"_links":{"self":[{"href":"https:\/\/educaredigital.online\/loja\/wp-json\/wp\/v2\/product\/6103","targetHints":{"allow":["GET"]}}],"collection":[{"href":"https:\/\/educaredigital.online\/loja\/wp-json\/wp\/v2\/product"}],"about":[{"href":"https:\/\/educaredigital.online\/loja\/wp-json\/wp\/v2\/types\/product"}],"replies":[{"embeddable":true,"href":"https:\/\/educaredigital.online\/loja\/wp-json\/wp\/v2\/comments?post=6103"}],"wp:featuredmedia":[{"embeddable":true,"href":"https:\/\/educaredigital.online\/loja\/wp-json\/wp\/v2\/media\/6102"}],"wp:attachment":[{"href":"https:\/\/educaredigital.online\/loja\/wp-json\/wp\/v2\/media?parent=6103"}],"wp:term":[{"taxonomy":"product_brand","embeddable":true,"href":"https:\/\/educaredigital.online\/loja\/wp-json\/wp\/v2\/product_brand?post=6103"},{"taxonomy":"product_cat","embeddable":true,"href":"https:\/\/educaredigital.online\/loja\/wp-json\/wp\/v2\/product_cat?post=6103"},{"taxonomy":"product_tag","embeddable":true,"href":"https:\/\/educaredigital.online\/loja\/wp-json\/wp\/v2\/product_tag?post=6103"}],"curies":[{"name":"wp","href":"https:\/\/api.w.org\/{rel}","templated":true}]}}