{"id":6101,"date":"2026-04-01T12:26:15","date_gmt":"2026-04-01T12:26:15","guid":{"rendered":"https:\/\/educaredigital.online\/loja\/produto\/os-povos-do-brasil-judeus\/"},"modified":"2026-04-07T13:53:27","modified_gmt":"2026-04-07T13:53:27","slug":"os-povos-do-brasil-judeus","status":"publish","type":"product","link":"https:\/\/educaredigital.online\/loja\/produto\/os-povos-do-brasil-judeus\/","title":{"rendered":"Os Povos do Brasil &#8211; Judeus"},"content":{"rendered":"<p><strong>Os Povos do Brasil &#8211; Judeus<\/strong> apresenta de forma clara e acess\u00edvel a hist\u00f3ria e a contribui\u00e7\u00e3o dos judeus na forma\u00e7\u00e3o cultural do Brasil. A obra aborda aspectos como tradi\u00e7\u00f5es, costumes, religi\u00e3o e a participa\u00e7\u00e3o desse povo em diferentes \u00e1reas da sociedade.<\/p>\n<p>Com linguagem simples e ilustra\u00e7\u00f5es atrativas, o livro estimula o respeito \u00e0 diversidade cultural e o interesse pela hist\u00f3ria. Ideal para crian\u00e7as, \u00e9 uma excelente op\u00e7\u00e3o para aprender de forma leve e educativa sobre as diferentes origens que comp\u00f5em a identidade brasileira.<\/p>\n<div class=\"details-table-wrapper\">\n<table class=\"product-details-table\">\n<tbody>\n<tr>\n<td>Autor<\/td>\n<td>P\u00e9 da Letra<\/td>\n<\/tr>\n<tr>\n<td>ISBN<\/td>\n<td>9786558886709<\/td>\n<\/tr>\n<tr>\n<td>Editora<\/td>\n<td>P\u00e9 da Letra<\/td>\n<\/tr>\n<tr>\n<td>N\u00ba de p\u00e1ginas<\/td>\n<td>16<\/td>\n<\/tr>\n<\/tbody>\n<\/table>\n<\/div>\n","protected":false},"excerpt":{"rendered":"<p>Os Povos do Brasil &#8211; Judeus apresenta de forma clara e acess\u00edvel a hist\u00f3ria e a contribui\u00e7\u00e3o dos judeus na forma\u00e7\u00e3o cultural do Brasil. A obra aborda aspectos como tradi\u00e7\u00f5es, costumes, religi\u00e3o e a participa\u00e7\u00e3o desse povo em diferentes \u00e1reas<\/p>\n","protected":false},"featured_media":6100,"comment_status":"open","ping_status":"closed","template":"","meta":[],"product_brand":[],"product_cat":[214],"product_tag":[],"class_list":{"0":"post-6101","1":"product","2":"type-product","3":"status-publish","6":"product_cat-afro-brasileira-e-indigena","8":"first","9":"instock","10":"shipping-taxable","11":"purchasable","12":"product-type-simple"},"_links":{"self":[{"href":"https:\/\/educaredigital.online\/loja\/wp-json\/wp\/v2\/product\/6101","targetHints":{"allow":["GET"]}}],"collection":[{"href":"https:\/\/educaredigital.online\/loja\/wp-json\/wp\/v2\/product"}],"about":[{"href":"https:\/\/educaredigital.online\/loja\/wp-json\/wp\/v2\/types\/product"}],"replies":[{"embeddable":true,"href":"https:\/\/educaredigital.online\/loja\/wp-json\/wp\/v2\/comments?post=6101"}],"wp:featuredmedia":[{"embeddable":true,"href":"https:\/\/educaredigital.online\/loja\/wp-json\/wp\/v2\/media\/6100"}],"wp:attachment":[{"href":"https:\/\/educaredigital.online\/loja\/wp-json\/wp\/v2\/media?parent=6101"}],"wp:term":[{"taxonomy":"product_brand","embeddable":true,"href":"https:\/\/educaredigital.online\/loja\/wp-json\/wp\/v2\/product_brand?post=6101"},{"taxonomy":"product_cat","embeddable":true,"href":"https:\/\/educaredigital.online\/loja\/wp-json\/wp\/v2\/product_cat?post=6101"},{"taxonomy":"product_tag","embeddable":true,"href":"https:\/\/educaredigital.online\/loja\/wp-json\/wp\/v2\/product_tag?post=6101"}],"curies":[{"name":"wp","href":"https:\/\/api.w.org\/{rel}","templated":true}]}}