{"id":6099,"date":"2026-04-01T12:26:13","date_gmt":"2026-04-01T12:26:13","guid":{"rendered":"https:\/\/educaredigital.online\/loja\/produto\/os-povos-do-brasil-japoneses\/"},"modified":"2026-04-07T13:52:37","modified_gmt":"2026-04-07T13:52:37","slug":"os-povos-do-brasil-japoneses","status":"publish","type":"product","link":"https:\/\/educaredigital.online\/loja\/produto\/os-povos-do-brasil-japoneses\/","title":{"rendered":"Os Povos do Brasil &#8211; Japoneses"},"content":{"rendered":"<p><strong>Os Povos do Brasil &#8211; Japoneses<\/strong> apresenta de forma did\u00e1tica a influ\u00eancia dos imigrantes japoneses na forma\u00e7\u00e3o cultural do Brasil. A obra destaca costumes, tradi\u00e7\u00f5es, culin\u00e1ria e contribui\u00e7\u00f5es desses povos em \u00e1reas como agricultura, artes e h\u00e1bitos do cotidiano.<\/p>\n<p>Com linguagem simples e ilustra\u00e7\u00f5es atrativas, o livro estimula o conhecimento hist\u00f3rico, o respeito \u00e0 diversidade e a valoriza\u00e7\u00e3o das diferentes culturas que comp\u00f5em o pa\u00eds. Ideal para crian\u00e7as, \u00e9 uma excelente ferramenta para aprender de forma leve e educativa sobre a riqueza cultural brasileira.<\/p>\n<div class=\"details-table-wrapper\">\n<table class=\"product-details-table\">\n<tbody>\n<tr>\n<td>Autor<\/td>\n<td>P\u00e9 da Letra<\/td>\n<\/tr>\n<tr>\n<td>ISBN<\/td>\n<td>9786558886693<\/td>\n<\/tr>\n<tr>\n<td>Editora<\/td>\n<td>P\u00e9 da Letra<\/td>\n<\/tr>\n<tr>\n<td>N\u00ba de p\u00e1ginas<\/td>\n<td>16<\/td>\n<\/tr>\n<\/tbody>\n<\/table>\n<\/div>\n","protected":false},"excerpt":{"rendered":"<p>Os Povos do Brasil &#8211; Japoneses apresenta de forma did\u00e1tica a influ\u00eancia dos imigrantes japoneses na forma\u00e7\u00e3o cultural do Brasil. A obra destaca costumes, tradi\u00e7\u00f5es, culin\u00e1ria e contribui\u00e7\u00f5es desses povos em \u00e1reas como agricultura, artes e h\u00e1bitos do cotidiano. Com<\/p>\n","protected":false},"featured_media":6098,"comment_status":"open","ping_status":"closed","template":"","meta":[],"product_brand":[],"product_cat":[214],"product_tag":[],"class_list":{"0":"post-6099","1":"product","2":"type-product","3":"status-publish","6":"product_cat-afro-brasileira-e-indigena","8":"first","9":"instock","10":"shipping-taxable","11":"purchasable","12":"product-type-simple"},"_links":{"self":[{"href":"https:\/\/educaredigital.online\/loja\/wp-json\/wp\/v2\/product\/6099","targetHints":{"allow":["GET"]}}],"collection":[{"href":"https:\/\/educaredigital.online\/loja\/wp-json\/wp\/v2\/product"}],"about":[{"href":"https:\/\/educaredigital.online\/loja\/wp-json\/wp\/v2\/types\/product"}],"replies":[{"embeddable":true,"href":"https:\/\/educaredigital.online\/loja\/wp-json\/wp\/v2\/comments?post=6099"}],"wp:featuredmedia":[{"embeddable":true,"href":"https:\/\/educaredigital.online\/loja\/wp-json\/wp\/v2\/media\/6098"}],"wp:attachment":[{"href":"https:\/\/educaredigital.online\/loja\/wp-json\/wp\/v2\/media?parent=6099"}],"wp:term":[{"taxonomy":"product_brand","embeddable":true,"href":"https:\/\/educaredigital.online\/loja\/wp-json\/wp\/v2\/product_brand?post=6099"},{"taxonomy":"product_cat","embeddable":true,"href":"https:\/\/educaredigital.online\/loja\/wp-json\/wp\/v2\/product_cat?post=6099"},{"taxonomy":"product_tag","embeddable":true,"href":"https:\/\/educaredigital.online\/loja\/wp-json\/wp\/v2\/product_tag?post=6099"}],"curies":[{"name":"wp","href":"https:\/\/api.w.org\/{rel}","templated":true}]}}