{"id":6097,"date":"2026-04-01T12:26:11","date_gmt":"2026-04-01T12:26:11","guid":{"rendered":"https:\/\/educaredigital.online\/loja\/produto\/os-povos-do-brasil-arabes\/"},"modified":"2026-04-07T13:52:33","modified_gmt":"2026-04-07T13:52:33","slug":"os-povos-do-brasil-arabes","status":"publish","type":"product","link":"https:\/\/educaredigital.online\/loja\/produto\/os-povos-do-brasil-arabes\/","title":{"rendered":"Os Povos do Brasil &#8211; \u00c1rabes"},"content":{"rendered":"<p><strong>Os Povos do Brasil &#8211; \u00c1rabes<\/strong> apresenta de forma clara e envolvente a contribui\u00e7\u00e3o dos povos \u00e1rabes na forma\u00e7\u00e3o cultural do Brasil. A obra aborda aspectos como costumes, culin\u00e1ria, tradi\u00e7\u00f5es e influ\u00eancias no com\u00e9rcio e na sociedade.<\/p>\n<p>Com linguagem simples e ilustra\u00e7\u00f5es atrativas, o livro estimula o respeito \u00e0 diversidade e o interesse pela hist\u00f3ria e pelas diferentes culturas que comp\u00f5em o pa\u00eds. Ideal para crian\u00e7as, \u00e9 uma excelente op\u00e7\u00e3o para aprender de forma leve e educativa sobre a riqueza cultural brasileira.<\/p>\n<div class=\"details-table-wrapper\">\n<table class=\"product-details-table\">\n<tbody>\n<tr>\n<td>Autor<\/td>\n<td>P\u00e9 da Letra<\/td>\n<\/tr>\n<tr>\n<td>ISBN<\/td>\n<td>9786558886686<\/td>\n<\/tr>\n<tr>\n<td>Editora<\/td>\n<td>P\u00e9 da Letra<\/td>\n<\/tr>\n<tr>\n<td>N\u00ba de p\u00e1ginas<\/td>\n<td>16<\/td>\n<\/tr>\n<\/tbody>\n<\/table>\n<\/div>\n","protected":false},"excerpt":{"rendered":"<p>Os Povos do Brasil &#8211; \u00c1rabes apresenta de forma clara e envolvente a contribui\u00e7\u00e3o dos povos \u00e1rabes na forma\u00e7\u00e3o cultural do Brasil. A obra aborda aspectos como costumes, culin\u00e1ria, tradi\u00e7\u00f5es e influ\u00eancias no com\u00e9rcio e na sociedade. Com linguagem simples<\/p>\n","protected":false},"featured_media":6096,"comment_status":"open","ping_status":"closed","template":"","meta":[],"product_brand":[],"product_cat":[214],"product_tag":[],"class_list":{"0":"post-6097","1":"product","2":"type-product","3":"status-publish","6":"product_cat-afro-brasileira-e-indigena","8":"first","9":"instock","10":"shipping-taxable","11":"purchasable","12":"product-type-simple"},"_links":{"self":[{"href":"https:\/\/educaredigital.online\/loja\/wp-json\/wp\/v2\/product\/6097","targetHints":{"allow":["GET"]}}],"collection":[{"href":"https:\/\/educaredigital.online\/loja\/wp-json\/wp\/v2\/product"}],"about":[{"href":"https:\/\/educaredigital.online\/loja\/wp-json\/wp\/v2\/types\/product"}],"replies":[{"embeddable":true,"href":"https:\/\/educaredigital.online\/loja\/wp-json\/wp\/v2\/comments?post=6097"}],"wp:featuredmedia":[{"embeddable":true,"href":"https:\/\/educaredigital.online\/loja\/wp-json\/wp\/v2\/media\/6096"}],"wp:attachment":[{"href":"https:\/\/educaredigital.online\/loja\/wp-json\/wp\/v2\/media?parent=6097"}],"wp:term":[{"taxonomy":"product_brand","embeddable":true,"href":"https:\/\/educaredigital.online\/loja\/wp-json\/wp\/v2\/product_brand?post=6097"},{"taxonomy":"product_cat","embeddable":true,"href":"https:\/\/educaredigital.online\/loja\/wp-json\/wp\/v2\/product_cat?post=6097"},{"taxonomy":"product_tag","embeddable":true,"href":"https:\/\/educaredigital.online\/loja\/wp-json\/wp\/v2\/product_tag?post=6097"}],"curies":[{"name":"wp","href":"https:\/\/api.w.org\/{rel}","templated":true}]}}