{"id":6095,"date":"2026-04-01T12:26:10","date_gmt":"2026-04-01T12:26:10","guid":{"rendered":"https:\/\/educaredigital.online\/loja\/produto\/os-povos-do-brasil-alemaes\/"},"modified":"2026-04-07T13:52:41","modified_gmt":"2026-04-07T13:52:41","slug":"os-povos-do-brasil-alemaes","status":"publish","type":"product","link":"https:\/\/educaredigital.online\/loja\/produto\/os-povos-do-brasil-alemaes\/","title":{"rendered":"Os Povos do Brasil &#8211; Alem\u00e3es"},"content":{"rendered":"<p><strong>Os Povos do Brasil &#8211; Alem\u00e3es<\/strong> apresenta de forma acess\u00edvel a influ\u00eancia dos imigrantes alem\u00e3es na forma\u00e7\u00e3o cultural do Brasil. A obra destaca costumes, tradi\u00e7\u00f5es, culin\u00e1ria e contribui\u00e7\u00f5es desses povos em diferentes regi\u00f5es do pa\u00eds.<\/p>\n<p>Com linguagem simples e ilustra\u00e7\u00f5es atrativas, o livro estimula o conhecimento hist\u00f3rico, o respeito \u00e0 diversidade cultural e a valoriza\u00e7\u00e3o das origens. Ideal para crian\u00e7as, \u00e9 uma excelente ferramenta para aprender sobre a diversidade que comp\u00f5e a identidade brasileira de maneira leve e educativa.<\/p>\n<div class=\"details-table-wrapper\">\n<table class=\"product-details-table\">\n<tbody>\n<tr>\n<td>Autor<\/td>\n<td>P\u00e9 da Letra<\/td>\n<\/tr>\n<tr>\n<td>ISBN<\/td>\n<td>9786558886679<\/td>\n<\/tr>\n<tr>\n<td>Editora<\/td>\n<td>P\u00e9 da Letra<\/td>\n<\/tr>\n<tr>\n<td>N\u00ba de p\u00e1ginas<\/td>\n<td>16<\/td>\n<\/tr>\n<\/tbody>\n<\/table>\n<\/div>\n","protected":false},"excerpt":{"rendered":"<p>Os Povos do Brasil &#8211; Alem\u00e3es apresenta de forma acess\u00edvel a influ\u00eancia dos imigrantes alem\u00e3es na forma\u00e7\u00e3o cultural do Brasil. A obra destaca costumes, tradi\u00e7\u00f5es, culin\u00e1ria e contribui\u00e7\u00f5es desses povos em diferentes regi\u00f5es do pa\u00eds. Com linguagem simples e ilustra\u00e7\u00f5es<\/p>\n","protected":false},"featured_media":6094,"comment_status":"open","ping_status":"closed","template":"","meta":[],"product_brand":[],"product_cat":[214],"product_tag":[],"class_list":{"0":"post-6095","1":"product","2":"type-product","3":"status-publish","6":"product_cat-afro-brasileira-e-indigena","8":"first","9":"instock","10":"shipping-taxable","11":"purchasable","12":"product-type-simple"},"_links":{"self":[{"href":"https:\/\/educaredigital.online\/loja\/wp-json\/wp\/v2\/product\/6095","targetHints":{"allow":["GET"]}}],"collection":[{"href":"https:\/\/educaredigital.online\/loja\/wp-json\/wp\/v2\/product"}],"about":[{"href":"https:\/\/educaredigital.online\/loja\/wp-json\/wp\/v2\/types\/product"}],"replies":[{"embeddable":true,"href":"https:\/\/educaredigital.online\/loja\/wp-json\/wp\/v2\/comments?post=6095"}],"wp:featuredmedia":[{"embeddable":true,"href":"https:\/\/educaredigital.online\/loja\/wp-json\/wp\/v2\/media\/6094"}],"wp:attachment":[{"href":"https:\/\/educaredigital.online\/loja\/wp-json\/wp\/v2\/media?parent=6095"}],"wp:term":[{"taxonomy":"product_brand","embeddable":true,"href":"https:\/\/educaredigital.online\/loja\/wp-json\/wp\/v2\/product_brand?post=6095"},{"taxonomy":"product_cat","embeddable":true,"href":"https:\/\/educaredigital.online\/loja\/wp-json\/wp\/v2\/product_cat?post=6095"},{"taxonomy":"product_tag","embeddable":true,"href":"https:\/\/educaredigital.online\/loja\/wp-json\/wp\/v2\/product_tag?post=6095"}],"curies":[{"name":"wp","href":"https:\/\/api.w.org\/{rel}","templated":true}]}}