{"id":6093,"date":"2026-04-01T12:26:06","date_gmt":"2026-04-01T12:26:06","guid":{"rendered":"https:\/\/educaredigital.online\/loja\/produto\/os-povos-do-brasil-africanos\/"},"modified":"2026-04-07T13:54:06","modified_gmt":"2026-04-07T13:54:06","slug":"os-povos-do-brasil-africanos","status":"publish","type":"product","link":"https:\/\/educaredigital.online\/loja\/produto\/os-povos-do-brasil-africanos\/","title":{"rendered":"Os Povos do Brasil &#8211; Africanos"},"content":{"rendered":"<p><strong>Os Povos do Brasil &#8211; Africanos<\/strong> apresenta de forma did\u00e1tica e acess\u00edvel a import\u00e2ncia dos povos africanos na forma\u00e7\u00e3o da cultura brasileira. A obra aborda aspectos hist\u00f3ricos, culturais e sociais, destacando contribui\u00e7\u00f5es fundamentais em \u00e1reas como culin\u00e1ria, m\u00fasica, religi\u00e3o e tradi\u00e7\u00f5es.<\/p>\n<p>Com linguagem simples e ilustra\u00e7\u00f5es atrativas, o livro estimula o respeito \u00e0 diversidade, a valoriza\u00e7\u00e3o das origens e o entendimento da hist\u00f3ria do Brasil. Ideal para crian\u00e7as, \u00e9 uma excelente ferramenta para aprendizado e forma\u00e7\u00e3o de consci\u00eancia cultural desde cedo.<\/p>\n<div class=\"details-table-wrapper\">\n<table class=\"product-details-table\">\n<tbody>\n<tr>\n<td>Autor<\/td>\n<td>P\u00e9 da Letra<\/td>\n<\/tr>\n<tr>\n<td>ISBN<\/td>\n<td>9786558886761<\/td>\n<\/tr>\n<tr>\n<td>Editora<\/td>\n<td>P\u00e9 da Letra<\/td>\n<\/tr>\n<tr>\n<td>N\u00ba de p\u00e1ginas<\/td>\n<td>16<\/td>\n<\/tr>\n<\/tbody>\n<\/table>\n<\/div>\n","protected":false},"excerpt":{"rendered":"<p>Os Povos do Brasil &#8211; Africanos apresenta de forma did\u00e1tica e acess\u00edvel a import\u00e2ncia dos povos africanos na forma\u00e7\u00e3o da cultura brasileira. A obra aborda aspectos hist\u00f3ricos, culturais e sociais, destacando contribui\u00e7\u00f5es fundamentais em \u00e1reas como culin\u00e1ria, m\u00fasica, religi\u00e3o e<\/p>\n","protected":false},"featured_media":6092,"comment_status":"open","ping_status":"closed","template":"","meta":[],"product_brand":[],"product_cat":[214],"product_tag":[],"class_list":{"0":"post-6093","1":"product","2":"type-product","3":"status-publish","6":"product_cat-afro-brasileira-e-indigena","8":"first","9":"instock","10":"shipping-taxable","11":"purchasable","12":"product-type-simple"},"_links":{"self":[{"href":"https:\/\/educaredigital.online\/loja\/wp-json\/wp\/v2\/product\/6093","targetHints":{"allow":["GET"]}}],"collection":[{"href":"https:\/\/educaredigital.online\/loja\/wp-json\/wp\/v2\/product"}],"about":[{"href":"https:\/\/educaredigital.online\/loja\/wp-json\/wp\/v2\/types\/product"}],"replies":[{"embeddable":true,"href":"https:\/\/educaredigital.online\/loja\/wp-json\/wp\/v2\/comments?post=6093"}],"wp:featuredmedia":[{"embeddable":true,"href":"https:\/\/educaredigital.online\/loja\/wp-json\/wp\/v2\/media\/6092"}],"wp:attachment":[{"href":"https:\/\/educaredigital.online\/loja\/wp-json\/wp\/v2\/media?parent=6093"}],"wp:term":[{"taxonomy":"product_brand","embeddable":true,"href":"https:\/\/educaredigital.online\/loja\/wp-json\/wp\/v2\/product_brand?post=6093"},{"taxonomy":"product_cat","embeddable":true,"href":"https:\/\/educaredigital.online\/loja\/wp-json\/wp\/v2\/product_cat?post=6093"},{"taxonomy":"product_tag","embeddable":true,"href":"https:\/\/educaredigital.online\/loja\/wp-json\/wp\/v2\/product_tag?post=6093"}],"curies":[{"name":"wp","href":"https:\/\/api.w.org\/{rel}","templated":true}]}}