{"id":6089,"date":"2026-04-01T12:25:59","date_gmt":"2026-04-01T12:25:59","guid":{"rendered":"https:\/\/educaredigital.online\/loja\/produto\/olhinhos-curiosos-tobi-o-tigre\/"},"modified":"2026-04-09T17:28:39","modified_gmt":"2026-04-09T17:28:39","slug":"olhinhos-curiosos-tobi-o-tigre","status":"publish","type":"product","link":"https:\/\/educaredigital.online\/loja\/produto\/olhinhos-curiosos-tobi-o-tigre\/","title":{"rendered":"Olhinhos Curiosos &#8211; Tobi o Tigre"},"content":{"rendered":"<div class=\"details-table-wrapper\">\n<p><strong>Olhinhos Curiosos &#8211; Tobi o Tigre<\/strong> \u00e9 uma hist\u00f3ria divertida e envolvente que convida as crian\u00e7as a explorarem o mundo com curiosidade e imagina\u00e7\u00e3o. Acompanhando Tobi, o tigre, os pequenos vivenciam descobertas cheias de cor e aventura.<\/p>\n<p>Com linguagem simples e ilustra\u00e7\u00f5es vibrantes, o livro estimula a percep\u00e7\u00e3o visual, a aten\u00e7\u00e3o e o interesse pela leitura. Ideal para os primeiros anos, \u00e9 uma excelente op\u00e7\u00e3o para aprender brincando e transformar a leitura em um momento leve e divertido.<\/p>\n<table class=\"product-details-table\">\n<tbody>\n<tr>\n<td>Autor<\/td>\n<td>P\u00e9 da Letra<\/td>\n<\/tr>\n<tr>\n<td>ISBN<\/td>\n<td>9786558884880<\/td>\n<\/tr>\n<tr>\n<td>Editora<\/td>\n<td>P\u00e9 da Letra<\/td>\n<\/tr>\n<tr>\n<td>N\u00ba de p\u00e1ginas<\/td>\n<td>8<\/td>\n<\/tr>\n<\/tbody>\n<\/table>\n<\/div>\n","protected":false},"excerpt":{"rendered":"<p>Olhinhos Curiosos &#8211; Tobi o Tigre \u00e9 uma hist\u00f3ria divertida e envolvente que convida as crian\u00e7as a explorarem o mundo com curiosidade e imagina\u00e7\u00e3o. Acompanhando Tobi, o tigre, os pequenos vivenciam descobertas cheias de cor e aventura. Com linguagem simples<\/p>\n","protected":false},"featured_media":6088,"comment_status":"open","ping_status":"closed","template":"","meta":[],"product_brand":[],"product_cat":[200],"product_tag":[],"class_list":{"0":"post-6089","1":"product","2":"type-product","3":"status-publish","6":"product_cat-0-a-3-anos","8":"first","9":"instock","10":"shipping-taxable","11":"purchasable","12":"product-type-simple"},"_links":{"self":[{"href":"https:\/\/educaredigital.online\/loja\/wp-json\/wp\/v2\/product\/6089","targetHints":{"allow":["GET"]}}],"collection":[{"href":"https:\/\/educaredigital.online\/loja\/wp-json\/wp\/v2\/product"}],"about":[{"href":"https:\/\/educaredigital.online\/loja\/wp-json\/wp\/v2\/types\/product"}],"replies":[{"embeddable":true,"href":"https:\/\/educaredigital.online\/loja\/wp-json\/wp\/v2\/comments?post=6089"}],"wp:featuredmedia":[{"embeddable":true,"href":"https:\/\/educaredigital.online\/loja\/wp-json\/wp\/v2\/media\/6088"}],"wp:attachment":[{"href":"https:\/\/educaredigital.online\/loja\/wp-json\/wp\/v2\/media?parent=6089"}],"wp:term":[{"taxonomy":"product_brand","embeddable":true,"href":"https:\/\/educaredigital.online\/loja\/wp-json\/wp\/v2\/product_brand?post=6089"},{"taxonomy":"product_cat","embeddable":true,"href":"https:\/\/educaredigital.online\/loja\/wp-json\/wp\/v2\/product_cat?post=6089"},{"taxonomy":"product_tag","embeddable":true,"href":"https:\/\/educaredigital.online\/loja\/wp-json\/wp\/v2\/product_tag?post=6089"}],"curies":[{"name":"wp","href":"https:\/\/api.w.org\/{rel}","templated":true}]}}