{"id":6087,"date":"2026-04-01T12:25:57","date_gmt":"2026-04-01T12:25:57","guid":{"rendered":"https:\/\/educaredigital.online\/loja\/produto\/olhinhos-curiosos-selva\/"},"modified":"2026-04-09T17:28:39","modified_gmt":"2026-04-09T17:28:39","slug":"olhinhos-curiosos-selva","status":"publish","type":"product","link":"https:\/\/educaredigital.online\/loja\/produto\/olhinhos-curiosos-selva\/","title":{"rendered":"Olhinhos Curiosos &#8211; Selva"},"content":{"rendered":"<div class=\"details-table-wrapper\">\n<p><strong>Olhinhos Curiosos &#8211; Selva<\/strong> convida as crian\u00e7as a explorarem o universo da selva de forma divertida e envolvente. Com elementos visuais atrativos, a obra desperta a curiosidade ao apresentar animais e cen\u00e1rios t\u00edpicos desse ambiente.<\/p>\n<p>Com linguagem simples e ilustra\u00e7\u00f5es coloridas, o livro estimula a percep\u00e7\u00e3o visual, a aten\u00e7\u00e3o e a imagina\u00e7\u00e3o. Ideal para os primeiros anos, \u00e9 uma excelente op\u00e7\u00e3o para aprender brincando e descobrir os mist\u00e9rios da selva de maneira l\u00fadica.<\/p>\n<table class=\"product-details-table\">\n<tbody>\n<tr>\n<td>Autor<\/td>\n<td>P\u00e9 da Letra<\/td>\n<\/tr>\n<tr>\n<td>ISBN<\/td>\n<td>9788595201682<\/td>\n<\/tr>\n<tr>\n<td>Editora<\/td>\n<td>P\u00e9 da Letra<\/td>\n<\/tr>\n<tr>\n<td>N\u00ba de p\u00e1ginas<\/td>\n<td>8<\/td>\n<\/tr>\n<\/tbody>\n<\/table>\n<\/div>\n","protected":false},"excerpt":{"rendered":"<p>Olhinhos Curiosos &#8211; Selva convida as crian\u00e7as a explorarem o universo da selva de forma divertida e envolvente. Com elementos visuais atrativos, a obra desperta a curiosidade ao apresentar animais e cen\u00e1rios t\u00edpicos desse ambiente. Com linguagem simples e ilustra\u00e7\u00f5es<\/p>\n","protected":false},"featured_media":6086,"comment_status":"open","ping_status":"closed","template":"","meta":[],"product_brand":[],"product_cat":[200],"product_tag":[],"class_list":{"0":"post-6087","1":"product","2":"type-product","3":"status-publish","6":"product_cat-0-a-3-anos","8":"first","9":"instock","10":"shipping-taxable","11":"purchasable","12":"product-type-simple"},"_links":{"self":[{"href":"https:\/\/educaredigital.online\/loja\/wp-json\/wp\/v2\/product\/6087","targetHints":{"allow":["GET"]}}],"collection":[{"href":"https:\/\/educaredigital.online\/loja\/wp-json\/wp\/v2\/product"}],"about":[{"href":"https:\/\/educaredigital.online\/loja\/wp-json\/wp\/v2\/types\/product"}],"replies":[{"embeddable":true,"href":"https:\/\/educaredigital.online\/loja\/wp-json\/wp\/v2\/comments?post=6087"}],"wp:featuredmedia":[{"embeddable":true,"href":"https:\/\/educaredigital.online\/loja\/wp-json\/wp\/v2\/media\/6086"}],"wp:attachment":[{"href":"https:\/\/educaredigital.online\/loja\/wp-json\/wp\/v2\/media?parent=6087"}],"wp:term":[{"taxonomy":"product_brand","embeddable":true,"href":"https:\/\/educaredigital.online\/loja\/wp-json\/wp\/v2\/product_brand?post=6087"},{"taxonomy":"product_cat","embeddable":true,"href":"https:\/\/educaredigital.online\/loja\/wp-json\/wp\/v2\/product_cat?post=6087"},{"taxonomy":"product_tag","embeddable":true,"href":"https:\/\/educaredigital.online\/loja\/wp-json\/wp\/v2\/product_tag?post=6087"}],"curies":[{"name":"wp","href":"https:\/\/api.w.org\/{rel}","templated":true}]}}