{"id":6075,"date":"2026-04-01T12:25:43","date_gmt":"2026-04-01T12:25:43","guid":{"rendered":"https:\/\/educaredigital.online\/loja\/produto\/olhinhos-curiosos-a-pequena-princesa\/"},"modified":"2026-04-09T17:28:38","modified_gmt":"2026-04-09T17:28:38","slug":"olhinhos-curiosos-a-pequena-princesa","status":"publish","type":"product","link":"https:\/\/educaredigital.online\/loja\/produto\/olhinhos-curiosos-a-pequena-princesa\/","title":{"rendered":"Olhinhos Curiosos &#8211; A Pequena Princesa"},"content":{"rendered":"<p><strong>Olhinhos Curiosos &#8211; A Pequena Princesa<\/strong> \u00e9 uma obra encantadora que convida as crian\u00e7as a explorarem um mundo cheio de magia e descobertas. Com elementos visuais atrativos, a hist\u00f3ria envolve os pequenos em uma experi\u00eancia l\u00fadica, estimulando a curiosidade a cada p\u00e1gina.<\/p>\n<p>Com linguagem simples e ilustra\u00e7\u00f5es coloridas, o livro contribui para o desenvolvimento da percep\u00e7\u00e3o visual, da aten\u00e7\u00e3o e da imagina\u00e7\u00e3o. Ideal para os primeiros anos, \u00e9 uma excelente op\u00e7\u00e3o para transformar a leitura em um momento divertido e interativo.<\/p>\n<div class=\"details-table-wrapper\">\n<table class=\"product-details-table\">\n<tbody>\n<tr>\n<td>Autor<\/td>\n<td>P\u00e9 da Letra<\/td>\n<\/tr>\n<tr>\n<td>ISBN<\/td>\n<td>9786558884873<\/td>\n<\/tr>\n<tr>\n<td>Editora<\/td>\n<td>P\u00e9 da Letra<\/td>\n<\/tr>\n<tr>\n<td>N\u00ba de p\u00e1ginas<\/td>\n<td>8<\/td>\n<\/tr>\n<\/tbody>\n<\/table>\n<\/div>\n","protected":false},"excerpt":{"rendered":"<p>Olhinhos Curiosos &#8211; A Pequena Princesa \u00e9 uma obra encantadora que convida as crian\u00e7as a explorarem um mundo cheio de magia e descobertas. Com elementos visuais atrativos, a hist\u00f3ria envolve os pequenos em uma experi\u00eancia l\u00fadica, estimulando a curiosidade a<\/p>\n","protected":false},"featured_media":6074,"comment_status":"open","ping_status":"closed","template":"","meta":[],"product_brand":[],"product_cat":[200],"product_tag":[],"class_list":{"0":"post-6075","1":"product","2":"type-product","3":"status-publish","6":"product_cat-0-a-3-anos","8":"first","9":"instock","10":"shipping-taxable","11":"purchasable","12":"product-type-simple"},"_links":{"self":[{"href":"https:\/\/educaredigital.online\/loja\/wp-json\/wp\/v2\/product\/6075","targetHints":{"allow":["GET"]}}],"collection":[{"href":"https:\/\/educaredigital.online\/loja\/wp-json\/wp\/v2\/product"}],"about":[{"href":"https:\/\/educaredigital.online\/loja\/wp-json\/wp\/v2\/types\/product"}],"replies":[{"embeddable":true,"href":"https:\/\/educaredigital.online\/loja\/wp-json\/wp\/v2\/comments?post=6075"}],"wp:featuredmedia":[{"embeddable":true,"href":"https:\/\/educaredigital.online\/loja\/wp-json\/wp\/v2\/media\/6074"}],"wp:attachment":[{"href":"https:\/\/educaredigital.online\/loja\/wp-json\/wp\/v2\/media?parent=6075"}],"wp:term":[{"taxonomy":"product_brand","embeddable":true,"href":"https:\/\/educaredigital.online\/loja\/wp-json\/wp\/v2\/product_brand?post=6075"},{"taxonomy":"product_cat","embeddable":true,"href":"https:\/\/educaredigital.online\/loja\/wp-json\/wp\/v2\/product_cat?post=6075"},{"taxonomy":"product_tag","embeddable":true,"href":"https:\/\/educaredigital.online\/loja\/wp-json\/wp\/v2\/product_tag?post=6075"}],"curies":[{"name":"wp","href":"https:\/\/api.w.org\/{rel}","templated":true}]}}