{"id":6073,"date":"2026-04-01T12:25:40","date_gmt":"2026-04-01T12:25:40","guid":{"rendered":"https:\/\/educaredigital.online\/loja\/produto\/olhinhos-o-que-voce-viu-pequeno-pintinho\/"},"modified":"2026-04-09T17:28:38","modified_gmt":"2026-04-09T17:28:38","slug":"olhinhos-o-que-voce-viu-pequeno-pintinho","status":"publish","type":"product","link":"https:\/\/educaredigital.online\/loja\/produto\/olhinhos-o-que-voce-viu-pequeno-pintinho\/","title":{"rendered":"Olhinhos: O que voc\u00ea viu? Pequeno Pintinho"},"content":{"rendered":"<p><strong>Olhinhos: O que voc\u00ea viu? Pequeno Pintinho<\/strong> \u00e9 uma op\u00e7\u00e3o encantadora que convida as crian\u00e7as a explorarem o mundo com curiosidade e aten\u00e7\u00e3o. Acompanhando o pequeno pintinho, os leitores participam de descobertas divertidas a cada p\u00e1gina.<\/p>\n<p>Com linguagem simples e ilustra\u00e7\u00f5es coloridas, o livro estimula a percep\u00e7\u00e3o visual, a concentra\u00e7\u00e3o e a imagina\u00e7\u00e3o. Ideal para os primeiros anos, \u00e9 uma excelente forma de incentivar o aprendizado e tornar a leitura um momento interativo e cheio de divers\u00e3o.<\/p>\n<div class=\"details-table-wrapper\">\n<table class=\"product-details-table\">\n<tbody>\n<tr>\n<td>Autor<\/td>\n<td>P\u00e9 da Letra<\/td>\n<\/tr>\n<tr>\n<td>ISBN<\/td>\n<td>9788595202832<\/td>\n<\/tr>\n<tr>\n<td>Editora<\/td>\n<td>P\u00e9 da Letra<\/td>\n<\/tr>\n<tr>\n<td>N\u00ba de p\u00e1ginas<\/td>\n<td>8<\/td>\n<\/tr>\n<\/tbody>\n<\/table>\n<\/div>\n","protected":false},"excerpt":{"rendered":"<p>Olhinhos: O que voc\u00ea viu? Pequeno Pintinho \u00e9 uma op\u00e7\u00e3o encantadora que convida as crian\u00e7as a explorarem o mundo com curiosidade e aten\u00e7\u00e3o. Acompanhando o pequeno pintinho, os leitores participam de descobertas divertidas a cada p\u00e1gina. Com linguagem simples e<\/p>\n","protected":false},"featured_media":6072,"comment_status":"open","ping_status":"closed","template":"","meta":[],"product_brand":[],"product_cat":[200],"product_tag":[],"class_list":{"0":"post-6073","1":"product","2":"type-product","3":"status-publish","6":"product_cat-0-a-3-anos","8":"first","9":"instock","10":"shipping-taxable","11":"purchasable","12":"product-type-simple"},"_links":{"self":[{"href":"https:\/\/educaredigital.online\/loja\/wp-json\/wp\/v2\/product\/6073","targetHints":{"allow":["GET"]}}],"collection":[{"href":"https:\/\/educaredigital.online\/loja\/wp-json\/wp\/v2\/product"}],"about":[{"href":"https:\/\/educaredigital.online\/loja\/wp-json\/wp\/v2\/types\/product"}],"replies":[{"embeddable":true,"href":"https:\/\/educaredigital.online\/loja\/wp-json\/wp\/v2\/comments?post=6073"}],"wp:featuredmedia":[{"embeddable":true,"href":"https:\/\/educaredigital.online\/loja\/wp-json\/wp\/v2\/media\/6072"}],"wp:attachment":[{"href":"https:\/\/educaredigital.online\/loja\/wp-json\/wp\/v2\/media?parent=6073"}],"wp:term":[{"taxonomy":"product_brand","embeddable":true,"href":"https:\/\/educaredigital.online\/loja\/wp-json\/wp\/v2\/product_brand?post=6073"},{"taxonomy":"product_cat","embeddable":true,"href":"https:\/\/educaredigital.online\/loja\/wp-json\/wp\/v2\/product_cat?post=6073"},{"taxonomy":"product_tag","embeddable":true,"href":"https:\/\/educaredigital.online\/loja\/wp-json\/wp\/v2\/product_tag?post=6073"}],"curies":[{"name":"wp","href":"https:\/\/api.w.org\/{rel}","templated":true}]}}