{"id":6065,"date":"2026-04-01T12:25:33","date_gmt":"2026-04-01T12:25:33","guid":{"rendered":"https:\/\/educaredigital.online\/loja\/produto\/o-maravilhoso-mundo-da-natureza\/"},"modified":"2026-04-09T14:17:19","modified_gmt":"2026-04-09T14:17:19","slug":"o-maravilhoso-mundo-da-natureza","status":"publish","type":"product","link":"https:\/\/educaredigital.online\/loja\/produto\/o-maravilhoso-mundo-da-natureza\/","title":{"rendered":"O Maravilhoso Mundo da Natureza"},"content":{"rendered":"<div class=\"details-table-wrapper\">\n<p><strong>O Maravilhoso Mundo da Natureza<\/strong> convida as crian\u00e7as a explorarem as belezas e curiosidades do meio ambiente de forma leve e envolvente. A obra apresenta elementos da natureza como animais, plantas e ecossistemas, despertando o interesse e a admira\u00e7\u00e3o pelo mundo natural.<\/p>\n<p>Com linguagem simples e ilustra\u00e7\u00f5es coloridas, o livro estimula a curiosidade, o aprendizado e a consci\u00eancia ambiental desde cedo. Ideal para os pequenos, \u00e9 uma excelente op\u00e7\u00e3o para aprender sobre a natureza de maneira divertida e educativa.<\/p>\n<table class=\"product-details-table\">\n<tbody>\n<tr>\n<td>Autor<\/td>\n<td>Polly Cheeseman<\/td>\n<\/tr>\n<tr>\n<td>ISBN<\/td>\n<td>9786558888628<\/td>\n<\/tr>\n<tr>\n<td>Editora<\/td>\n<td>P\u00e9 da Letra<\/td>\n<\/tr>\n<tr>\n<td>N\u00ba de p\u00e1ginas<\/td>\n<td>192<\/td>\n<\/tr>\n<\/tbody>\n<\/table>\n<\/div>\n","protected":false},"excerpt":{"rendered":"<p>O Maravilhoso Mundo da Natureza convida as crian\u00e7as a explorarem as belezas e curiosidades do meio ambiente de forma leve e envolvente. A obra apresenta elementos da natureza como animais, plantas e ecossistemas, despertando o interesse e a admira\u00e7\u00e3o pelo<\/p>\n","protected":false},"featured_media":6064,"comment_status":"open","ping_status":"closed","template":"","meta":[],"product_brand":[],"product_cat":[205],"product_tag":[],"class_list":{"0":"post-6065","1":"product","2":"type-product","3":"status-publish","6":"product_cat-fundamental-4-ao-5","8":"first","9":"instock","10":"shipping-taxable","11":"purchasable","12":"product-type-simple"},"_links":{"self":[{"href":"https:\/\/educaredigital.online\/loja\/wp-json\/wp\/v2\/product\/6065","targetHints":{"allow":["GET"]}}],"collection":[{"href":"https:\/\/educaredigital.online\/loja\/wp-json\/wp\/v2\/product"}],"about":[{"href":"https:\/\/educaredigital.online\/loja\/wp-json\/wp\/v2\/types\/product"}],"replies":[{"embeddable":true,"href":"https:\/\/educaredigital.online\/loja\/wp-json\/wp\/v2\/comments?post=6065"}],"wp:featuredmedia":[{"embeddable":true,"href":"https:\/\/educaredigital.online\/loja\/wp-json\/wp\/v2\/media\/6064"}],"wp:attachment":[{"href":"https:\/\/educaredigital.online\/loja\/wp-json\/wp\/v2\/media?parent=6065"}],"wp:term":[{"taxonomy":"product_brand","embeddable":true,"href":"https:\/\/educaredigital.online\/loja\/wp-json\/wp\/v2\/product_brand?post=6065"},{"taxonomy":"product_cat","embeddable":true,"href":"https:\/\/educaredigital.online\/loja\/wp-json\/wp\/v2\/product_cat?post=6065"},{"taxonomy":"product_tag","embeddable":true,"href":"https:\/\/educaredigital.online\/loja\/wp-json\/wp\/v2\/product_tag?post=6065"}],"curies":[{"name":"wp","href":"https:\/\/api.w.org\/{rel}","templated":true}]}}