{"id":6063,"date":"2026-04-01T12:25:32","date_gmt":"2026-04-01T12:25:32","guid":{"rendered":"https:\/\/educaredigital.online\/loja\/produto\/o-magico-de-oz\/"},"modified":"2026-04-07T13:17:27","modified_gmt":"2026-04-07T13:17:27","slug":"o-magico-de-oz","status":"publish","type":"product","link":"https:\/\/educaredigital.online\/loja\/produto\/o-magico-de-oz\/","title":{"rendered":"O M\u00e1gico de OZ"},"content":{"rendered":"<div class=\"details-table-wrapper\">\n<p><strong>O M\u00e1gico de Oz<\/strong>, de <em>L.<\/em> <em>Frank<\/em> <em>Baum<\/em>, \u00e9 um dos maiores cl\u00e1ssicos da literatura infantil. A hist\u00f3ria acompanha Dorothy, uma menina que \u00e9 levada por um ciclone a uma terra m\u00e1gica chamada Oz, onde embarca em uma jornada cheia de aventuras para encontrar o caminho de volta para casa.<\/p>\n<p>Ao longo do caminho, ela conhece personagens inesquec\u00edveis como o Espantalho, o Homem de Lata e o Le\u00e3o Covarde, que tamb\u00e9m buscam realizar seus desejos. Com uma narrativa encantadora, o livro aborda temas como amizade, coragem, intelig\u00eancia e o valor do lar. \u00c9 uma leitura atemporal que encanta crian\u00e7as e adultos.<\/p>\n<table class=\"product-details-table\">\n<tbody>\n<tr>\n<td>Autor<\/td>\n<td>L. Frank Baum<\/td>\n<\/tr>\n<tr>\n<td>ISBN<\/td>\n<td>9786558887188<\/td>\n<\/tr>\n<tr>\n<td>Editora<\/td>\n<td>P\u00e9 da Letra<\/td>\n<\/tr>\n<tr>\n<td>N\u00ba de p\u00e1ginas<\/td>\n<td>104<\/td>\n<\/tr>\n<\/tbody>\n<\/table>\n<\/div>\n","protected":false},"excerpt":{"rendered":"<p>O M\u00e1gico de Oz, de L. Frank Baum, \u00e9 um dos maiores cl\u00e1ssicos da literatura infantil. A hist\u00f3ria acompanha Dorothy, uma menina que \u00e9 levada por um ciclone a uma terra m\u00e1gica chamada Oz, onde embarca em uma jornada cheia<\/p>\n","protected":false},"featured_media":6062,"comment_status":"open","ping_status":"closed","template":"","meta":[],"product_brand":[],"product_cat":[206],"product_tag":[],"class_list":{"0":"post-6063","1":"product","2":"type-product","3":"status-publish","6":"product_cat-fundamental-2-6o-ao-9o","8":"first","9":"instock","10":"shipping-taxable","11":"purchasable","12":"product-type-simple"},"_links":{"self":[{"href":"https:\/\/educaredigital.online\/loja\/wp-json\/wp\/v2\/product\/6063","targetHints":{"allow":["GET"]}}],"collection":[{"href":"https:\/\/educaredigital.online\/loja\/wp-json\/wp\/v2\/product"}],"about":[{"href":"https:\/\/educaredigital.online\/loja\/wp-json\/wp\/v2\/types\/product"}],"replies":[{"embeddable":true,"href":"https:\/\/educaredigital.online\/loja\/wp-json\/wp\/v2\/comments?post=6063"}],"wp:featuredmedia":[{"embeddable":true,"href":"https:\/\/educaredigital.online\/loja\/wp-json\/wp\/v2\/media\/6062"}],"wp:attachment":[{"href":"https:\/\/educaredigital.online\/loja\/wp-json\/wp\/v2\/media?parent=6063"}],"wp:term":[{"taxonomy":"product_brand","embeddable":true,"href":"https:\/\/educaredigital.online\/loja\/wp-json\/wp\/v2\/product_brand?post=6063"},{"taxonomy":"product_cat","embeddable":true,"href":"https:\/\/educaredigital.online\/loja\/wp-json\/wp\/v2\/product_cat?post=6063"},{"taxonomy":"product_tag","embeddable":true,"href":"https:\/\/educaredigital.online\/loja\/wp-json\/wp\/v2\/product_tag?post=6063"}],"curies":[{"name":"wp","href":"https:\/\/api.w.org\/{rel}","templated":true}]}}