{"id":6055,"date":"2026-04-01T12:25:19","date_gmt":"2026-04-01T12:25:19","guid":{"rendered":"https:\/\/educaredigital.online\/loja\/produto\/nos-em-versos-poesias\/"},"modified":"2026-04-07T13:05:55","modified_gmt":"2026-04-07T13:05:55","slug":"nos-em-versos-poesias","status":"publish","type":"product","link":"https:\/\/educaredigital.online\/loja\/produto\/nos-em-versos-poesias\/","title":{"rendered":"N\u00f3s em Versos &#8211; Poesias"},"content":{"rendered":"<div class=\"details-table-wrapper\">\n<p><strong>N\u00f3s em Versos &#8211; Poesias<\/strong> \u00e9 uma obra sens\u00edvel que re\u00fane poemas sobre sentimentos, viv\u00eancias e reflex\u00f5es do cotidiano. Com uma escrita leve e envolvente, convida o leitor a se conectar com emo\u00e7\u00f5es como amor, saudade, sonhos e autoconhecimento.<\/p>\n<p>Com linguagem acess\u00edvel e profunda ao mesmo tempo, o livro \u00e9 ideal para quem aprecia poesia e busca momentos de reflex\u00e3o e inspira\u00e7\u00e3o. Uma excelente escolha para desacelerar e se deixar levar pela beleza das palavras.<\/p>\n<table class=\"product-details-table\">\n<tbody>\n<tr>\n<td>Autor<\/td>\n<td>Iracema Claro<\/td>\n<\/tr>\n<tr>\n<td>ISBN<\/td>\n<td>9786558881650<\/td>\n<\/tr>\n<tr>\n<td>Editora<\/td>\n<td>P\u00e9 da Letra<\/td>\n<\/tr>\n<tr>\n<td>N\u00ba de p\u00e1ginas<\/td>\n<td>162<\/td>\n<\/tr>\n<\/tbody>\n<\/table>\n<\/div>\n","protected":false},"excerpt":{"rendered":"<p>N\u00f3s em Versos &#8211; Poesias \u00e9 uma obra sens\u00edvel que re\u00fane poemas sobre sentimentos, viv\u00eancias e reflex\u00f5es do cotidiano. Com uma escrita leve e envolvente, convida o leitor a se conectar com emo\u00e7\u00f5es como amor, saudade, sonhos e autoconhecimento. Com<\/p>\n","protected":false},"featured_media":6054,"comment_status":"open","ping_status":"closed","template":"","meta":[],"product_brand":[],"product_cat":[206],"product_tag":[],"class_list":{"0":"post-6055","1":"product","2":"type-product","3":"status-publish","6":"product_cat-fundamental-2-6o-ao-9o","8":"first","9":"instock","10":"shipping-taxable","11":"purchasable","12":"product-type-simple"},"_links":{"self":[{"href":"https:\/\/educaredigital.online\/loja\/wp-json\/wp\/v2\/product\/6055","targetHints":{"allow":["GET"]}}],"collection":[{"href":"https:\/\/educaredigital.online\/loja\/wp-json\/wp\/v2\/product"}],"about":[{"href":"https:\/\/educaredigital.online\/loja\/wp-json\/wp\/v2\/types\/product"}],"replies":[{"embeddable":true,"href":"https:\/\/educaredigital.online\/loja\/wp-json\/wp\/v2\/comments?post=6055"}],"wp:featuredmedia":[{"embeddable":true,"href":"https:\/\/educaredigital.online\/loja\/wp-json\/wp\/v2\/media\/6054"}],"wp:attachment":[{"href":"https:\/\/educaredigital.online\/loja\/wp-json\/wp\/v2\/media?parent=6055"}],"wp:term":[{"taxonomy":"product_brand","embeddable":true,"href":"https:\/\/educaredigital.online\/loja\/wp-json\/wp\/v2\/product_brand?post=6055"},{"taxonomy":"product_cat","embeddable":true,"href":"https:\/\/educaredigital.online\/loja\/wp-json\/wp\/v2\/product_cat?post=6055"},{"taxonomy":"product_tag","embeddable":true,"href":"https:\/\/educaredigital.online\/loja\/wp-json\/wp\/v2\/product_tag?post=6055"}],"curies":[{"name":"wp","href":"https:\/\/api.w.org\/{rel}","templated":true}]}}