{"id":6053,"date":"2026-04-01T12:25:16","date_gmt":"2026-04-01T12:25:16","guid":{"rendered":"https:\/\/educaredigital.online\/loja\/produto\/nordicos-das-eddas-e-sagas\/"},"modified":"2026-04-07T13:04:41","modified_gmt":"2026-04-07T13:04:41","slug":"nordicos-das-eddas-e-sagas","status":"publish","type":"product","link":"https:\/\/educaredigital.online\/loja\/produto\/nordicos-das-eddas-e-sagas\/","title":{"rendered":"N\u00f3rdicos das Eddas e Sagas"},"content":{"rendered":"<div class=\"details-table-wrapper\">\n<p data-start=\"0\" data-end=\"240\"><strong><span class=\"hover:entity-accent entity-underline inline cursor-pointer align-baseline\"><span class=\"whitespace-normal\">N\u00f3rdicos das Eddas e Sagas<\/span><\/span> <\/strong>apresenta um mergulho fascinante nas tradi\u00e7\u00f5es, hist\u00f3rias e mitos dos povos n\u00f3rdicos, reunidos a partir das antigas <span class=\"hover:entity-accent entity-underline inline cursor-pointer align-baseline\"><span class=\"whitespace-normal\">Eddas<\/span><\/span> e <span class=\"hover:entity-accent entity-underline inline cursor-pointer align-baseline\"><span class=\"whitespace-normal\">Sagas<\/span><\/span>.<\/p>\n<p data-start=\"242\" data-end=\"551\" data-is-last-node=\"\" data-is-only-node=\"\">A obra explora deuses, her\u00f3is e lendas que marcaram a cultura escandinava, oferecendo uma vis\u00e3o rica sobre costumes, cren\u00e7as e aventuras \u00e9picas. Com linguagem acess\u00edvel, \u00e9 ideal tanto para iniciantes quanto para quem j\u00e1 tem interesse em mitologia, sendo uma excelente porta de entrada para o universo n\u00f3rdico.<\/p>\n<table class=\"product-details-table\">\n<tbody>\n<tr>\n<td>Autor<\/td>\n<td>H. A. Guerber<\/td>\n<\/tr>\n<tr>\n<td>ISBN<\/td>\n<td>9786558887454<\/td>\n<\/tr>\n<tr>\n<td>Editora<\/td>\n<td>P\u00e9 da Letra<\/td>\n<\/tr>\n<tr>\n<td>N\u00ba de p\u00e1ginas<\/td>\n<td>304<\/td>\n<\/tr>\n<\/tbody>\n<\/table>\n<\/div>\n","protected":false},"excerpt":{"rendered":"<p>N\u00f3rdicos das Eddas e Sagas apresenta um mergulho fascinante nas tradi\u00e7\u00f5es, hist\u00f3rias e mitos dos povos n\u00f3rdicos, reunidos a partir das antigas Eddas e Sagas. A obra explora deuses, her\u00f3is e lendas que marcaram a cultura escandinava, oferecendo uma vis\u00e3o<\/p>\n","protected":false},"featured_media":6052,"comment_status":"open","ping_status":"closed","template":"","meta":[],"product_brand":[],"product_cat":[206],"product_tag":[],"class_list":{"0":"post-6053","1":"product","2":"type-product","3":"status-publish","6":"product_cat-fundamental-2-6o-ao-9o","8":"first","9":"instock","10":"shipping-taxable","11":"purchasable","12":"product-type-simple"},"_links":{"self":[{"href":"https:\/\/educaredigital.online\/loja\/wp-json\/wp\/v2\/product\/6053","targetHints":{"allow":["GET"]}}],"collection":[{"href":"https:\/\/educaredigital.online\/loja\/wp-json\/wp\/v2\/product"}],"about":[{"href":"https:\/\/educaredigital.online\/loja\/wp-json\/wp\/v2\/types\/product"}],"replies":[{"embeddable":true,"href":"https:\/\/educaredigital.online\/loja\/wp-json\/wp\/v2\/comments?post=6053"}],"wp:featuredmedia":[{"embeddable":true,"href":"https:\/\/educaredigital.online\/loja\/wp-json\/wp\/v2\/media\/6052"}],"wp:attachment":[{"href":"https:\/\/educaredigital.online\/loja\/wp-json\/wp\/v2\/media?parent=6053"}],"wp:term":[{"taxonomy":"product_brand","embeddable":true,"href":"https:\/\/educaredigital.online\/loja\/wp-json\/wp\/v2\/product_brand?post=6053"},{"taxonomy":"product_cat","embeddable":true,"href":"https:\/\/educaredigital.online\/loja\/wp-json\/wp\/v2\/product_cat?post=6053"},{"taxonomy":"product_tag","embeddable":true,"href":"https:\/\/educaredigital.online\/loja\/wp-json\/wp\/v2\/product_tag?post=6053"}],"curies":[{"name":"wp","href":"https:\/\/api.w.org\/{rel}","templated":true}]}}