{"id":6051,"date":"2026-04-01T12:25:15","date_gmt":"2026-04-01T12:25:15","guid":{"rendered":"https:\/\/educaredigital.online\/loja\/produto\/napoleao-a-arte-da-guerra-e-do-poder\/"},"modified":"2026-04-07T13:01:30","modified_gmt":"2026-04-07T13:01:30","slug":"napoleao-a-arte-da-guerra-e-do-poder","status":"publish","type":"product","link":"https:\/\/educaredigital.online\/loja\/produto\/napoleao-a-arte-da-guerra-e-do-poder\/","title":{"rendered":"Napole\u00e3o &#8211; A Arte da Guerra e do Poder"},"content":{"rendered":"<p><strong>Napole\u00e3o &#8211; A Arte da Guerra e do Poder<\/strong> apresenta uma an\u00e1lise das estrat\u00e9gias militares, pol\u00edticas e de lideran\u00e7a de Napole\u00e3o Bonaparte, uma das figuras mais marcantes da hist\u00f3ria.<\/p>\n<p>A obra explora como suas decis\u00f5es e t\u00e1ticas influenciaram batalhas e consolidaram seu poder, trazendo reflex\u00f5es que podem ser aplicadas n\u00e3o apenas no contexto militar, mas tamb\u00e9m em lideran\u00e7a e gest\u00e3o. Com uma abordagem envolvente, o livro \u00e9 ideal para quem se interessa por hist\u00f3ria, estrat\u00e9gia e desenvolvimento pessoal.<\/p>\n<div class=\"details-table-wrapper\">\n<table class=\"product-details-table\">\n<tbody>\n<tr>\n<td>Autor<\/td>\n<td>Coronel D Aguilar<\/td>\n<\/tr>\n<tr>\n<td>ISBN<\/td>\n<td>9788595201996<\/td>\n<\/tr>\n<tr>\n<td>Editora<\/td>\n<td>P\u00e9 da Letra<\/td>\n<\/tr>\n<tr>\n<td>N\u00ba de p\u00e1ginas<\/td>\n<td>160<\/td>\n<\/tr>\n<\/tbody>\n<\/table>\n<\/div>\n","protected":false},"excerpt":{"rendered":"<p>Napole\u00e3o &#8211; A Arte da Guerra e do Poder apresenta uma an\u00e1lise das estrat\u00e9gias militares, pol\u00edticas e de lideran\u00e7a de Napole\u00e3o Bonaparte, uma das figuras mais marcantes da hist\u00f3ria. A obra explora como suas decis\u00f5es e t\u00e1ticas influenciaram batalhas e<\/p>\n","protected":false},"featured_media":6050,"comment_status":"open","ping_status":"closed","template":"","meta":[],"product_brand":[],"product_cat":[206],"product_tag":[],"class_list":{"0":"post-6051","1":"product","2":"type-product","3":"status-publish","6":"product_cat-fundamental-2-6o-ao-9o","8":"first","9":"instock","10":"shipping-taxable","11":"purchasable","12":"product-type-simple"},"_links":{"self":[{"href":"https:\/\/educaredigital.online\/loja\/wp-json\/wp\/v2\/product\/6051","targetHints":{"allow":["GET"]}}],"collection":[{"href":"https:\/\/educaredigital.online\/loja\/wp-json\/wp\/v2\/product"}],"about":[{"href":"https:\/\/educaredigital.online\/loja\/wp-json\/wp\/v2\/types\/product"}],"replies":[{"embeddable":true,"href":"https:\/\/educaredigital.online\/loja\/wp-json\/wp\/v2\/comments?post=6051"}],"wp:featuredmedia":[{"embeddable":true,"href":"https:\/\/educaredigital.online\/loja\/wp-json\/wp\/v2\/media\/6050"}],"wp:attachment":[{"href":"https:\/\/educaredigital.online\/loja\/wp-json\/wp\/v2\/media?parent=6051"}],"wp:term":[{"taxonomy":"product_brand","embeddable":true,"href":"https:\/\/educaredigital.online\/loja\/wp-json\/wp\/v2\/product_brand?post=6051"},{"taxonomy":"product_cat","embeddable":true,"href":"https:\/\/educaredigital.online\/loja\/wp-json\/wp\/v2\/product_cat?post=6051"},{"taxonomy":"product_tag","embeddable":true,"href":"https:\/\/educaredigital.online\/loja\/wp-json\/wp\/v2\/product_tag?post=6051"}],"curies":[{"name":"wp","href":"https:\/\/api.w.org\/{rel}","templated":true}]}}