{"id":6047,"date":"2026-04-01T12:25:11","date_gmt":"2026-04-01T12:25:11","guid":{"rendered":"https:\/\/educaredigital.online\/loja\/produto\/monteiro-lobato-pedrinho-e-o-saci\/"},"modified":"2026-04-09T15:04:26","modified_gmt":"2026-04-09T15:04:26","slug":"monteiro-lobato-pedrinho-e-o-saci","status":"publish","type":"product","link":"https:\/\/educaredigital.online\/loja\/produto\/monteiro-lobato-pedrinho-e-o-saci\/","title":{"rendered":"Monteiro Lobato &#8211; Pedrinho e o Saci"},"content":{"rendered":"<div class=\"details-table-wrapper\">\n<p><strong>Pedrinho e o Saci,<\/strong> de Monteiro Lobato, \u00e9 uma das aventuras mais encantadoras do S\u00edtio do Picapau Amarelo, publicada em 1932 . Nesta hist\u00f3ria, Pedrinho resolve ir atr\u00e1s do famoso Saci-Perer\u00ea, que havia sido visto nas vizinhan\u00e7as. Acompanhado da boneca Em\u00edlia, ele parte para uma jornada cheia de travessuras e perip\u00e9cias pelo mundo da fantasia brasileira, onde encontra o lend\u00e1rio personagem de uma perna s\u00f3, com seu gorro vermelho e cachimbo.<\/p>\n<p>Al\u00e9m de resgatar o folclore nacional de forma l\u00fadica e acess\u00edvel, o livro mostra Lobato preocupado em valorizar as tradi\u00e7\u00f5es culturais do pa\u00eds . Com muito humor e aventura, a obra diverte e ensina, provando que a amizade entre um menino curioso e uma boneca falante pode render descobertas inesquec\u00edveis \u2014 e muitos sustos tamb\u00e9m.<\/p>\n<table class=\"product-details-table\">\n<tbody>\n<tr>\n<td>Autor<\/td>\n<td>Monteiro Lobato<\/td>\n<\/tr>\n<tr>\n<td>ISBN<\/td>\n<td>9788595201477<\/td>\n<\/tr>\n<tr>\n<td>Editora<\/td>\n<td>P\u00e9 da Letra<\/td>\n<\/tr>\n<tr>\n<td>N\u00ba de p\u00e1ginas<\/td>\n<td>16<\/td>\n<\/tr>\n<\/tbody>\n<\/table>\n<\/div>\n","protected":false},"excerpt":{"rendered":"<p>Pedrinho e o Saci, de Monteiro Lobato, \u00e9 uma das aventuras mais encantadoras do S\u00edtio do Picapau Amarelo, publicada em 1932 . Nesta hist\u00f3ria, Pedrinho resolve ir atr\u00e1s do famoso Saci-Perer\u00ea, que havia sido visto nas vizinhan\u00e7as. Acompanhado da boneca<\/p>\n","protected":false},"featured_media":6046,"comment_status":"open","ping_status":"closed","template":"","meta":[],"product_brand":[],"product_cat":[202],"product_tag":[],"class_list":{"0":"post-6047","1":"product","2":"type-product","3":"status-publish","6":"product_cat-fundamental1-1ao3","8":"first","9":"instock","10":"shipping-taxable","11":"purchasable","12":"product-type-simple"},"_links":{"self":[{"href":"https:\/\/educaredigital.online\/loja\/wp-json\/wp\/v2\/product\/6047","targetHints":{"allow":["GET"]}}],"collection":[{"href":"https:\/\/educaredigital.online\/loja\/wp-json\/wp\/v2\/product"}],"about":[{"href":"https:\/\/educaredigital.online\/loja\/wp-json\/wp\/v2\/types\/product"}],"replies":[{"embeddable":true,"href":"https:\/\/educaredigital.online\/loja\/wp-json\/wp\/v2\/comments?post=6047"}],"wp:featuredmedia":[{"embeddable":true,"href":"https:\/\/educaredigital.online\/loja\/wp-json\/wp\/v2\/media\/6046"}],"wp:attachment":[{"href":"https:\/\/educaredigital.online\/loja\/wp-json\/wp\/v2\/media?parent=6047"}],"wp:term":[{"taxonomy":"product_brand","embeddable":true,"href":"https:\/\/educaredigital.online\/loja\/wp-json\/wp\/v2\/product_brand?post=6047"},{"taxonomy":"product_cat","embeddable":true,"href":"https:\/\/educaredigital.online\/loja\/wp-json\/wp\/v2\/product_cat?post=6047"},{"taxonomy":"product_tag","embeddable":true,"href":"https:\/\/educaredigital.online\/loja\/wp-json\/wp\/v2\/product_tag?post=6047"}],"curies":[{"name":"wp","href":"https:\/\/api.w.org\/{rel}","templated":true}]}}