{"id":6044,"date":"2026-04-01T12:25:07","date_gmt":"2026-04-01T12:25:07","guid":{"rendered":"https:\/\/educaredigital.online\/loja\/produto\/monteiro-lobato-o-gato-felix\/"},"modified":"2026-04-09T15:04:26","modified_gmt":"2026-04-09T15:04:26","slug":"monteiro-lobato-o-gato-felix","status":"publish","type":"product","link":"https:\/\/educaredigital.online\/loja\/produto\/monteiro-lobato-o-gato-felix\/","title":{"rendered":"Monteiro Lobato &#8211; O Gato F\u00e9lix"},"content":{"rendered":"<div class=\"details-table-wrapper\">\n<p><strong>O Gato F\u00e9lix,<\/strong> de Monteiro Lobato, \u00e9 um conto divertido publicado pela primeira vez em 1928 e que mais tarde foi integrado a Reina\u00e7\u00f5es de Narizinho . A hist\u00f3ria combina humor e mist\u00e9rio ao narrar as perip\u00e9cias de um gato que tenta se passar pelo famoso personagem do desenho animado estadunidense Gato F\u00e9lix, envolvendo a turma do S\u00edtio do Picapau Amarelo em uma grande confus\u00e3o.<\/p>\n<p>No S\u00edtio, o gato, Em\u00edlia e o Visconde de Sabugosa se re\u00fanem para contar suas hist\u00f3rias em uma narrativa que estimula a imagina\u00e7\u00e3o dos pequenos leitores . A obra \u00e9 considerada uma leitura relevante e divertida para o p\u00fablico infantojuvenil, despertando o gosto pela leitura e mostrando mais uma vez a genialidade de Lobato ao trazer refer\u00eancias da cultura pop para o universo do S\u00edtio.<\/p>\n<table class=\"product-details-table\">\n<tbody>\n<tr>\n<td>Autor<\/td>\n<td>Monteiro Lobato<\/td>\n<\/tr>\n<tr>\n<td>ISBN<\/td>\n<td>9788595201460<\/td>\n<\/tr>\n<tr>\n<td>Editora<\/td>\n<td>P\u00e9 da Letra<\/td>\n<\/tr>\n<tr>\n<td>N\u00ba de p\u00e1ginas<\/td>\n<td>16<\/td>\n<\/tr>\n<\/tbody>\n<\/table>\n<\/div>\n","protected":false},"excerpt":{"rendered":"<p>O Gato F\u00e9lix, de Monteiro Lobato, \u00e9 um conto divertido publicado pela primeira vez em 1928 e que mais tarde foi integrado a Reina\u00e7\u00f5es de Narizinho . A hist\u00f3ria combina humor e mist\u00e9rio ao narrar as perip\u00e9cias de um gato<\/p>\n","protected":false},"featured_media":6043,"comment_status":"open","ping_status":"closed","template":"","meta":[],"product_brand":[],"product_cat":[202],"product_tag":[],"class_list":{"0":"post-6044","1":"product","2":"type-product","3":"status-publish","6":"product_cat-fundamental1-1ao3","8":"first","9":"instock","10":"shipping-taxable","11":"purchasable","12":"product-type-simple"},"_links":{"self":[{"href":"https:\/\/educaredigital.online\/loja\/wp-json\/wp\/v2\/product\/6044","targetHints":{"allow":["GET"]}}],"collection":[{"href":"https:\/\/educaredigital.online\/loja\/wp-json\/wp\/v2\/product"}],"about":[{"href":"https:\/\/educaredigital.online\/loja\/wp-json\/wp\/v2\/types\/product"}],"replies":[{"embeddable":true,"href":"https:\/\/educaredigital.online\/loja\/wp-json\/wp\/v2\/comments?post=6044"}],"wp:featuredmedia":[{"embeddable":true,"href":"https:\/\/educaredigital.online\/loja\/wp-json\/wp\/v2\/media\/6043"}],"wp:attachment":[{"href":"https:\/\/educaredigital.online\/loja\/wp-json\/wp\/v2\/media?parent=6044"}],"wp:term":[{"taxonomy":"product_brand","embeddable":true,"href":"https:\/\/educaredigital.online\/loja\/wp-json\/wp\/v2\/product_brand?post=6044"},{"taxonomy":"product_cat","embeddable":true,"href":"https:\/\/educaredigital.online\/loja\/wp-json\/wp\/v2\/product_cat?post=6044"},{"taxonomy":"product_tag","embeddable":true,"href":"https:\/\/educaredigital.online\/loja\/wp-json\/wp\/v2\/product_tag?post=6044"}],"curies":[{"name":"wp","href":"https:\/\/api.w.org\/{rel}","templated":true}]}}