{"id":6042,"date":"2026-04-01T12:25:04","date_gmt":"2026-04-01T12:25:04","guid":{"rendered":"https:\/\/educaredigital.online\/loja\/produto\/monteiro-lobato-o-casamento-de-narizinho\/"},"modified":"2026-04-09T15:04:26","modified_gmt":"2026-04-09T15:04:26","slug":"monteiro-lobato-o-casamento-de-narizinho","status":"publish","type":"product","link":"https:\/\/educaredigital.online\/loja\/produto\/monteiro-lobato-o-casamento-de-narizinho\/","title":{"rendered":"Monteiro Lobato &#8211; O Casamento de Narizinho"},"content":{"rendered":"<div class=\"details-table-wrapper\">\n<p><strong>O Casamento de Narizinho<\/strong>, de Monteiro Lobato, \u00e9 o quarto epis\u00f3dio de Reina\u00e7\u00f5es de Narizinho. A hist\u00f3ria come\u00e7a quando o Pr\u00edncipe Escamado, do Reino das \u00c1guas Claras, adoece de amor pela menina do nariz arrebitado. O Doutor Caramujo faz o diagn\u00f3stico: &#8220;narizinhoarrebitadite&#8221; \u2014 e o \u00fanico rem\u00e9dio \u00e9 o casamento com Narizinho.<\/p>\n<p>Narizinho aceita o pedido sem pensar duas vezes e corre para contar a novidade a Dona Benta e Tia Nast\u00e1cia . Entre os preparativos da festa e as trapalhadas do Marqu\u00eas de Rabic\u00f3 \u2014 que acaba devorando a coroa do pr\u00edncipe (uma rosquinha feita pela pr\u00f3pria noiva) \u2014, a hist\u00f3ria celebra a imagina\u00e7\u00e3o sem limites do S\u00edtio do Picapau Amarelo, provando que at\u00e9 um casamento pode virar uma grande aventura cheia de humor e encantamento.<\/p>\n<table class=\"product-details-table\">\n<tbody>\n<tr>\n<td>Autor<\/td>\n<td>Monteiro Lobato<\/td>\n<\/tr>\n<tr>\n<td>ISBN<\/td>\n<td>9788595201453<\/td>\n<\/tr>\n<tr>\n<td>Editora<\/td>\n<td>P\u00e9 da Letra<\/td>\n<\/tr>\n<tr>\n<td>N\u00ba de p\u00e1ginas<\/td>\n<td>16<\/td>\n<\/tr>\n<\/tbody>\n<\/table>\n<\/div>\n","protected":false},"excerpt":{"rendered":"<p>O Casamento de Narizinho, de Monteiro Lobato, \u00e9 o quarto epis\u00f3dio de Reina\u00e7\u00f5es de Narizinho. A hist\u00f3ria come\u00e7a quando o Pr\u00edncipe Escamado, do Reino das \u00c1guas Claras, adoece de amor pela menina do nariz arrebitado. O Doutor Caramujo faz o<\/p>\n","protected":false},"featured_media":6041,"comment_status":"open","ping_status":"closed","template":"","meta":[],"product_brand":[],"product_cat":[202],"product_tag":[],"class_list":{"0":"post-6042","1":"product","2":"type-product","3":"status-publish","6":"product_cat-fundamental1-1ao3","8":"first","9":"instock","10":"shipping-taxable","11":"purchasable","12":"product-type-simple"},"_links":{"self":[{"href":"https:\/\/educaredigital.online\/loja\/wp-json\/wp\/v2\/product\/6042","targetHints":{"allow":["GET"]}}],"collection":[{"href":"https:\/\/educaredigital.online\/loja\/wp-json\/wp\/v2\/product"}],"about":[{"href":"https:\/\/educaredigital.online\/loja\/wp-json\/wp\/v2\/types\/product"}],"replies":[{"embeddable":true,"href":"https:\/\/educaredigital.online\/loja\/wp-json\/wp\/v2\/comments?post=6042"}],"wp:featuredmedia":[{"embeddable":true,"href":"https:\/\/educaredigital.online\/loja\/wp-json\/wp\/v2\/media\/6041"}],"wp:attachment":[{"href":"https:\/\/educaredigital.online\/loja\/wp-json\/wp\/v2\/media?parent=6042"}],"wp:term":[{"taxonomy":"product_brand","embeddable":true,"href":"https:\/\/educaredigital.online\/loja\/wp-json\/wp\/v2\/product_brand?post=6042"},{"taxonomy":"product_cat","embeddable":true,"href":"https:\/\/educaredigital.online\/loja\/wp-json\/wp\/v2\/product_cat?post=6042"},{"taxonomy":"product_tag","embeddable":true,"href":"https:\/\/educaredigital.online\/loja\/wp-json\/wp\/v2\/product_tag?post=6042"}],"curies":[{"name":"wp","href":"https:\/\/api.w.org\/{rel}","templated":true}]}}