{"id":6040,"date":"2026-04-01T12:24:59","date_gmt":"2026-04-01T12:24:59","guid":{"rendered":"https:\/\/educaredigital.online\/loja\/produto\/monteiro-lobato-o-casamento-da-emilia\/"},"modified":"2026-04-09T15:04:26","modified_gmt":"2026-04-09T15:04:26","slug":"monteiro-lobato-o-casamento-da-emilia","status":"publish","type":"product","link":"https:\/\/educaredigital.online\/loja\/produto\/monteiro-lobato-o-casamento-da-emilia\/","title":{"rendered":"Monteiro Lobato &#8211; O Casamento da Em\u00edlia"},"content":{"rendered":"<div class=\"details-table-wrapper\">\n<p><strong>O Casamento da Em\u00edlia<\/strong>, de Monteiro Lobato, \u00e9 uma das hist\u00f3rias mais divertidas e inusitadas do S\u00edtio do Picapau Amarelo. Publicado em 1948, o livro narra a confus\u00e3o que se instala quando a boneca de pano decide que est\u00e1 na hora de se casar \u2014 e escolhe o Visconde de Sabugosa como noivo, para desespero do s\u00e1bio boneco de milho. Narizinho, Pedrinho e Dona Benta entram na brincadeira e organizam uma cerim\u00f4nia de mentirinha, mas como tudo no s\u00edtio acaba virando festa e confus\u00e3o, o &#8220;casamento&#8221; se torna um evento inesquec\u00edvel.<\/p>\n<p>Com muito humor e cr\u00edticas sutis aos rituais sociais, Lobato mostra mais uma vez sua genialidade ao transformar at\u00e9 o amor (ou a falta dele) em tema para reflex\u00e3o e gargalhadas. Entre preparativos, vestidos de papel e um noivo que tenta fugir, a obra celebra a imagina\u00e7\u00e3o infantil sem fronteiras, provando que no mundo da fantasia tudo \u00e9 poss\u00edvel \u2014 at\u00e9 uma boneca de pano querer casar.<\/p>\n<table class=\"product-details-table\">\n<tbody>\n<tr>\n<td>Autor<\/td>\n<td>Monteiro Lobato<\/td>\n<\/tr>\n<tr>\n<td>ISBN<\/td>\n<td>9788595201446<\/td>\n<\/tr>\n<tr>\n<td>Editora<\/td>\n<td>P\u00e9 da Letra<\/td>\n<\/tr>\n<tr>\n<td>N\u00ba de p\u00e1ginas<\/td>\n<td>16<\/td>\n<\/tr>\n<\/tbody>\n<\/table>\n<\/div>\n","protected":false},"excerpt":{"rendered":"<p>O Casamento da Em\u00edlia, de Monteiro Lobato, \u00e9 uma das hist\u00f3rias mais divertidas e inusitadas do S\u00edtio do Picapau Amarelo. Publicado em 1948, o livro narra a confus\u00e3o que se instala quando a boneca de pano decide que est\u00e1 na<\/p>\n","protected":false},"featured_media":6039,"comment_status":"open","ping_status":"closed","template":"","meta":[],"product_brand":[],"product_cat":[202],"product_tag":[],"class_list":{"0":"post-6040","1":"product","2":"type-product","3":"status-publish","6":"product_cat-fundamental1-1ao3","8":"first","9":"instock","10":"shipping-taxable","11":"purchasable","12":"product-type-simple"},"_links":{"self":[{"href":"https:\/\/educaredigital.online\/loja\/wp-json\/wp\/v2\/product\/6040","targetHints":{"allow":["GET"]}}],"collection":[{"href":"https:\/\/educaredigital.online\/loja\/wp-json\/wp\/v2\/product"}],"about":[{"href":"https:\/\/educaredigital.online\/loja\/wp-json\/wp\/v2\/types\/product"}],"replies":[{"embeddable":true,"href":"https:\/\/educaredigital.online\/loja\/wp-json\/wp\/v2\/comments?post=6040"}],"wp:featuredmedia":[{"embeddable":true,"href":"https:\/\/educaredigital.online\/loja\/wp-json\/wp\/v2\/media\/6039"}],"wp:attachment":[{"href":"https:\/\/educaredigital.online\/loja\/wp-json\/wp\/v2\/media?parent=6040"}],"wp:term":[{"taxonomy":"product_brand","embeddable":true,"href":"https:\/\/educaredigital.online\/loja\/wp-json\/wp\/v2\/product_brand?post=6040"},{"taxonomy":"product_cat","embeddable":true,"href":"https:\/\/educaredigital.online\/loja\/wp-json\/wp\/v2\/product_cat?post=6040"},{"taxonomy":"product_tag","embeddable":true,"href":"https:\/\/educaredigital.online\/loja\/wp-json\/wp\/v2\/product_tag?post=6040"}],"curies":[{"name":"wp","href":"https:\/\/api.w.org\/{rel}","templated":true}]}}