{"id":6038,"date":"2026-04-01T12:24:57","date_gmt":"2026-04-01T12:24:57","guid":{"rendered":"https:\/\/educaredigital.online\/loja\/produto\/monteiro-lobato-narizinho-arrebitado\/"},"modified":"2026-04-09T15:04:26","modified_gmt":"2026-04-09T15:04:26","slug":"monteiro-lobato-narizinho-arrebitado","status":"publish","type":"product","link":"https:\/\/educaredigital.online\/loja\/produto\/monteiro-lobato-narizinho-arrebitado\/","title":{"rendered":"Monteiro Lobato &#8211; Narizinho Arrebitado"},"content":{"rendered":"<div class=\"details-table-wrapper\">\n<p><strong>Narizinho Arrebitado<\/strong>, de Monteiro Lobato, \u00e9 o livro que deu origem a todo o universo do S\u00edtio do Picapau Amarelo, publicado originalmente em 1921. A hist\u00f3ria come\u00e7a quando a menina Narizinho, entediada em casa, decide pescar no riacho e acaba fisgando o famoso e falante peixe-rei \u2014 uma criatura m\u00e1gica que a presenteia com o &#8220;arrebitado&#8221; do nariz e a leva para conhecer o Reino das \u00c1guas Claras, onde encontra a hero\u00edna da mitologia grega, a princesa Cle\u00f3cleia.<\/p>\n<p>Este livro inaugural j\u00e1 apresenta personagens que se tornariam cl\u00e1ssicos, como a av\u00f3 Dona Benta e a cozinheira Tia Nast\u00e1cia, al\u00e9m da famosa boneca de pano Em\u00edlia, que ainda aparece em sua vers\u00e3o mais ing\u00eanua, bem diferente da irreverente faladora que conhecemos depois. Com uma narrativa cheia de fantasia, cr\u00edtica social e elementos da cultura brasileira, Lobato lan\u00e7ou as bases para uma das obras infantis mais importantes do pa\u00eds.<\/p>\n<table class=\"product-details-table\">\n<tbody>\n<tr>\n<td>Autor<\/td>\n<td>Monteiro Lobato<\/td>\n<\/tr>\n<tr>\n<td>ISBN<\/td>\n<td>9788595201385<\/td>\n<\/tr>\n<tr>\n<td>Editora<\/td>\n<td>P\u00e9 da Letra<\/td>\n<\/tr>\n<tr>\n<td>N\u00ba de p\u00e1ginas<\/td>\n<td>16<\/td>\n<\/tr>\n<\/tbody>\n<\/table>\n<\/div>\n","protected":false},"excerpt":{"rendered":"<p>Narizinho Arrebitado, de Monteiro Lobato, \u00e9 o livro que deu origem a todo o universo do S\u00edtio do Picapau Amarelo, publicado originalmente em 1921. A hist\u00f3ria come\u00e7a quando a menina Narizinho, entediada em casa, decide pescar no riacho e acaba<\/p>\n","protected":false},"featured_media":6037,"comment_status":"open","ping_status":"closed","template":"","meta":[],"product_brand":[],"product_cat":[202],"product_tag":[],"class_list":{"0":"post-6038","1":"product","2":"type-product","3":"status-publish","6":"product_cat-fundamental1-1ao3","8":"first","9":"instock","10":"shipping-taxable","11":"purchasable","12":"product-type-simple"},"_links":{"self":[{"href":"https:\/\/educaredigital.online\/loja\/wp-json\/wp\/v2\/product\/6038","targetHints":{"allow":["GET"]}}],"collection":[{"href":"https:\/\/educaredigital.online\/loja\/wp-json\/wp\/v2\/product"}],"about":[{"href":"https:\/\/educaredigital.online\/loja\/wp-json\/wp\/v2\/types\/product"}],"replies":[{"embeddable":true,"href":"https:\/\/educaredigital.online\/loja\/wp-json\/wp\/v2\/comments?post=6038"}],"wp:featuredmedia":[{"embeddable":true,"href":"https:\/\/educaredigital.online\/loja\/wp-json\/wp\/v2\/media\/6037"}],"wp:attachment":[{"href":"https:\/\/educaredigital.online\/loja\/wp-json\/wp\/v2\/media?parent=6038"}],"wp:term":[{"taxonomy":"product_brand","embeddable":true,"href":"https:\/\/educaredigital.online\/loja\/wp-json\/wp\/v2\/product_brand?post=6038"},{"taxonomy":"product_cat","embeddable":true,"href":"https:\/\/educaredigital.online\/loja\/wp-json\/wp\/v2\/product_cat?post=6038"},{"taxonomy":"product_tag","embeddable":true,"href":"https:\/\/educaredigital.online\/loja\/wp-json\/wp\/v2\/product_tag?post=6038"}],"curies":[{"name":"wp","href":"https:\/\/api.w.org\/{rel}","templated":true}]}}