{"id":6036,"date":"2026-04-01T12:24:54","date_gmt":"2026-04-01T12:24:54","guid":{"rendered":"https:\/\/educaredigital.online\/loja\/produto\/monteiro-lobato-as-jabuticabas\/"},"modified":"2026-04-09T15:04:26","modified_gmt":"2026-04-09T15:04:26","slug":"monteiro-lobato-as-jabuticabas","status":"publish","type":"product","link":"https:\/\/educaredigital.online\/loja\/produto\/monteiro-lobato-as-jabuticabas\/","title":{"rendered":"Monteiro Lobato &#8211; As Jabuticabas"},"content":{"rendered":"<div class=\"details-table-wrapper\">\n<p><strong>As Jabuticabas,<\/strong> de Monteiro Lobato, \u00e9 um conto encantador que integra o livro Reina\u00e7\u00f5es de Narizinho e marca a primeira vez que a turma do S\u00edtio do Picapau Amarelo se reuniu em uma hist\u00f3ria publicada. A trama come\u00e7a quando Pedrinho, cansado de esperar as jabuticabas amadurecerem, decide cortar o p\u00e9 de jabuticaba para colher os frutos de uma s\u00f3 vez \u2014 uma atitude que causa grande frustra\u00e7\u00e3o em Dona Benta e serve como ponto de partida para uma reflex\u00e3o sobre paci\u00eancia e respeito \u00e0 natureza.<\/p>\n<p>Com a interven\u00e7\u00e3o da boneca Em\u00edlia, sempre cheia de solu\u00e7\u00f5es mirabolantes, a hist\u00f3ria ganha um desfecho criativo e divertido, mostrando que mesmo os erros podem render bons aprendizados. Publicado originalmente em 1931, o conto revela Lobato j\u00e1 antenado com quest\u00f5es ambientais, al\u00e9m de apresentar pela primeira vez o universo m\u00e1gico que encantaria gera\u00e7\u00f5es de leitores.<\/p>\n<table class=\"product-details-table\">\n<tbody>\n<tr>\n<td>Autor<\/td>\n<td>Monteiro Lobato<\/td>\n<\/tr>\n<tr>\n<td>ISBN<\/td>\n<td>9788595201378<\/td>\n<\/tr>\n<tr>\n<td>Editora<\/td>\n<td>P\u00e9 da Letra<\/td>\n<\/tr>\n<tr>\n<td>N\u00ba de p\u00e1ginas<\/td>\n<td>16<\/td>\n<\/tr>\n<\/tbody>\n<\/table>\n<\/div>\n","protected":false},"excerpt":{"rendered":"<p>As Jabuticabas, de Monteiro Lobato, \u00e9 um conto encantador que integra o livro Reina\u00e7\u00f5es de Narizinho e marca a primeira vez que a turma do S\u00edtio do Picapau Amarelo se reuniu em uma hist\u00f3ria publicada. A trama come\u00e7a quando Pedrinho,<\/p>\n","protected":false},"featured_media":6035,"comment_status":"open","ping_status":"closed","template":"","meta":[],"product_brand":[],"product_cat":[202],"product_tag":[],"class_list":{"0":"post-6036","1":"product","2":"type-product","3":"status-publish","6":"product_cat-fundamental1-1ao3","8":"first","9":"instock","10":"shipping-taxable","11":"purchasable","12":"product-type-simple"},"_links":{"self":[{"href":"https:\/\/educaredigital.online\/loja\/wp-json\/wp\/v2\/product\/6036","targetHints":{"allow":["GET"]}}],"collection":[{"href":"https:\/\/educaredigital.online\/loja\/wp-json\/wp\/v2\/product"}],"about":[{"href":"https:\/\/educaredigital.online\/loja\/wp-json\/wp\/v2\/types\/product"}],"replies":[{"embeddable":true,"href":"https:\/\/educaredigital.online\/loja\/wp-json\/wp\/v2\/comments?post=6036"}],"wp:featuredmedia":[{"embeddable":true,"href":"https:\/\/educaredigital.online\/loja\/wp-json\/wp\/v2\/media\/6035"}],"wp:attachment":[{"href":"https:\/\/educaredigital.online\/loja\/wp-json\/wp\/v2\/media?parent=6036"}],"wp:term":[{"taxonomy":"product_brand","embeddable":true,"href":"https:\/\/educaredigital.online\/loja\/wp-json\/wp\/v2\/product_brand?post=6036"},{"taxonomy":"product_cat","embeddable":true,"href":"https:\/\/educaredigital.online\/loja\/wp-json\/wp\/v2\/product_cat?post=6036"},{"taxonomy":"product_tag","embeddable":true,"href":"https:\/\/educaredigital.online\/loja\/wp-json\/wp\/v2\/product_tag?post=6036"}],"curies":[{"name":"wp","href":"https:\/\/api.w.org\/{rel}","templated":true}]}}