{"id":6034,"date":"2026-04-01T12:24:51","date_gmt":"2026-04-01T12:24:51","guid":{"rendered":"https:\/\/educaredigital.online\/loja\/produto\/monteiro-lobato-a-pilula-falante\/"},"modified":"2026-04-09T15:04:26","modified_gmt":"2026-04-09T15:04:26","slug":"monteiro-lobato-a-pilula-falante","status":"publish","type":"product","link":"https:\/\/educaredigital.online\/loja\/produto\/monteiro-lobato-a-pilula-falante\/","title":{"rendered":"Monteiro Lobato &#8211; A P\u00edlula Falante"},"content":{"rendered":"<div class=\"details-table-wrapper\">\n<p><strong>A P\u00edlula Falante<\/strong>, de Monteiro Lobato, \u00e9 uma das aventuras mais divertidas do S\u00edtio do Picapau Amarelo. A hist\u00f3ria come\u00e7a quando o Visconde de Sabugosa inventa uma p\u00edlula m\u00e1gica capaz de fazer qualquer um falar perfeitamente em ingl\u00eas \u2014 e Dona Benta decide testar a novidade na turma . O que ningu\u00e9m esperava \u00e9 que a Em\u00edlia, sempre atrapalhada, desse a p\u00edlula errada para o rinoceronte do quintal, que come\u00e7a a falar franc\u00eas e causa uma grande confus\u00e3o .<\/p>\n<p>Entre li\u00e7\u00f5es de idiomas e situa\u00e7\u00f5es hil\u00e1rias, o livro mostra Lobato mais uma vez antenado com a educa\u00e7\u00e3o e as novidades do mundo. Publicado originalmente em 1939, a obra \u00e9 uma deliciosa s\u00e1tira sobre o ensino tradicional, provando que aprender pode ser uma grande aventura \u2014 especialmente quando a boneca de pano resolve entrar na hist\u00f3ria<\/p>\n<table class=\"product-details-table\">\n<tbody>\n<tr>\n<td>Autor<\/td>\n<td>Monteiro Lobato<\/td>\n<\/tr>\n<tr>\n<td>ISBN<\/td>\n<td>9788595201408<\/td>\n<\/tr>\n<tr>\n<td>Editora<\/td>\n<td>P\u00e9 da Letra<\/td>\n<\/tr>\n<tr>\n<td>N\u00ba de p\u00e1ginas<\/td>\n<td>16<\/td>\n<\/tr>\n<\/tbody>\n<\/table>\n<\/div>\n","protected":false},"excerpt":{"rendered":"<p>A P\u00edlula Falante, de Monteiro Lobato, \u00e9 uma das aventuras mais divertidas do S\u00edtio do Picapau Amarelo. A hist\u00f3ria come\u00e7a quando o Visconde de Sabugosa inventa uma p\u00edlula m\u00e1gica capaz de fazer qualquer um falar perfeitamente em ingl\u00eas \u2014 e<\/p>\n","protected":false},"featured_media":6033,"comment_status":"open","ping_status":"closed","template":"","meta":[],"product_brand":[],"product_cat":[202],"product_tag":[],"class_list":{"0":"post-6034","1":"product","2":"type-product","3":"status-publish","6":"product_cat-fundamental1-1ao3","8":"first","9":"instock","10":"shipping-taxable","11":"purchasable","12":"product-type-simple"},"_links":{"self":[{"href":"https:\/\/educaredigital.online\/loja\/wp-json\/wp\/v2\/product\/6034","targetHints":{"allow":["GET"]}}],"collection":[{"href":"https:\/\/educaredigital.online\/loja\/wp-json\/wp\/v2\/product"}],"about":[{"href":"https:\/\/educaredigital.online\/loja\/wp-json\/wp\/v2\/types\/product"}],"replies":[{"embeddable":true,"href":"https:\/\/educaredigital.online\/loja\/wp-json\/wp\/v2\/comments?post=6034"}],"wp:featuredmedia":[{"embeddable":true,"href":"https:\/\/educaredigital.online\/loja\/wp-json\/wp\/v2\/media\/6033"}],"wp:attachment":[{"href":"https:\/\/educaredigital.online\/loja\/wp-json\/wp\/v2\/media?parent=6034"}],"wp:term":[{"taxonomy":"product_brand","embeddable":true,"href":"https:\/\/educaredigital.online\/loja\/wp-json\/wp\/v2\/product_brand?post=6034"},{"taxonomy":"product_cat","embeddable":true,"href":"https:\/\/educaredigital.online\/loja\/wp-json\/wp\/v2\/product_cat?post=6034"},{"taxonomy":"product_tag","embeddable":true,"href":"https:\/\/educaredigital.online\/loja\/wp-json\/wp\/v2\/product_tag?post=6034"}],"curies":[{"name":"wp","href":"https:\/\/api.w.org\/{rel}","templated":true}]}}