{"id":6032,"date":"2026-04-01T12:24:49","date_gmt":"2026-04-01T12:24:49","guid":{"rendered":"https:\/\/educaredigital.online\/loja\/produto\/monteiro-lobato-a-historia-de-visconde\/"},"modified":"2026-04-09T15:04:26","modified_gmt":"2026-04-09T15:04:26","slug":"monteiro-lobato-a-historia-de-visconde","status":"publish","type":"product","link":"https:\/\/educaredigital.online\/loja\/produto\/monteiro-lobato-a-historia-de-visconde\/","title":{"rendered":"Monteiro Lobato &#8211; A Hist\u00f3ria de Visconde"},"content":{"rendered":"<p><strong>A Hist\u00f3ria de Visconde<\/strong> revela a origem de um dos personagens mais inteligentes do S\u00edtio do Picapau Amarelo. Criado por Monteiro Lobato, o Visconde de Sabugosa \u00e9 um boneco feito de sabugo de milho por Tia Nast\u00e1cia, que ganha vida e se torna um grande s\u00e1bio gra\u00e7as aos livros da biblioteca de Dona Benta. Apesar do t\u00edtulo nobre, sua \u00fanica propriedade \u00e9 uma cartola, e sua sabedoria \u00e9 t\u00e3o valorizada que Pedrinho sempre o escala para as miss\u00f5es mais perigosas \u2014 afinal, se algo der errado, Tia Nast\u00e1cia pode fazer outro.<\/p>\n<p>Mais do que um erudito, o Visconde \u00e9 um inventor atrapalhado e vive com um p\u00e9 atr\u00e1s em rela\u00e7\u00e3o \u00e0 Em\u00edlia, que vive amea\u00e7ando &#8220;depen\u00e1-lo&#8221;. Em livros como O Po\u00e7o do Visconde, ele assume um papel ainda mais importante, liderando uma expedi\u00e7\u00e3o para encontrar petr\u00f3leo no s\u00edtio e dando li\u00e7\u00f5es de geologia \u2014 uma forma divertida que Lobato encontrou para falar de um tema pelo qual era apaixonado na vida real.<\/p>\n<div class=\"details-table-wrapper\">\n<table class=\"product-details-table\">\n<tbody>\n<tr>\n<td>Autor<\/td>\n<td>Monteiro Lobato<\/td>\n<\/tr>\n<tr>\n<td>ISBN<\/td>\n<td>9788595201439<\/td>\n<\/tr>\n<tr>\n<td>Editora<\/td>\n<td>P\u00e9 da Letra<\/td>\n<\/tr>\n<tr>\n<td>N\u00ba de p\u00e1ginas<\/td>\n<td>16<\/td>\n<\/tr>\n<\/tbody>\n<\/table>\n<\/div>\n","protected":false},"excerpt":{"rendered":"<p>A Hist\u00f3ria de Visconde revela a origem de um dos personagens mais inteligentes do S\u00edtio do Picapau Amarelo. Criado por Monteiro Lobato, o Visconde de Sabugosa \u00e9 um boneco feito de sabugo de milho por Tia Nast\u00e1cia, que ganha vida<\/p>\n","protected":false},"featured_media":6031,"comment_status":"open","ping_status":"closed","template":"","meta":[],"product_brand":[],"product_cat":[202],"product_tag":[],"class_list":{"0":"post-6032","1":"product","2":"type-product","3":"status-publish","6":"product_cat-fundamental1-1ao3","8":"first","9":"instock","10":"shipping-taxable","11":"purchasable","12":"product-type-simple"},"_links":{"self":[{"href":"https:\/\/educaredigital.online\/loja\/wp-json\/wp\/v2\/product\/6032","targetHints":{"allow":["GET"]}}],"collection":[{"href":"https:\/\/educaredigital.online\/loja\/wp-json\/wp\/v2\/product"}],"about":[{"href":"https:\/\/educaredigital.online\/loja\/wp-json\/wp\/v2\/types\/product"}],"replies":[{"embeddable":true,"href":"https:\/\/educaredigital.online\/loja\/wp-json\/wp\/v2\/comments?post=6032"}],"wp:featuredmedia":[{"embeddable":true,"href":"https:\/\/educaredigital.online\/loja\/wp-json\/wp\/v2\/media\/6031"}],"wp:attachment":[{"href":"https:\/\/educaredigital.online\/loja\/wp-json\/wp\/v2\/media?parent=6032"}],"wp:term":[{"taxonomy":"product_brand","embeddable":true,"href":"https:\/\/educaredigital.online\/loja\/wp-json\/wp\/v2\/product_brand?post=6032"},{"taxonomy":"product_cat","embeddable":true,"href":"https:\/\/educaredigital.online\/loja\/wp-json\/wp\/v2\/product_cat?post=6032"},{"taxonomy":"product_tag","embeddable":true,"href":"https:\/\/educaredigital.online\/loja\/wp-json\/wp\/v2\/product_tag?post=6032"}],"curies":[{"name":"wp","href":"https:\/\/api.w.org\/{rel}","templated":true}]}}