{"id":6026,"date":"2026-04-01T12:24:42","date_gmt":"2026-04-01T12:24:42","guid":{"rendered":"https:\/\/educaredigital.online\/loja\/produto\/meu-primeiro-livro-de-formas\/"},"modified":"2026-04-02T12:15:59","modified_gmt":"2026-04-02T12:15:59","slug":"meu-primeiro-livro-de-formas","status":"publish","type":"product","link":"https:\/\/educaredigital.online\/loja\/produto\/meu-primeiro-livro-de-formas\/","title":{"rendered":"Meu Primeiro Livro de Formas"},"content":{"rendered":"<p><strong>Meu Primeiro Livro de Formas<\/strong> \u00e9 uma introdu\u00e7\u00e3o divertida e colorida ao mundo da geometria para os pequenos leitores. Com ilustra\u00e7\u00f5es encantadoras e linguagem simples, a obra apresenta formas como c\u00edrculo, quadrado, tri\u00e2ngulo e ret\u00e2ngulo associadas a objetos do dia a dia \u2014 tornando o aprendizado visual, pr\u00e1tico e cheio de descobertas.<\/p>\n<p>Perfeito para os primeiros anos, o livro estimula o racioc\u00ednio espacial, a percep\u00e7\u00e3o visual e a curiosidade de forma l\u00fadica, mostrando que as formas est\u00e3o em todos os lugares e que reconhec\u00ea-las \u00e9 uma verdadeira aventura.<\/p>\n<div class=\"details-table-wrapper\">\n<table class=\"product-details-table\">\n<tbody>\n<tr>\n<td>Autor<\/td>\n<td>P\u00e9 da Letra<\/td>\n<\/tr>\n<tr>\n<td>ISBN<\/td>\n<td>9788595201637<\/td>\n<\/tr>\n<tr>\n<td>Editora<\/td>\n<td>P\u00e9 da Letra<\/td>\n<\/tr>\n<tr>\n<td>N\u00ba de p\u00e1ginas<\/td>\n<td>8<\/td>\n<\/tr>\n<\/tbody>\n<\/table>\n<\/div>\n","protected":false},"excerpt":{"rendered":"<p>Meu Primeiro Livro de Formas \u00e9 uma introdu\u00e7\u00e3o divertida e colorida ao mundo da geometria para os pequenos leitores. Com ilustra\u00e7\u00f5es encantadoras e linguagem simples, a obra apresenta formas como c\u00edrculo, quadrado, tri\u00e2ngulo e ret\u00e2ngulo associadas a objetos do dia<\/p>\n","protected":false},"featured_media":6025,"comment_status":"open","ping_status":"closed","template":"","meta":[],"product_brand":[],"product_cat":[200],"product_tag":[],"class_list":{"0":"post-6026","1":"product","2":"type-product","3":"status-publish","6":"product_cat-0-a-3-anos","8":"first","9":"instock","10":"shipping-taxable","11":"purchasable","12":"product-type-simple"},"_links":{"self":[{"href":"https:\/\/educaredigital.online\/loja\/wp-json\/wp\/v2\/product\/6026","targetHints":{"allow":["GET"]}}],"collection":[{"href":"https:\/\/educaredigital.online\/loja\/wp-json\/wp\/v2\/product"}],"about":[{"href":"https:\/\/educaredigital.online\/loja\/wp-json\/wp\/v2\/types\/product"}],"replies":[{"embeddable":true,"href":"https:\/\/educaredigital.online\/loja\/wp-json\/wp\/v2\/comments?post=6026"}],"wp:featuredmedia":[{"embeddable":true,"href":"https:\/\/educaredigital.online\/loja\/wp-json\/wp\/v2\/media\/6025"}],"wp:attachment":[{"href":"https:\/\/educaredigital.online\/loja\/wp-json\/wp\/v2\/media?parent=6026"}],"wp:term":[{"taxonomy":"product_brand","embeddable":true,"href":"https:\/\/educaredigital.online\/loja\/wp-json\/wp\/v2\/product_brand?post=6026"},{"taxonomy":"product_cat","embeddable":true,"href":"https:\/\/educaredigital.online\/loja\/wp-json\/wp\/v2\/product_cat?post=6026"},{"taxonomy":"product_tag","embeddable":true,"href":"https:\/\/educaredigital.online\/loja\/wp-json\/wp\/v2\/product_tag?post=6026"}],"curies":[{"name":"wp","href":"https:\/\/api.w.org\/{rel}","templated":true}]}}