{"id":6016,"date":"2026-04-01T12:24:29","date_gmt":"2026-04-01T12:24:29","guid":{"rendered":"https:\/\/educaredigital.online\/loja\/produto\/meu-primeiro-livro-coisas-ao-meu-redor\/"},"modified":"2026-04-02T12:10:02","modified_gmt":"2026-04-02T12:10:02","slug":"meu-primeiro-livro-coisas-ao-meu-redor","status":"publish","type":"product","link":"https:\/\/educaredigital.online\/loja\/produto\/meu-primeiro-livro-coisas-ao-meu-redor\/","title":{"rendered":"Meu Primeiro Livro: Coisas ao Meu Redor"},"content":{"rendered":"<p><strong>Meu Primeiro Livro: Coisas ao Meu Redor<\/strong> \u00e9 uma delicada introdu\u00e7\u00e3o ao cotidiano para os pequenos leitores. Com ilustra\u00e7\u00f5es coloridas e linguagem simples, a obra apresenta objetos e situa\u00e7\u00f5es do dia a dia \u2014 como roupas, brinquedos, alimentos e m\u00f3veis da casa \u2014 ajudando a crian\u00e7a a reconhecer e nomear o mundo \u00e0 sua volta.<\/p>\n<p>Perfeito para os primeiros anos, o livro amplia o vocabul\u00e1rio e fortalece a conex\u00e3o entre palavras e imagens de forma l\u00fadica, mostrando que cada cantinho da casa guarda uma nova descoberta.<\/p>\n<div class=\"details-table-wrapper\">\n<table class=\"product-details-table\">\n<tbody>\n<tr>\n<td>Autor<\/td>\n<td>P\u00e9 da Letra<\/td>\n<\/tr>\n<tr>\n<td>ISBN<\/td>\n<td>9786586181173<\/td>\n<\/tr>\n<tr>\n<td>Editora<\/td>\n<td>P\u00e9 da Letra<\/td>\n<\/tr>\n<tr>\n<td>N\u00ba de p\u00e1ginas<\/td>\n<td>16<\/td>\n<\/tr>\n<\/tbody>\n<\/table>\n<\/div>\n","protected":false},"excerpt":{"rendered":"<p>Meu Primeiro Livro: Coisas ao Meu Redor \u00e9 uma delicada introdu\u00e7\u00e3o ao cotidiano para os pequenos leitores. Com ilustra\u00e7\u00f5es coloridas e linguagem simples, a obra apresenta objetos e situa\u00e7\u00f5es do dia a dia \u2014 como roupas, brinquedos, alimentos e m\u00f3veis<\/p>\n","protected":false},"featured_media":6015,"comment_status":"open","ping_status":"closed","template":"","meta":[],"product_brand":[],"product_cat":[200],"product_tag":[],"class_list":{"0":"post-6016","1":"product","2":"type-product","3":"status-publish","6":"product_cat-0-a-3-anos","8":"first","9":"instock","10":"shipping-taxable","11":"purchasable","12":"product-type-simple"},"_links":{"self":[{"href":"https:\/\/educaredigital.online\/loja\/wp-json\/wp\/v2\/product\/6016","targetHints":{"allow":["GET"]}}],"collection":[{"href":"https:\/\/educaredigital.online\/loja\/wp-json\/wp\/v2\/product"}],"about":[{"href":"https:\/\/educaredigital.online\/loja\/wp-json\/wp\/v2\/types\/product"}],"replies":[{"embeddable":true,"href":"https:\/\/educaredigital.online\/loja\/wp-json\/wp\/v2\/comments?post=6016"}],"wp:featuredmedia":[{"embeddable":true,"href":"https:\/\/educaredigital.online\/loja\/wp-json\/wp\/v2\/media\/6015"}],"wp:attachment":[{"href":"https:\/\/educaredigital.online\/loja\/wp-json\/wp\/v2\/media?parent=6016"}],"wp:term":[{"taxonomy":"product_brand","embeddable":true,"href":"https:\/\/educaredigital.online\/loja\/wp-json\/wp\/v2\/product_brand?post=6016"},{"taxonomy":"product_cat","embeddable":true,"href":"https:\/\/educaredigital.online\/loja\/wp-json\/wp\/v2\/product_cat?post=6016"},{"taxonomy":"product_tag","embeddable":true,"href":"https:\/\/educaredigital.online\/loja\/wp-json\/wp\/v2\/product_tag?post=6016"}],"curies":[{"name":"wp","href":"https:\/\/api.w.org\/{rel}","templated":true}]}}