{"id":6012,"date":"2026-04-01T12:24:23","date_gmt":"2026-04-01T12:24:23","guid":{"rendered":"https:\/\/educaredigital.online\/loja\/produto\/meu-primeiro-dicionario-natureza\/"},"modified":"2026-04-02T12:04:20","modified_gmt":"2026-04-02T12:04:20","slug":"meu-primeiro-dicionario-natureza","status":"publish","type":"product","link":"https:\/\/educaredigital.online\/loja\/produto\/meu-primeiro-dicionario-natureza\/","title":{"rendered":"Meu Primeiro Dicion\u00e1rio &#8211; Natureza"},"content":{"rendered":"<p><strong>Meu Primeiro Dicion\u00e1rio &#8211; Natureza<\/strong> \u00e9 um livro encantador que apresenta aos pequenos as palavras e os elementos do mundo natural de forma simples e visual. Com ilustra\u00e7\u00f5es coloridas e defini\u00e7\u00f5es acess\u00edveis, a obra convida as crian\u00e7as a explorarem desde plantas e animais at\u00e9 fen\u00f4menos da natureza, ampliando o vocabul\u00e1rio enquanto desperta a curiosidade.<\/p>\n<p>Perfeito para os primeiros passos da leitura, o livro transforma o aprendizado sobre o ambiente em uma experi\u00eancia l\u00fadica e inspiradora, mostrando que a natureza est\u00e1 cheia de descobertas a cada p\u00e1gina virada.<\/p>\n<div class=\"details-table-wrapper\">\n<table class=\"product-details-table\">\n<tbody>\n<tr>\n<td>Autor<\/td>\n<td>P\u00e9 da Letra<\/td>\n<\/tr>\n<tr>\n<td>ISBN<\/td>\n<td>9786558880806<\/td>\n<\/tr>\n<tr>\n<td>Editora<\/td>\n<td>P\u00e9 da Letra<\/td>\n<\/tr>\n<tr>\n<td>N\u00ba de p\u00e1ginas<\/td>\n<td>32<\/td>\n<\/tr>\n<\/tbody>\n<\/table>\n<\/div>\n","protected":false},"excerpt":{"rendered":"<p>Meu Primeiro Dicion\u00e1rio &#8211; Natureza \u00e9 um livro encantador que apresenta aos pequenos as palavras e os elementos do mundo natural de forma simples e visual. Com ilustra\u00e7\u00f5es coloridas e defini\u00e7\u00f5es acess\u00edveis, a obra convida as crian\u00e7as a explorarem desde<\/p>\n","protected":false},"featured_media":6011,"comment_status":"open","ping_status":"closed","template":"","meta":[],"product_brand":[],"product_cat":[201],"product_tag":[],"class_list":{"0":"post-6012","1":"product","2":"type-product","3":"status-publish","6":"product_cat-livros-4-e-5-anos","8":"first","9":"instock","10":"shipping-taxable","11":"purchasable","12":"product-type-simple"},"_links":{"self":[{"href":"https:\/\/educaredigital.online\/loja\/wp-json\/wp\/v2\/product\/6012","targetHints":{"allow":["GET"]}}],"collection":[{"href":"https:\/\/educaredigital.online\/loja\/wp-json\/wp\/v2\/product"}],"about":[{"href":"https:\/\/educaredigital.online\/loja\/wp-json\/wp\/v2\/types\/product"}],"replies":[{"embeddable":true,"href":"https:\/\/educaredigital.online\/loja\/wp-json\/wp\/v2\/comments?post=6012"}],"wp:featuredmedia":[{"embeddable":true,"href":"https:\/\/educaredigital.online\/loja\/wp-json\/wp\/v2\/media\/6011"}],"wp:attachment":[{"href":"https:\/\/educaredigital.online\/loja\/wp-json\/wp\/v2\/media?parent=6012"}],"wp:term":[{"taxonomy":"product_brand","embeddable":true,"href":"https:\/\/educaredigital.online\/loja\/wp-json\/wp\/v2\/product_brand?post=6012"},{"taxonomy":"product_cat","embeddable":true,"href":"https:\/\/educaredigital.online\/loja\/wp-json\/wp\/v2\/product_cat?post=6012"},{"taxonomy":"product_tag","embeddable":true,"href":"https:\/\/educaredigital.online\/loja\/wp-json\/wp\/v2\/product_tag?post=6012"}],"curies":[{"name":"wp","href":"https:\/\/api.w.org\/{rel}","templated":true}]}}