{"id":6010,"date":"2026-04-01T12:24:21","date_gmt":"2026-04-01T12:24:21","guid":{"rendered":"https:\/\/educaredigital.online\/loja\/produto\/meu-primeiro-dicionario-cidade\/"},"modified":"2026-04-02T11:47:39","modified_gmt":"2026-04-02T11:47:39","slug":"meu-primeiro-dicionario-cidade","status":"publish","type":"product","link":"https:\/\/educaredigital.online\/loja\/produto\/meu-primeiro-dicionario-cidade\/","title":{"rendered":"Meu Primeiro Dicion\u00e1rio &#8211; Cidade"},"content":{"rendered":"<p data-start=\"0\" data-end=\"255\"><strong><span class=\"hover:entity-accent entity-underline inline cursor-pointer align-baseline\"><span class=\"whitespace-normal\">Meu Primeiro Dicion\u00e1rio &#8211; Cidade<\/span><\/span> <\/strong>\u00e9 uma \u00f3tima introdu\u00e7\u00e3o ao vocabul\u00e1rio e ao mundo urbano para os pequenos. Com palavras simples e relacionadas \u00e0 cidade, a obra ajuda as crian\u00e7as a reconhecerem objetos, lugares e situa\u00e7\u00f5es do cotidiano urbano.<\/p>\n<p data-start=\"257\" data-end=\"527\" data-is-last-node=\"\" data-is-only-node=\"\">Com ilustra\u00e7\u00f5es coloridas e linguagem acess\u00edvel, o livro estimula a curiosidade, a percep\u00e7\u00e3o visual e o desenvolvimento da linguagem. Ideal para os primeiros anos, \u00e9 uma excelente ferramenta para aprender brincando e construir o vocabul\u00e1rio de forma l\u00fadica e envolvente.<\/p>\n<div class=\"details-table-wrapper\">\n<table class=\"product-details-table\">\n<tbody>\n<tr>\n<td>Autor<\/td>\n<td>P\u00e9 Da Letra<\/td>\n<\/tr>\n<tr>\n<td>ISBN<\/td>\n<td>9786558880868<\/td>\n<\/tr>\n<tr>\n<td>Editora<\/td>\n<td>P\u00e9 Da Letra<\/td>\n<\/tr>\n<tr>\n<td>N\u00ba de p\u00e1ginas<\/td>\n<td>32<\/td>\n<\/tr>\n<\/tbody>\n<\/table>\n<\/div>\n","protected":false},"excerpt":{"rendered":"<p>Meu Primeiro Dicion\u00e1rio &#8211; Cidade \u00e9 uma \u00f3tima introdu\u00e7\u00e3o ao vocabul\u00e1rio e ao mundo urbano para os pequenos. Com palavras simples e relacionadas \u00e0 cidade, a obra ajuda as crian\u00e7as a reconhecerem objetos, lugares e situa\u00e7\u00f5es do cotidiano urbano. Com<\/p>\n","protected":false},"featured_media":6009,"comment_status":"open","ping_status":"closed","template":"","meta":[],"product_brand":[],"product_cat":[201],"product_tag":[],"class_list":{"0":"post-6010","1":"product","2":"type-product","3":"status-publish","6":"product_cat-livros-4-e-5-anos","8":"first","9":"instock","10":"shipping-taxable","11":"purchasable","12":"product-type-simple"},"_links":{"self":[{"href":"https:\/\/educaredigital.online\/loja\/wp-json\/wp\/v2\/product\/6010","targetHints":{"allow":["GET"]}}],"collection":[{"href":"https:\/\/educaredigital.online\/loja\/wp-json\/wp\/v2\/product"}],"about":[{"href":"https:\/\/educaredigital.online\/loja\/wp-json\/wp\/v2\/types\/product"}],"replies":[{"embeddable":true,"href":"https:\/\/educaredigital.online\/loja\/wp-json\/wp\/v2\/comments?post=6010"}],"wp:featuredmedia":[{"embeddable":true,"href":"https:\/\/educaredigital.online\/loja\/wp-json\/wp\/v2\/media\/6009"}],"wp:attachment":[{"href":"https:\/\/educaredigital.online\/loja\/wp-json\/wp\/v2\/media?parent=6010"}],"wp:term":[{"taxonomy":"product_brand","embeddable":true,"href":"https:\/\/educaredigital.online\/loja\/wp-json\/wp\/v2\/product_brand?post=6010"},{"taxonomy":"product_cat","embeddable":true,"href":"https:\/\/educaredigital.online\/loja\/wp-json\/wp\/v2\/product_cat?post=6010"},{"taxonomy":"product_tag","embeddable":true,"href":"https:\/\/educaredigital.online\/loja\/wp-json\/wp\/v2\/product_tag?post=6010"}],"curies":[{"name":"wp","href":"https:\/\/api.w.org\/{rel}","templated":true}]}}