{"id":6000,"date":"2026-04-01T12:24:09","date_gmt":"2026-04-01T12:24:09","guid":{"rendered":"https:\/\/educaredigital.online\/loja\/produto\/o-menino-que-devorava-livros\/"},"modified":"2026-04-09T15:04:26","modified_gmt":"2026-04-09T15:04:26","slug":"o-menino-que-devorava-livros","status":"publish","type":"product","link":"https:\/\/educaredigital.online\/loja\/produto\/o-menino-que-devorava-livros\/","title":{"rendered":"O Menino que Devorava Livros"},"content":{"rendered":"<p data-start=\"0\" data-end=\"263\"><strong><span class=\"hover:entity-accent entity-underline inline cursor-pointer align-baseline\"><span class=\"whitespace-normal\">O Menino que Devorava Livros<\/span><\/span> <\/strong>conta a divertida hist\u00f3ria de um garoto que ama tanto os livros que decide literalmente devor\u00e1-los! Com uma narrativa criativa e cheia de humor, a obra mostra de forma inusitada o quanto a leitura pode ser fascinante.<\/p>\n<p data-start=\"265\" data-end=\"588\" data-is-last-node=\"\" data-is-only-node=\"\">Ao longo da hist\u00f3ria, o personagem descobre que existe uma maneira ainda melhor de aproveitar os livros, trazendo uma mensagem importante sobre o valor da leitura e do conhecimento. Com ilustra\u00e7\u00f5es atrativas e linguagem leve, \u00e9 uma excelente op\u00e7\u00e3o para incentivar o h\u00e1bito de ler nas crian\u00e7as de forma divertida e original.<\/p>\n<div class=\"details-table-wrapper\">\n<table class=\"product-details-table\">\n<tbody>\n<tr>\n<td>Autor<\/td>\n<td>James Misse<\/td>\n<\/tr>\n<tr>\n<td>ISBN<\/td>\n<td>9788561403485<\/td>\n<\/tr>\n<tr>\n<td>Editora<\/td>\n<td>P\u00e9 da Letra<\/td>\n<\/tr>\n<tr>\n<td>N\u00ba de p\u00e1ginas<\/td>\n<td>15<\/td>\n<\/tr>\n<\/tbody>\n<\/table>\n<\/div>\n","protected":false},"excerpt":{"rendered":"<p>O Menino que Devorava Livros conta a divertida hist\u00f3ria de um garoto que ama tanto os livros que decide literalmente devor\u00e1-los! Com uma narrativa criativa e cheia de humor, a obra mostra de forma inusitada o quanto a leitura pode<\/p>\n","protected":false},"featured_media":5999,"comment_status":"open","ping_status":"closed","template":"","meta":[],"product_brand":[],"product_cat":[202],"product_tag":[],"class_list":{"0":"post-6000","1":"product","2":"type-product","3":"status-publish","6":"product_cat-fundamental1-1ao3","8":"first","9":"instock","10":"shipping-taxable","11":"purchasable","12":"product-type-simple"},"_links":{"self":[{"href":"https:\/\/educaredigital.online\/loja\/wp-json\/wp\/v2\/product\/6000","targetHints":{"allow":["GET"]}}],"collection":[{"href":"https:\/\/educaredigital.online\/loja\/wp-json\/wp\/v2\/product"}],"about":[{"href":"https:\/\/educaredigital.online\/loja\/wp-json\/wp\/v2\/types\/product"}],"replies":[{"embeddable":true,"href":"https:\/\/educaredigital.online\/loja\/wp-json\/wp\/v2\/comments?post=6000"}],"wp:featuredmedia":[{"embeddable":true,"href":"https:\/\/educaredigital.online\/loja\/wp-json\/wp\/v2\/media\/5999"}],"wp:attachment":[{"href":"https:\/\/educaredigital.online\/loja\/wp-json\/wp\/v2\/media?parent=6000"}],"wp:term":[{"taxonomy":"product_brand","embeddable":true,"href":"https:\/\/educaredigital.online\/loja\/wp-json\/wp\/v2\/product_brand?post=6000"},{"taxonomy":"product_cat","embeddable":true,"href":"https:\/\/educaredigital.online\/loja\/wp-json\/wp\/v2\/product_cat?post=6000"},{"taxonomy":"product_tag","embeddable":true,"href":"https:\/\/educaredigital.online\/loja\/wp-json\/wp\/v2\/product_tag?post=6000"}],"curies":[{"name":"wp","href":"https:\/\/api.w.org\/{rel}","templated":true}]}}