{"id":5996,"date":"2026-04-01T12:24:03","date_gmt":"2026-04-01T12:24:03","guid":{"rendered":"https:\/\/educaredigital.online\/loja\/produto\/melhores-aumigos\/"},"modified":"2026-04-01T14:36:24","modified_gmt":"2026-04-01T14:36:24","slug":"melhores-aumigos","status":"publish","type":"product","link":"https:\/\/educaredigital.online\/loja\/produto\/melhores-aumigos\/","title":{"rendered":"Melhores Aumigos"},"content":{"rendered":"<div class=\"details-table-wrapper\">\n<p data-start=\"0\" data-end=\"277\"><strong><span class=\"hover:entity-accent entity-underline inline cursor-pointer align-baseline\"><span class=\"whitespace-normal\">Melhores Aumigos<\/span><\/span><\/strong> \u00e9 uma hist\u00f3ria encantadora que destaca o valor da amizade de forma leve e divertida. Com personagens carism\u00e1ticos \u2014 especialmente c\u00e3es \u2014 a narrativa mostra como o companheirismo, o carinho e a lealdade s\u00e3o importantes no dia a dia.<\/p>\n<p data-start=\"279\" data-end=\"510\" data-is-last-node=\"\" data-is-only-node=\"\">Com linguagem simples e ilustra\u00e7\u00f5es coloridas, o livro estimula a empatia, o afeto e o gosto pela leitura. Ideal para crian\u00e7as, \u00e9 uma excelente op\u00e7\u00e3o para trabalhar valores como amizade e conviv\u00eancia de maneira l\u00fadica e envolvente.<\/p>\n<table class=\"product-details-table\">\n<tbody>\n<tr>\n<td>Autor<\/td>\n<td>Samuel Misse<\/td>\n<\/tr>\n<tr>\n<td>ISBN<\/td>\n<td>9788595200562<\/td>\n<\/tr>\n<tr>\n<td>Editora<\/td>\n<td>P\u00e9 da Letra<\/td>\n<\/tr>\n<tr>\n<td>N\u00ba de p\u00e1ginas<\/td>\n<td>16<\/td>\n<\/tr>\n<\/tbody>\n<\/table>\n<\/div>\n","protected":false},"excerpt":{"rendered":"<p>Melhores Aumigos \u00e9 uma hist\u00f3ria encantadora que destaca o valor da amizade de forma leve e divertida. Com personagens carism\u00e1ticos \u2014 especialmente c\u00e3es \u2014 a narrativa mostra como o companheirismo, o carinho e a lealdade s\u00e3o importantes no dia a<\/p>\n","protected":false},"featured_media":5995,"comment_status":"open","ping_status":"closed","template":"","meta":[],"product_brand":[],"product_cat":[201],"product_tag":[],"class_list":{"0":"post-5996","1":"product","2":"type-product","3":"status-publish","6":"product_cat-livros-4-e-5-anos","8":"first","9":"instock","10":"shipping-taxable","11":"purchasable","12":"product-type-simple"},"_links":{"self":[{"href":"https:\/\/educaredigital.online\/loja\/wp-json\/wp\/v2\/product\/5996","targetHints":{"allow":["GET"]}}],"collection":[{"href":"https:\/\/educaredigital.online\/loja\/wp-json\/wp\/v2\/product"}],"about":[{"href":"https:\/\/educaredigital.online\/loja\/wp-json\/wp\/v2\/types\/product"}],"replies":[{"embeddable":true,"href":"https:\/\/educaredigital.online\/loja\/wp-json\/wp\/v2\/comments?post=5996"}],"wp:featuredmedia":[{"embeddable":true,"href":"https:\/\/educaredigital.online\/loja\/wp-json\/wp\/v2\/media\/5995"}],"wp:attachment":[{"href":"https:\/\/educaredigital.online\/loja\/wp-json\/wp\/v2\/media?parent=5996"}],"wp:term":[{"taxonomy":"product_brand","embeddable":true,"href":"https:\/\/educaredigital.online\/loja\/wp-json\/wp\/v2\/product_brand?post=5996"},{"taxonomy":"product_cat","embeddable":true,"href":"https:\/\/educaredigital.online\/loja\/wp-json\/wp\/v2\/product_cat?post=5996"},{"taxonomy":"product_tag","embeddable":true,"href":"https:\/\/educaredigital.online\/loja\/wp-json\/wp\/v2\/product_tag?post=5996"}],"curies":[{"name":"wp","href":"https:\/\/api.w.org\/{rel}","templated":true}]}}