{"id":5994,"date":"2026-04-01T12:24:00","date_gmt":"2026-04-01T12:24:00","guid":{"rendered":"https:\/\/educaredigital.online\/loja\/produto\/livro-recortado-tito-vai-a-fazenda\/"},"modified":"2026-04-01T14:34:15","modified_gmt":"2026-04-01T14:34:15","slug":"livro-recortado-tito-vai-a-fazenda","status":"publish","type":"product","link":"https:\/\/educaredigital.online\/loja\/produto\/livro-recortado-tito-vai-a-fazenda\/","title":{"rendered":"Livro Recortado &#8211; Tito Vai a Fazenda"},"content":{"rendered":"<div class=\"details-table-wrapper\">\n<p data-start=\"0\" data-end=\"243\"><strong><span class=\"hover:entity-accent entity-underline inline cursor-pointer align-baseline\"><span class=\"whitespace-normal\">Livro Recortado &#8211; Tito Vai \u00e0 Fazenda<\/span><\/span><\/strong> \u00e9 uma hist\u00f3ria divertida e envolvente que se destaca pelo seu formato diferenciado. Com p\u00e1ginas recortadas, o livro cria efeitos visuais que tornam a leitura mais din\u00e2mica e estimulante para as crian\u00e7as.<\/p>\n<p data-start=\"245\" data-end=\"507\" data-is-last-node=\"\" data-is-only-node=\"\">A narrativa acompanha Tito em uma aventura pela fazenda, apresentando animais e situa\u00e7\u00f5es do dia a dia de forma l\u00fadica. Com linguagem simples e ilustra\u00e7\u00f5es coloridas, \u00e9 uma excelente op\u00e7\u00e3o para despertar a imagina\u00e7\u00e3o e incentivar o gosto pela leitura desde cedo.<\/p>\n<table class=\"product-details-table\">\n<tbody>\n<tr>\n<td>Autor<\/td>\n<td>P\u00e9 da Letra<\/td>\n<\/tr>\n<tr>\n<td>ISBN<\/td>\n<td>9786558888871<\/td>\n<\/tr>\n<tr>\n<td>Editora<\/td>\n<td>P\u00e9 da Letra<\/td>\n<\/tr>\n<tr>\n<td>N\u00ba de p\u00e1ginas<\/td>\n<td>10<\/td>\n<\/tr>\n<\/tbody>\n<\/table>\n<\/div>\n","protected":false},"excerpt":{"rendered":"<p>Livro Recortado &#8211; Tito Vai \u00e0 Fazenda \u00e9 uma hist\u00f3ria divertida e envolvente que se destaca pelo seu formato diferenciado. Com p\u00e1ginas recortadas, o livro cria efeitos visuais que tornam a leitura mais din\u00e2mica e estimulante para as crian\u00e7as. A<\/p>\n","protected":false},"featured_media":5993,"comment_status":"open","ping_status":"closed","template":"","meta":[],"product_brand":[],"product_cat":[201],"product_tag":[],"class_list":{"0":"post-5994","1":"product","2":"type-product","3":"status-publish","6":"product_cat-livros-4-e-5-anos","8":"first","9":"instock","10":"shipping-taxable","11":"purchasable","12":"product-type-simple"},"_links":{"self":[{"href":"https:\/\/educaredigital.online\/loja\/wp-json\/wp\/v2\/product\/5994","targetHints":{"allow":["GET"]}}],"collection":[{"href":"https:\/\/educaredigital.online\/loja\/wp-json\/wp\/v2\/product"}],"about":[{"href":"https:\/\/educaredigital.online\/loja\/wp-json\/wp\/v2\/types\/product"}],"replies":[{"embeddable":true,"href":"https:\/\/educaredigital.online\/loja\/wp-json\/wp\/v2\/comments?post=5994"}],"wp:featuredmedia":[{"embeddable":true,"href":"https:\/\/educaredigital.online\/loja\/wp-json\/wp\/v2\/media\/5993"}],"wp:attachment":[{"href":"https:\/\/educaredigital.online\/loja\/wp-json\/wp\/v2\/media?parent=5994"}],"wp:term":[{"taxonomy":"product_brand","embeddable":true,"href":"https:\/\/educaredigital.online\/loja\/wp-json\/wp\/v2\/product_brand?post=5994"},{"taxonomy":"product_cat","embeddable":true,"href":"https:\/\/educaredigital.online\/loja\/wp-json\/wp\/v2\/product_cat?post=5994"},{"taxonomy":"product_tag","embeddable":true,"href":"https:\/\/educaredigital.online\/loja\/wp-json\/wp\/v2\/product_tag?post=5994"}],"curies":[{"name":"wp","href":"https:\/\/api.w.org\/{rel}","templated":true}]}}