{"id":5992,"date":"2026-04-01T12:23:59","date_gmt":"2026-04-01T12:23:59","guid":{"rendered":"https:\/\/educaredigital.online\/loja\/produto\/livro-recortado-taxi-da-lili\/"},"modified":"2026-04-01T14:34:03","modified_gmt":"2026-04-01T14:34:03","slug":"livro-recortado-taxi-da-lili","status":"publish","type":"product","link":"https:\/\/educaredigital.online\/loja\/produto\/livro-recortado-taxi-da-lili\/","title":{"rendered":"Livro Recortado &#8211; T\u00e1xi da Lili"},"content":{"rendered":"<div class=\"details-table-wrapper\">\n<div class=\"text-base my-auto mx-auto [--thread-content-margin:var(--thread-content-margin-xs,calc(var(--spacing)*4))] @w-sm\/main:[--thread-content-margin:var(--thread-content-margin-sm,calc(var(--spacing)*6))] @w-lg\/main:[--thread-content-margin:var(--thread-content-margin-lg,calc(var(--spacing)*16))] px-(--thread-content-margin)\">\n<div class=\"[--thread-content-max-width:40rem] @w-lg\/main:[--thread-content-max-width:48rem] mx-auto max-w-(--thread-content-max-width) flex-1 group\/turn-messages focus-visible:outline-hidden relative flex w-full min-w-0 flex-col agent-turn\">\n<div class=\"flex max-w-full flex-col gap-4 grow\">\n<div class=\"min-h-8 text-message relative flex w-full flex-col items-end gap-2 text-start break-words whitespace-normal outline-none keyboard-focused:focus-ring [.text-message+&amp;]:mt-1\" dir=\"auto\" data-message-author-role=\"assistant\" data-message-id=\"0210a018-f080-4700-acb6-5ff49d2bf3c4\" data-message-model-slug=\"gpt-5-3\">\n<div class=\"flex w-full flex-col gap-1 empty:hidden\">\n<div class=\"markdown prose dark:prose-invert w-full wrap-break-word dark markdown-new-styling\">\n<p data-start=\"0\" data-end=\"242\"><strong><span class=\"hover:entity-accent entity-underline inline cursor-pointer align-baseline\"><span class=\"whitespace-normal\">Livro Recortado &#8211; T\u00e1xi da Lili<\/span><\/span><\/strong> \u00e9 uma op\u00e7\u00e3o criativa e divertida que encanta as crian\u00e7as com seu formato diferenciado. Com p\u00e1ginas recortadas, o livro cria efeitos visuais interessantes que tornam a leitura mais din\u00e2mica e envolvente.<\/p>\n<p data-start=\"244\" data-end=\"530\" data-is-last-node=\"\" data-is-only-node=\"\">A hist\u00f3ria acompanha as aventuras da Lili com seu t\u00e1xi, despertando a imagina\u00e7\u00e3o e o interesse pelo universo dos ve\u00edculos. Com linguagem simples e ilustra\u00e7\u00f5es coloridas, \u00e9 ideal para os pequenos, sendo uma excelente forma de incentivar o h\u00e1bito da leitura de maneira l\u00fadica e divertida.<\/p>\n<\/div>\n<\/div>\n<\/div>\n<\/div>\n<\/div>\n<\/div>\n<table class=\"product-details-table\">\n<tbody>\n<tr>\n<td>Autor<\/td>\n<td>P\u00e9 da Letra<\/td>\n<\/tr>\n<tr>\n<td>ISBN<\/td>\n<td>9786558888864<\/td>\n<\/tr>\n<tr>\n<td>Editora<\/td>\n<td>P\u00e9 da Letra<\/td>\n<\/tr>\n<tr>\n<td>N\u00ba de p\u00e1ginas<\/td>\n<td>10<\/td>\n<\/tr>\n<\/tbody>\n<\/table>\n<\/div>\n","protected":false},"excerpt":{"rendered":"<p>Livro Recortado &#8211; T\u00e1xi da Lili \u00e9 uma op\u00e7\u00e3o criativa e divertida que encanta as crian\u00e7as com seu formato diferenciado. Com p\u00e1ginas recortadas, o livro cria efeitos visuais interessantes que tornam a leitura mais din\u00e2mica e envolvente. A hist\u00f3ria acompanha<\/p>\n","protected":false},"featured_media":5991,"comment_status":"open","ping_status":"closed","template":"","meta":[],"product_brand":[],"product_cat":[201],"product_tag":[],"class_list":{"0":"post-5992","1":"product","2":"type-product","3":"status-publish","6":"product_cat-livros-4-e-5-anos","8":"first","9":"instock","10":"shipping-taxable","11":"purchasable","12":"product-type-simple"},"_links":{"self":[{"href":"https:\/\/educaredigital.online\/loja\/wp-json\/wp\/v2\/product\/5992","targetHints":{"allow":["GET"]}}],"collection":[{"href":"https:\/\/educaredigital.online\/loja\/wp-json\/wp\/v2\/product"}],"about":[{"href":"https:\/\/educaredigital.online\/loja\/wp-json\/wp\/v2\/types\/product"}],"replies":[{"embeddable":true,"href":"https:\/\/educaredigital.online\/loja\/wp-json\/wp\/v2\/comments?post=5992"}],"wp:featuredmedia":[{"embeddable":true,"href":"https:\/\/educaredigital.online\/loja\/wp-json\/wp\/v2\/media\/5991"}],"wp:attachment":[{"href":"https:\/\/educaredigital.online\/loja\/wp-json\/wp\/v2\/media?parent=5992"}],"wp:term":[{"taxonomy":"product_brand","embeddable":true,"href":"https:\/\/educaredigital.online\/loja\/wp-json\/wp\/v2\/product_brand?post=5992"},{"taxonomy":"product_cat","embeddable":true,"href":"https:\/\/educaredigital.online\/loja\/wp-json\/wp\/v2\/product_cat?post=5992"},{"taxonomy":"product_tag","embeddable":true,"href":"https:\/\/educaredigital.online\/loja\/wp-json\/wp\/v2\/product_tag?post=5992"}],"curies":[{"name":"wp","href":"https:\/\/api.w.org\/{rel}","templated":true}]}}