{"id":5970,"date":"2026-04-01T12:23:27","date_gmt":"2026-04-01T12:23:27","guid":{"rendered":"https:\/\/educaredigital.online\/loja\/produto\/livro-de-tecido-fazenda-divertida\/"},"modified":"2026-04-01T14:08:49","modified_gmt":"2026-04-01T14:08:49","slug":"livro-de-tecido-fazenda-divertida","status":"publish","type":"product","link":"https:\/\/educaredigital.online\/loja\/produto\/livro-de-tecido-fazenda-divertida\/","title":{"rendered":"Livro de Tecido &#8211; Fazenda Divertida"},"content":{"rendered":"<p data-start=\"0\" data-end=\"232\"><strong><span class=\"hover:entity-accent entity-underline inline cursor-pointer align-baseline\"><span class=\"whitespace-normal\">Livro de Tecido &#8211; Fazenda Divertida<\/span><\/span> <\/strong>\u00e9 perfeito para os primeiros contatos dos beb\u00eas com o universo da leitura. Feito em tecido macio e seguro, \u00e9 ideal para o manuseio pelos pequenos, podendo ser explorado com as m\u00e3os sem riscos.<\/p>\n<p data-start=\"234\" data-end=\"488\" data-is-last-node=\"\" data-is-only-node=\"\">Com cores vibrantes, texturas diferentes e tem\u00e1tica da fazenda, o livro estimula os sentidos, a coordena\u00e7\u00e3o motora e a curiosidade desde cedo. Leve e resistente, \u00e9 uma excelente op\u00e7\u00e3o para proporcionar aprendizado e divers\u00e3o de forma segura e interativa.<\/p>\n<div class=\"details-table-wrapper\">\n<table class=\"product-details-table\">\n<tbody>\n<tr>\n<td>Autor<\/td>\n<td>P\u00e9 da Letra<\/td>\n<\/tr>\n<tr>\n<td>ISBN<\/td>\n<td>9786558889298<\/td>\n<\/tr>\n<tr>\n<td>Editora<\/td>\n<td>P\u00e9 da Letra<\/td>\n<\/tr>\n<tr>\n<td>N\u00ba de p\u00e1ginas<\/td>\n<td>6<\/td>\n<\/tr>\n<\/tbody>\n<\/table>\n<\/div>\n","protected":false},"excerpt":{"rendered":"<p>Livro de Tecido &#8211; Fazenda Divertida \u00e9 perfeito para os primeiros contatos dos beb\u00eas com o universo da leitura. Feito em tecido macio e seguro, \u00e9 ideal para o manuseio pelos pequenos, podendo ser explorado com as m\u00e3os sem riscos.<\/p>\n","protected":false},"featured_media":5969,"comment_status":"open","ping_status":"closed","template":"","meta":[],"product_brand":[],"product_cat":[200],"product_tag":[],"class_list":{"0":"post-5970","1":"product","2":"type-product","3":"status-publish","6":"product_cat-0-a-3-anos","8":"first","9":"instock","10":"shipping-taxable","11":"purchasable","12":"product-type-simple"},"_links":{"self":[{"href":"https:\/\/educaredigital.online\/loja\/wp-json\/wp\/v2\/product\/5970","targetHints":{"allow":["GET"]}}],"collection":[{"href":"https:\/\/educaredigital.online\/loja\/wp-json\/wp\/v2\/product"}],"about":[{"href":"https:\/\/educaredigital.online\/loja\/wp-json\/wp\/v2\/types\/product"}],"replies":[{"embeddable":true,"href":"https:\/\/educaredigital.online\/loja\/wp-json\/wp\/v2\/comments?post=5970"}],"wp:featuredmedia":[{"embeddable":true,"href":"https:\/\/educaredigital.online\/loja\/wp-json\/wp\/v2\/media\/5969"}],"wp:attachment":[{"href":"https:\/\/educaredigital.online\/loja\/wp-json\/wp\/v2\/media?parent=5970"}],"wp:term":[{"taxonomy":"product_brand","embeddable":true,"href":"https:\/\/educaredigital.online\/loja\/wp-json\/wp\/v2\/product_brand?post=5970"},{"taxonomy":"product_cat","embeddable":true,"href":"https:\/\/educaredigital.online\/loja\/wp-json\/wp\/v2\/product_cat?post=5970"},{"taxonomy":"product_tag","embeddable":true,"href":"https:\/\/educaredigital.online\/loja\/wp-json\/wp\/v2\/product_tag?post=5970"}],"curies":[{"name":"wp","href":"https:\/\/api.w.org\/{rel}","templated":true}]}}