{"id":5968,"date":"2026-04-01T12:23:24","date_gmt":"2026-04-01T12:23:24","guid":{"rendered":"https:\/\/educaredigital.online\/loja\/produto\/livro-de-quebra-cabeca-davi-e-golias\/"},"modified":"2026-04-01T14:06:41","modified_gmt":"2026-04-01T14:06:41","slug":"livro-de-quebra-cabeca-davi-e-golias","status":"publish","type":"product","link":"https:\/\/educaredigital.online\/loja\/produto\/livro-de-quebra-cabeca-davi-e-golias\/","title":{"rendered":"Livro de Quebra-Cabe\u00e7a &#8211; Davi e Golias"},"content":{"rendered":"<p data-start=\"0\" data-end=\"295\"><strong><span class=\"hover:entity-accent entity-underline inline cursor-pointer align-baseline\"><span class=\"whitespace-normal\">Livro de Quebra-Cabe\u00e7a &#8211; Davi e Golias<\/span><\/span> <\/strong>\u00e9 uma forma divertida e educativa de apresentar uma das hist\u00f3rias mais conhecidas da B\u00edblia. A obra traz a narrativa de Davi e Golias de maneira simples e envolvente, enquanto integra atividades de quebra-cabe\u00e7a que tornam a leitura ainda mais interativa.<\/p>\n<p data-start=\"297\" data-end=\"536\" data-is-last-node=\"\" data-is-only-node=\"\">Com ilustra\u00e7\u00f5es coloridas e pe\u00e7as para montar, o livro estimula a coordena\u00e7\u00e3o motora, o racioc\u00ednio l\u00f3gico e a concentra\u00e7\u00e3o. Ideal para crian\u00e7as, \u00e9 uma excelente op\u00e7\u00e3o para aprender valores como coragem e f\u00e9 de forma l\u00fadica e participativa.<\/p>\n<div class=\"details-table-wrapper\">\n<table class=\"product-details-table\">\n<tbody>\n<tr>\n<td>Autor<\/td>\n<td>P\u00e9 da Letra<\/td>\n<\/tr>\n<tr>\n<td>ISBN<\/td>\n<td>9786558881087<\/td>\n<\/tr>\n<tr>\n<td>Editora<\/td>\n<td>P\u00e9 da Letra<\/td>\n<\/tr>\n<tr>\n<td>N\u00ba de p\u00e1ginas<\/td>\n<td>6<\/td>\n<\/tr>\n<\/tbody>\n<\/table>\n<\/div>\n","protected":false},"excerpt":{"rendered":"<p>Livro de Quebra-Cabe\u00e7a &#8211; Davi e Golias \u00e9 uma forma divertida e educativa de apresentar uma das hist\u00f3rias mais conhecidas da B\u00edblia. A obra traz a narrativa de Davi e Golias de maneira simples e envolvente, enquanto integra atividades de<\/p>\n","protected":false},"featured_media":5967,"comment_status":"open","ping_status":"closed","template":"","meta":[],"product_brand":[],"product_cat":[201],"product_tag":[],"class_list":{"0":"post-5968","1":"product","2":"type-product","3":"status-publish","6":"product_cat-livros-4-e-5-anos","8":"first","9":"instock","10":"shipping-taxable","11":"purchasable","12":"product-type-simple"},"_links":{"self":[{"href":"https:\/\/educaredigital.online\/loja\/wp-json\/wp\/v2\/product\/5968","targetHints":{"allow":["GET"]}}],"collection":[{"href":"https:\/\/educaredigital.online\/loja\/wp-json\/wp\/v2\/product"}],"about":[{"href":"https:\/\/educaredigital.online\/loja\/wp-json\/wp\/v2\/types\/product"}],"replies":[{"embeddable":true,"href":"https:\/\/educaredigital.online\/loja\/wp-json\/wp\/v2\/comments?post=5968"}],"wp:featuredmedia":[{"embeddable":true,"href":"https:\/\/educaredigital.online\/loja\/wp-json\/wp\/v2\/media\/5967"}],"wp:attachment":[{"href":"https:\/\/educaredigital.online\/loja\/wp-json\/wp\/v2\/media?parent=5968"}],"wp:term":[{"taxonomy":"product_brand","embeddable":true,"href":"https:\/\/educaredigital.online\/loja\/wp-json\/wp\/v2\/product_brand?post=5968"},{"taxonomy":"product_cat","embeddable":true,"href":"https:\/\/educaredigital.online\/loja\/wp-json\/wp\/v2\/product_cat?post=5968"},{"taxonomy":"product_tag","embeddable":true,"href":"https:\/\/educaredigital.online\/loja\/wp-json\/wp\/v2\/product_tag?post=5968"}],"curies":[{"name":"wp","href":"https:\/\/api.w.org\/{rel}","templated":true}]}}